{"id":58754,"date":"2020-07-08T14:27:34","date_gmt":"2020-07-08T11:27:34","guid":{"rendered":"https:\/\/kustavi.fi\/municipality-and-administration\/decision-making\/boards-and-influencing-bodies\/cottage-board\/"},"modified":"2022-01-07T21:36:22","modified_gmt":"2022-01-07T19:36:22","slug":"cottage-board","status":"publish","type":"page","link":"https:\/\/kustavi.fi\/en\/municipality-and-administration\/decision-making\/boards-and-influencing-bodies\/cottage-board\/","title":{"rendered":"Cottage committee"},"content":{"rendered":"<h2>Cottage committee<\/h2>\n<p>The cottage committee meets twice a year. We want to have an open discussion about how the residents of the cottages think the municipality should be developed, how the services work in the municipality and whether the summer residents have an interest in participating in the development of the municipality.<\/p>\n<p>The task of the committee is to increase the flow of information and co-operation between the residents of the cottages, the residents of the municipality and the municipal trustees \/ officials. In addition, the task of the cottage committee is to highlight the initiatives of cottage residents for the development of the municipality.<\/p>\n<p>Let&#8217;s make Kustavi an even better place to live and spend your free time.<\/p>\n<h3>Representatives of the cottage residents 1.8.2021 &#8211; 31.5.2025<\/h3>\n<p>Ari Kalske, chairman<br \/>\nSari Saviranta, alternate<\/p>\n<p>Arto Suominen<br \/>\nSeppo Aaltonen, alternate<\/p>\n<p>Raimo Kumpula<br \/>\nJorma Hede, alternate<\/p>\n<p>Rauli Ottila<br \/>\nErja Salminen, alternate<\/p>\n<p>Kimmo Mattila<br \/>\nAntti Tunturi, alternate<\/p>\n<h3>Representatives of the municipality 1.8.2021 &#8211; 31.5.2023<\/h3>\n<p>Jukka Lehtinen<br \/>\nJarmo M\u00e4ntynen, alternate<\/p>\n<p>Antti \u00c4\u00e4ritalo<br \/>\nSami Latokartano, alternate<\/p>\n<p>Veijo Katara<br \/>\nMarkus Malmelin, alternate<\/p>\n<p>Jussi Lehto<br \/>\nJari Nerjanto, alternate<\/p>\n<p>Merja Erkkil\u00e4 (Secretary)<br \/>\nNina Lepist\u00f6, alternate<\/p>\n","protected":false},"excerpt":{"rendered":"Cottage committee The cottage committee meets twice a year. We want to have an open discussion about how the residents of the cottages think the municipality should be developed, how the services work in the municipality and whether the summer residents have an interest in participating in the development of the municipality. The task of the committee is to increase the flow of information and co-operation between the residents of the cottages, the residents of the municipality and the municipal trustees \/ officials. In addition, the task of the cottage committee is to highlight the initiatives of cottage residents for the development of the municipality. Let&#8217;s make Kustavi an even better place to live and spend your free time. Representatives of the cottage residents 1.8.2021 &#8211; 31.5.2025 Ari Kalske, chairman Sari Saviranta, alternate Arto Suominen Seppo Aaltonen, alternate Raimo Kumpula Jorma Hede, alternate Rauli Ottila Erja Salminen, alternate Kimmo Mattila Antti Tunturi, alternate Representatives of the municipality 1.8.2021 &#8211; 31.5.2023 Jukka Lehtinen Jarmo M\u00e4ntynen, alternate Antti \u00c4\u00e4ritalo Sami Latokartano, alternate Veijo Katara Markus Malmelin, alternate Jussi Lehto Jari Nerjanto, alternate Merja Erkkil\u00e4 (Secretary) Nina Lepist\u00f6, alternate","protected":false},"author":2,"featured_media":0,"parent":58748,"menu_order":5,"comment_status":"closed","ping_status":"closed","template":"","meta":{"_acf_changed":false,"protect_children":false,"footnotes":""},"tags":[577],"class_list":["post-58754","page","type-page","status-publish","hentry","tag-cottage-board"],"acf":[],"yoast_head":"<!-- This site is optimized with the Yoast SEO plugin v27.4 - https:\/\/yoast.com\/product\/yoast-seo-wordpress\/ -->\n<title>Cottage Board - Municipality of Kustavi<\/title>\n<meta name=\"description\" content=\"The cottage board meets twice a year. We want to have an open discussion about how the municipality should be developed.\" \/>\n<meta name=\"robots\" content=\"index, follow, max-snippet:-1, max-image-preview:large, max-video-preview:-1\" \/>\n<link rel=\"canonical\" href=\"https:\/\/kustavi.fi\/en\/municipality-and-administration\/decision-making\/boards-and-influencing-bodies\/cottage-board\/\" \/>\n<meta property=\"og:locale\" content=\"en_US\" \/>\n<meta property=\"og:type\" content=\"article\" \/>\n<meta property=\"og:title\" content=\"Cottage Board - Municipality of Kustavi\" \/>\n<meta property=\"og:description\" content=\"The cottage board meets twice a year. We want to have an open discussion about how the municipality should be developed.\" \/>\n<meta property=\"og:url\" content=\"https:\/\/kustavi.fi\/en\/municipality-and-administration\/decision-making\/boards-and-influencing-bodies\/cottage-board\/\" \/>\n<meta property=\"og:site_name\" content=\"Kustavin kunta\" \/>\n<meta property=\"article:publisher\" content=\"https:\/\/www.facebook.com\/kustavi\/\" \/>\n<meta property=\"article:modified_time\" content=\"2022-01-07T19:36:22+00:00\" \/>\n<meta property=\"og:image\" content=\"https:\/\/kustavi.fi\/wp-content\/uploads\/2024\/01\/facebook-linkki.jpg\" \/>\n\t<meta property=\"og:image:width\" content=\"1200\" \/>\n\t<meta property=\"og:image:height\" content=\"630\" \/>\n\t<meta property=\"og:image:type\" content=\"image\/jpeg\" \/>\n<meta name=\"twitter:card\" content=\"summary_large_image\" \/>\n<meta name=\"twitter:label1\" content=\"Est. reading time\" \/>\n\t<meta name=\"twitter:data1\" content=\"1 minute\" \/>\n<script type=\"application\/ld+json\" class=\"yoast-schema-graph\">{\"@context\":\"https:\\\/\\\/schema.org\",\"@graph\":[{\"@type\":\"WebPage\",\"@id\":\"https:\\\/\\\/kustavi.fi\\\/en\\\/municipality-and-administration\\\/decision-making\\\/boards-and-influencing-bodies\\\/cottage-board\\\/\",\"url\":\"https:\\\/\\\/kustavi.fi\\\/en\\\/municipality-and-administration\\\/decision-making\\\/boards-and-influencing-bodies\\\/cottage-board\\\/\",\"name\":\"Cottage Board - Municipality of Kustavi\",\"isPartOf\":{\"@id\":\"https:\\\/\\\/kustavi.fi\\\/en\\\/#website\"},\"datePublished\":\"2020-07-08T11:27:34+00:00\",\"dateModified\":\"2022-01-07T19:36:22+00:00\",\"description\":\"The cottage board meets twice a year. We want to have an open discussion about how the municipality should be developed.\",\"breadcrumb\":{\"@id\":\"https:\\\/\\\/kustavi.fi\\\/en\\\/municipality-and-administration\\\/decision-making\\\/boards-and-influencing-bodies\\\/cottage-board\\\/#breadcrumb\"},\"inLanguage\":\"en-US\",\"potentialAction\":[{\"@type\":\"ReadAction\",\"target\":[\"https:\\\/\\\/kustavi.fi\\\/en\\\/municipality-and-administration\\\/decision-making\\\/boards-and-influencing-bodies\\\/cottage-board\\\/\"]}]},{\"@type\":\"BreadcrumbList\",\"@id\":\"https:\\\/\\\/kustavi.fi\\\/en\\\/municipality-and-administration\\\/decision-making\\\/boards-and-influencing-bodies\\\/cottage-board\\\/#breadcrumb\",\"itemListElement\":[{\"@type\":\"ListItem\",\"position\":1,\"name\":\"Home\",\"item\":\"https:\\\/\\\/kustavi.fi\\\/en\\\/\"},{\"@type\":\"ListItem\",\"position\":2,\"name\":\"Municipality and administration\",\"item\":\"https:\\\/\\\/kustavi.fi\\\/en\\\/kunta-ja-hallinto\\\/\"},{\"@type\":\"ListItem\",\"position\":3,\"name\":\"Decision making\",\"item\":\"https:\\\/\\\/kustavi.fi\\\/en\\\/kunta-ja-hallinto\\\/paatoksenteko\\\/\"},{\"@type\":\"ListItem\",\"position\":4,\"name\":\"Boards and influencing bodies\",\"item\":\"https:\\\/\\\/kustavi.fi\\\/en\\\/kunta-ja-hallinto\\\/paatoksenteko\\\/lautakunnat-ja-jaostot\\\/\"},{\"@type\":\"ListItem\",\"position\":5,\"name\":\"Cottage committee\"}]},{\"@type\":\"WebSite\",\"@id\":\"https:\\\/\\\/kustavi.fi\\\/en\\\/#website\",\"url\":\"https:\\\/\\\/kustavi.fi\\\/en\\\/\",\"name\":\"Kustavin kunta\",\"description\":\"Saariston kuningaskunta\",\"publisher\":{\"@id\":\"https:\\\/\\\/kustavi.fi\\\/en\\\/#organization\"},\"potentialAction\":[{\"@type\":\"SearchAction\",\"target\":{\"@type\":\"EntryPoint\",\"urlTemplate\":\"https:\\\/\\\/kustavi.fi\\\/en\\\/?s={search_term_string}\"},\"query-input\":{\"@type\":\"PropertyValueSpecification\",\"valueRequired\":true,\"valueName\":\"search_term_string\"}}],\"inLanguage\":\"en-US\"},{\"@type\":\"Organization\",\"@id\":\"https:\\\/\\\/kustavi.fi\\\/en\\\/#organization\",\"name\":\"Kustavin kunta\",\"url\":\"https:\\\/\\\/kustavi.fi\\\/en\\\/\",\"logo\":{\"@type\":\"ImageObject\",\"inLanguage\":\"en-US\",\"@id\":\"https:\\\/\\\/kustavi.fi\\\/en\\\/#\\\/schema\\\/logo\\\/image\\\/\",\"url\":\"https:\\\/\\\/kustavi.fi\\\/wp-content\\\/uploads\\\/2020\\\/06\\\/logo.png\",\"contentUrl\":\"https:\\\/\\\/kustavi.fi\\\/wp-content\\\/uploads\\\/2020\\\/06\\\/logo.png\",\"width\":400,\"height\":194,\"caption\":\"Kustavin kunta\"},\"image\":{\"@id\":\"https:\\\/\\\/kustavi.fi\\\/en\\\/#\\\/schema\\\/logo\\\/image\\\/\"},\"sameAs\":[\"https:\\\/\\\/www.facebook.com\\\/kustavi\\\/\",\"https:\\\/\\\/www.instagram.com\\\/kustavinkunta\\\/\",\"https:\\\/\\\/www.youtube.com\\\/channel\\\/UCt3g5LfuUo-6lJjqyZWSFKw\"]}]}<\/script>\n<!-- \/ Yoast SEO plugin. -->","yoast_head_json":{"title":"Cottage Board - Municipality of Kustavi","description":"The cottage board meets twice a year. We want to have an open discussion about how the municipality should be developed.","robots":{"index":"index","follow":"follow","max-snippet":"max-snippet:-1","max-image-preview":"max-image-preview:large","max-video-preview":"max-video-preview:-1"},"canonical":"https:\/\/kustavi.fi\/en\/municipality-and-administration\/decision-making\/boards-and-influencing-bodies\/cottage-board\/","og_locale":"en_US","og_type":"article","og_title":"Cottage Board - Municipality of Kustavi","og_description":"The cottage board meets twice a year. We want to have an open discussion about how the municipality should be developed.","og_url":"https:\/\/kustavi.fi\/en\/municipality-and-administration\/decision-making\/boards-and-influencing-bodies\/cottage-board\/","og_site_name":"Kustavin kunta","article_publisher":"https:\/\/www.facebook.com\/kustavi\/","article_modified_time":"2022-01-07T19:36:22+00:00","og_image":[{"width":1200,"height":630,"url":"https:\/\/kustavi.fi\/wp-content\/uploads\/2024\/01\/facebook-linkki.jpg","type":"image\/jpeg"}],"twitter_card":"summary_large_image","twitter_misc":{"Est. reading time":"1 minute"},"schema":{"@context":"https:\/\/schema.org","@graph":[{"@type":"WebPage","@id":"https:\/\/kustavi.fi\/en\/municipality-and-administration\/decision-making\/boards-and-influencing-bodies\/cottage-board\/","url":"https:\/\/kustavi.fi\/en\/municipality-and-administration\/decision-making\/boards-and-influencing-bodies\/cottage-board\/","name":"Cottage Board - Municipality of Kustavi","isPartOf":{"@id":"https:\/\/kustavi.fi\/en\/#website"},"datePublished":"2020-07-08T11:27:34+00:00","dateModified":"2022-01-07T19:36:22+00:00","description":"The cottage board meets twice a year. We want to have an open discussion about how the municipality should be developed.","breadcrumb":{"@id":"https:\/\/kustavi.fi\/en\/municipality-and-administration\/decision-making\/boards-and-influencing-bodies\/cottage-board\/#breadcrumb"},"inLanguage":"en-US","potentialAction":[{"@type":"ReadAction","target":["https:\/\/kustavi.fi\/en\/municipality-and-administration\/decision-making\/boards-and-influencing-bodies\/cottage-board\/"]}]},{"@type":"BreadcrumbList","@id":"https:\/\/kustavi.fi\/en\/municipality-and-administration\/decision-making\/boards-and-influencing-bodies\/cottage-board\/#breadcrumb","itemListElement":[{"@type":"ListItem","position":1,"name":"Home","item":"https:\/\/kustavi.fi\/en\/"},{"@type":"ListItem","position":2,"name":"Municipality and administration","item":"https:\/\/kustavi.fi\/en\/kunta-ja-hallinto\/"},{"@type":"ListItem","position":3,"name":"Decision making","item":"https:\/\/kustavi.fi\/en\/kunta-ja-hallinto\/paatoksenteko\/"},{"@type":"ListItem","position":4,"name":"Boards and influencing bodies","item":"https:\/\/kustavi.fi\/en\/kunta-ja-hallinto\/paatoksenteko\/lautakunnat-ja-jaostot\/"},{"@type":"ListItem","position":5,"name":"Cottage committee"}]},{"@type":"WebSite","@id":"https:\/\/kustavi.fi\/en\/#website","url":"https:\/\/kustavi.fi\/en\/","name":"Kustavin kunta","description":"Saariston kuningaskunta","publisher":{"@id":"https:\/\/kustavi.fi\/en\/#organization"},"potentialAction":[{"@type":"SearchAction","target":{"@type":"EntryPoint","urlTemplate":"https:\/\/kustavi.fi\/en\/?s={search_term_string}"},"query-input":{"@type":"PropertyValueSpecification","valueRequired":true,"valueName":"search_term_string"}}],"inLanguage":"en-US"},{"@type":"Organization","@id":"https:\/\/kustavi.fi\/en\/#organization","name":"Kustavin kunta","url":"https:\/\/kustavi.fi\/en\/","logo":{"@type":"ImageObject","inLanguage":"en-US","@id":"https:\/\/kustavi.fi\/en\/#\/schema\/logo\/image\/","url":"https:\/\/kustavi.fi\/wp-content\/uploads\/2020\/06\/logo.png","contentUrl":"https:\/\/kustavi.fi\/wp-content\/uploads\/2020\/06\/logo.png","width":400,"height":194,"caption":"Kustavin kunta"},"image":{"@id":"https:\/\/kustavi.fi\/en\/#\/schema\/logo\/image\/"},"sameAs":["https:\/\/www.facebook.com\/kustavi\/","https:\/\/www.instagram.com\/kustavinkunta\/","https:\/\/www.youtube.com\/channel\/UCt3g5LfuUo-6lJjqyZWSFKw"]}]}},"_links":{"self":[{"href":"https:\/\/kustavi.fi\/en\/wp-json\/wp\/v2\/pages\/58754","targetHints":{"allow":["GET"]}}],"collection":[{"href":"https:\/\/kustavi.fi\/en\/wp-json\/wp\/v2\/pages"}],"about":[{"href":"https:\/\/kustavi.fi\/en\/wp-json\/wp\/v2\/types\/page"}],"author":[{"embeddable":true,"href":"https:\/\/kustavi.fi\/en\/wp-json\/wp\/v2\/users\/2"}],"replies":[{"embeddable":true,"href":"https:\/\/kustavi.fi\/en\/wp-json\/wp\/v2\/comments?post=58754"}],"version-history":[{"count":1,"href":"https:\/\/kustavi.fi\/en\/wp-json\/wp\/v2\/pages\/58754\/revisions"}],"predecessor-version":[{"id":58759,"href":"https:\/\/kustavi.fi\/en\/wp-json\/wp\/v2\/pages\/58754\/revisions\/58759"}],"up":[{"embeddable":true,"href":"https:\/\/kustavi.fi\/en\/wp-json\/wp\/v2\/pages\/58748"}],"wp:attachment":[{"href":"https:\/\/kustavi.fi\/en\/wp-json\/wp\/v2\/media?parent=58754"}],"wp:term":[{"taxonomy":"post_tag","embeddable":true,"href":"https:\/\/kustavi.fi\/en\/wp-json\/wp\/v2\/tags?post=58754"}],"curies":[{"name":"wp","href":"https:\/\/api.w.org\/{rel}","templated":true}]}}