{"id":58751,"date":"2020-07-03T12:08:01","date_gmt":"2020-07-03T09:08:01","guid":{"rendered":"https:\/\/kustavi.fi\/municipality-and-administration\/decision-making\/boards-and-influencing-bodies\/social-welfare-board\/"},"modified":"2020-07-03T12:08:01","modified_gmt":"2020-07-03T09:08:01","slug":"social-welfare-board","status":"publish","type":"page","link":"https:\/\/kustavi.fi\/en\/municipality-and-administration\/decision-making\/boards-and-influencing-bodies\/social-welfare-board\/","title":{"rendered":"Social Welfare Board"},"content":{"rendered":"<h2>Social Welfare Board<\/h2>\n<p>The Social Welfare Board promotes and maintains the well-being of local residents by providing adequate and properly targeted social and health services. The Board&#8217;s responsibilities include day care and pre-school education for children, other services for children and families, institutional services for the elderly, disability care, services for the elderly, food services, substance abuse and mental health work, environmental health care, primary health care, specialist care and other social and health services.<\/p>\n<h3>Social Welfare Board 1.8.2021-31.5.2025<\/h3>\n<p>Mirja J\u00e4rvel\u00e4, chairman<br \/>\nIrja Skyt\u00e9n-Suominen, alternate<\/p>\n<p>Jarmo M\u00e4ntynen, vice-chairman<br \/>\nArto Kotij\u00e4rvi, alternate<\/p>\n<p>Jukka Ekuri, Member<br \/>\nErik Villanen, alternate<\/p>\n<p>Tarja Nieminen, member<br \/>\nSusanna Koskinen, alternate<\/p>\n<p>Sirpa Koskinen, member<br \/>\nKai Nieminen, alternate<\/p>\n<p>Mari V\u00e4is\u00e4nen, representative of the municipal government<br \/>\nKai Nieminen, alternate representative<\/p>\n<p>The e-mails of the trustees are in the format firstname.lastname@kustavi.fi <\/p>\n<p>&nbsp;<\/p>\n","protected":false},"excerpt":{"rendered":"Social Welfare Board The Social Welfare Board promotes and maintains the well-being of local residents by providing adequate and properly targeted social and health services. The Board&#8217;s responsibilities include day care and pre-school education for children, other services for children and families, institutional services for the elderly, disability care, services for the elderly, food services, substance abuse and mental health work, environmental health care, primary health care, specialist care and other social and health services. Social Welfare Board 1.8.2021-31.5.2025 Mirja J\u00e4rvel\u00e4, chairman Irja Skyt\u00e9n-Suominen, alternate Jarmo M\u00e4ntynen, vice-chairman Arto Kotij\u00e4rvi, alternate Jukka Ekuri, Member Erik Villanen, alternate Tarja Nieminen, member Susanna Koskinen, alternate Sirpa Koskinen, member Kai Nieminen, alternate Mari V\u00e4is\u00e4nen, representative of the municipal government Kai Nieminen, alternate representative The e-mails of the trustees are in the format firstname.lastname@kustavi.fi &nbsp;","protected":false},"author":2,"featured_media":0,"parent":58748,"menu_order":0,"comment_status":"closed","ping_status":"closed","template":"","meta":{"_acf_changed":false,"protect_children":false,"footnotes":""},"tags":[],"class_list":["post-58751","page","type-page","status-publish","hentry"],"acf":[],"yoast_head":"<!-- This site is optimized with the Yoast SEO plugin v27.4 - https:\/\/yoast.com\/product\/yoast-seo-wordpress\/ -->\n<title>Social Welfare Board - Municipality of Kustavi<\/title>\n<meta name=\"description\" content=\"The Social Welfare Board promotes and maintains the well-being of local residents by providing well-targeted social and health services.\" \/>\n<meta name=\"robots\" content=\"index, follow, max-snippet:-1, max-image-preview:large, max-video-preview:-1\" \/>\n<link rel=\"canonical\" href=\"https:\/\/kustavi.fi\/en\/municipality-and-administration\/decision-making\/boards-and-influencing-bodies\/social-welfare-board\/\" \/>\n<meta property=\"og:locale\" content=\"en_US\" \/>\n<meta property=\"og:type\" content=\"article\" \/>\n<meta property=\"og:title\" content=\"Social Welfare Board - Municipality of Kustavi\" \/>\n<meta property=\"og:description\" content=\"The Social Welfare Board promotes and maintains the well-being of local residents by providing well-targeted social and health services.\" \/>\n<meta property=\"og:url\" content=\"https:\/\/kustavi.fi\/en\/municipality-and-administration\/decision-making\/boards-and-influencing-bodies\/social-welfare-board\/\" \/>\n<meta property=\"og:site_name\" content=\"Kustavin kunta\" \/>\n<meta property=\"article:publisher\" content=\"https:\/\/www.facebook.com\/kustavi\/\" \/>\n<meta property=\"og:image\" content=\"https:\/\/kustavi.fi\/wp-content\/uploads\/2024\/01\/facebook-linkki.jpg\" \/>\n\t<meta property=\"og:image:width\" content=\"1200\" \/>\n\t<meta property=\"og:image:height\" content=\"630\" \/>\n\t<meta property=\"og:image:type\" content=\"image\/jpeg\" \/>\n<meta name=\"twitter:card\" content=\"summary_large_image\" \/>\n<meta name=\"twitter:label1\" content=\"Est. reading time\" \/>\n\t<meta name=\"twitter:data1\" content=\"1 minute\" \/>\n<script type=\"application\/ld+json\" class=\"yoast-schema-graph\">{\"@context\":\"https:\\\/\\\/schema.org\",\"@graph\":[{\"@type\":\"WebPage\",\"@id\":\"https:\\\/\\\/kustavi.fi\\\/en\\\/municipality-and-administration\\\/decision-making\\\/boards-and-influencing-bodies\\\/social-welfare-board\\\/\",\"url\":\"https:\\\/\\\/kustavi.fi\\\/en\\\/municipality-and-administration\\\/decision-making\\\/boards-and-influencing-bodies\\\/social-welfare-board\\\/\",\"name\":\"Social Welfare Board - Municipality of Kustavi\",\"isPartOf\":{\"@id\":\"https:\\\/\\\/kustavi.fi\\\/en\\\/#website\"},\"datePublished\":\"2020-07-03T09:08:01+00:00\",\"description\":\"The Social Welfare Board promotes and maintains the well-being of local residents by providing well-targeted social and health services.\",\"breadcrumb\":{\"@id\":\"https:\\\/\\\/kustavi.fi\\\/en\\\/municipality-and-administration\\\/decision-making\\\/boards-and-influencing-bodies\\\/social-welfare-board\\\/#breadcrumb\"},\"inLanguage\":\"en-US\",\"potentialAction\":[{\"@type\":\"ReadAction\",\"target\":[\"https:\\\/\\\/kustavi.fi\\\/en\\\/municipality-and-administration\\\/decision-making\\\/boards-and-influencing-bodies\\\/social-welfare-board\\\/\"]}]},{\"@type\":\"BreadcrumbList\",\"@id\":\"https:\\\/\\\/kustavi.fi\\\/en\\\/municipality-and-administration\\\/decision-making\\\/boards-and-influencing-bodies\\\/social-welfare-board\\\/#breadcrumb\",\"itemListElement\":[{\"@type\":\"ListItem\",\"position\":1,\"name\":\"Home\",\"item\":\"https:\\\/\\\/kustavi.fi\\\/en\\\/\"},{\"@type\":\"ListItem\",\"position\":2,\"name\":\"Municipality and administration\",\"item\":\"https:\\\/\\\/kustavi.fi\\\/en\\\/kunta-ja-hallinto\\\/\"},{\"@type\":\"ListItem\",\"position\":3,\"name\":\"Decision making\",\"item\":\"https:\\\/\\\/kustavi.fi\\\/en\\\/kunta-ja-hallinto\\\/paatoksenteko\\\/\"},{\"@type\":\"ListItem\",\"position\":4,\"name\":\"Boards and influencing bodies\",\"item\":\"https:\\\/\\\/kustavi.fi\\\/en\\\/kunta-ja-hallinto\\\/paatoksenteko\\\/lautakunnat-ja-jaostot\\\/\"},{\"@type\":\"ListItem\",\"position\":5,\"name\":\"Social Welfare Board\"}]},{\"@type\":\"WebSite\",\"@id\":\"https:\\\/\\\/kustavi.fi\\\/en\\\/#website\",\"url\":\"https:\\\/\\\/kustavi.fi\\\/en\\\/\",\"name\":\"Kustavin kunta\",\"description\":\"Saariston kuningaskunta\",\"publisher\":{\"@id\":\"https:\\\/\\\/kustavi.fi\\\/en\\\/#organization\"},\"potentialAction\":[{\"@type\":\"SearchAction\",\"target\":{\"@type\":\"EntryPoint\",\"urlTemplate\":\"https:\\\/\\\/kustavi.fi\\\/en\\\/?s={search_term_string}\"},\"query-input\":{\"@type\":\"PropertyValueSpecification\",\"valueRequired\":true,\"valueName\":\"search_term_string\"}}],\"inLanguage\":\"en-US\"},{\"@type\":\"Organization\",\"@id\":\"https:\\\/\\\/kustavi.fi\\\/en\\\/#organization\",\"name\":\"Kustavin kunta\",\"url\":\"https:\\\/\\\/kustavi.fi\\\/en\\\/\",\"logo\":{\"@type\":\"ImageObject\",\"inLanguage\":\"en-US\",\"@id\":\"https:\\\/\\\/kustavi.fi\\\/en\\\/#\\\/schema\\\/logo\\\/image\\\/\",\"url\":\"https:\\\/\\\/kustavi.fi\\\/wp-content\\\/uploads\\\/2020\\\/06\\\/logo.png\",\"contentUrl\":\"https:\\\/\\\/kustavi.fi\\\/wp-content\\\/uploads\\\/2020\\\/06\\\/logo.png\",\"width\":400,\"height\":194,\"caption\":\"Kustavin kunta\"},\"image\":{\"@id\":\"https:\\\/\\\/kustavi.fi\\\/en\\\/#\\\/schema\\\/logo\\\/image\\\/\"},\"sameAs\":[\"https:\\\/\\\/www.facebook.com\\\/kustavi\\\/\",\"https:\\\/\\\/www.instagram.com\\\/kustavinkunta\\\/\",\"https:\\\/\\\/www.youtube.com\\\/channel\\\/UCt3g5LfuUo-6lJjqyZWSFKw\"]}]}<\/script>\n<!-- \/ Yoast SEO plugin. -->","yoast_head_json":{"title":"Social Welfare Board - Municipality of Kustavi","description":"The Social Welfare Board promotes and maintains the well-being of local residents by providing well-targeted social and health services.","robots":{"index":"index","follow":"follow","max-snippet":"max-snippet:-1","max-image-preview":"max-image-preview:large","max-video-preview":"max-video-preview:-1"},"canonical":"https:\/\/kustavi.fi\/en\/municipality-and-administration\/decision-making\/boards-and-influencing-bodies\/social-welfare-board\/","og_locale":"en_US","og_type":"article","og_title":"Social Welfare Board - Municipality of Kustavi","og_description":"The Social Welfare Board promotes and maintains the well-being of local residents by providing well-targeted social and health services.","og_url":"https:\/\/kustavi.fi\/en\/municipality-and-administration\/decision-making\/boards-and-influencing-bodies\/social-welfare-board\/","og_site_name":"Kustavin kunta","article_publisher":"https:\/\/www.facebook.com\/kustavi\/","og_image":[{"width":1200,"height":630,"url":"https:\/\/kustavi.fi\/wp-content\/uploads\/2024\/01\/facebook-linkki.jpg","type":"image\/jpeg"}],"twitter_card":"summary_large_image","twitter_misc":{"Est. reading time":"1 minute"},"schema":{"@context":"https:\/\/schema.org","@graph":[{"@type":"WebPage","@id":"https:\/\/kustavi.fi\/en\/municipality-and-administration\/decision-making\/boards-and-influencing-bodies\/social-welfare-board\/","url":"https:\/\/kustavi.fi\/en\/municipality-and-administration\/decision-making\/boards-and-influencing-bodies\/social-welfare-board\/","name":"Social Welfare Board - Municipality of Kustavi","isPartOf":{"@id":"https:\/\/kustavi.fi\/en\/#website"},"datePublished":"2020-07-03T09:08:01+00:00","description":"The Social Welfare Board promotes and maintains the well-being of local residents by providing well-targeted social and health services.","breadcrumb":{"@id":"https:\/\/kustavi.fi\/en\/municipality-and-administration\/decision-making\/boards-and-influencing-bodies\/social-welfare-board\/#breadcrumb"},"inLanguage":"en-US","potentialAction":[{"@type":"ReadAction","target":["https:\/\/kustavi.fi\/en\/municipality-and-administration\/decision-making\/boards-and-influencing-bodies\/social-welfare-board\/"]}]},{"@type":"BreadcrumbList","@id":"https:\/\/kustavi.fi\/en\/municipality-and-administration\/decision-making\/boards-and-influencing-bodies\/social-welfare-board\/#breadcrumb","itemListElement":[{"@type":"ListItem","position":1,"name":"Home","item":"https:\/\/kustavi.fi\/en\/"},{"@type":"ListItem","position":2,"name":"Municipality and administration","item":"https:\/\/kustavi.fi\/en\/kunta-ja-hallinto\/"},{"@type":"ListItem","position":3,"name":"Decision making","item":"https:\/\/kustavi.fi\/en\/kunta-ja-hallinto\/paatoksenteko\/"},{"@type":"ListItem","position":4,"name":"Boards and influencing bodies","item":"https:\/\/kustavi.fi\/en\/kunta-ja-hallinto\/paatoksenteko\/lautakunnat-ja-jaostot\/"},{"@type":"ListItem","position":5,"name":"Social Welfare Board"}]},{"@type":"WebSite","@id":"https:\/\/kustavi.fi\/en\/#website","url":"https:\/\/kustavi.fi\/en\/","name":"Kustavin kunta","description":"Saariston kuningaskunta","publisher":{"@id":"https:\/\/kustavi.fi\/en\/#organization"},"potentialAction":[{"@type":"SearchAction","target":{"@type":"EntryPoint","urlTemplate":"https:\/\/kustavi.fi\/en\/?s={search_term_string}"},"query-input":{"@type":"PropertyValueSpecification","valueRequired":true,"valueName":"search_term_string"}}],"inLanguage":"en-US"},{"@type":"Organization","@id":"https:\/\/kustavi.fi\/en\/#organization","name":"Kustavin kunta","url":"https:\/\/kustavi.fi\/en\/","logo":{"@type":"ImageObject","inLanguage":"en-US","@id":"https:\/\/kustavi.fi\/en\/#\/schema\/logo\/image\/","url":"https:\/\/kustavi.fi\/wp-content\/uploads\/2020\/06\/logo.png","contentUrl":"https:\/\/kustavi.fi\/wp-content\/uploads\/2020\/06\/logo.png","width":400,"height":194,"caption":"Kustavin kunta"},"image":{"@id":"https:\/\/kustavi.fi\/en\/#\/schema\/logo\/image\/"},"sameAs":["https:\/\/www.facebook.com\/kustavi\/","https:\/\/www.instagram.com\/kustavinkunta\/","https:\/\/www.youtube.com\/channel\/UCt3g5LfuUo-6lJjqyZWSFKw"]}]}},"_links":{"self":[{"href":"https:\/\/kustavi.fi\/en\/wp-json\/wp\/v2\/pages\/58751","targetHints":{"allow":["GET"]}}],"collection":[{"href":"https:\/\/kustavi.fi\/en\/wp-json\/wp\/v2\/pages"}],"about":[{"href":"https:\/\/kustavi.fi\/en\/wp-json\/wp\/v2\/types\/page"}],"author":[{"embeddable":true,"href":"https:\/\/kustavi.fi\/en\/wp-json\/wp\/v2\/users\/2"}],"replies":[{"embeddable":true,"href":"https:\/\/kustavi.fi\/en\/wp-json\/wp\/v2\/comments?post=58751"}],"version-history":[{"count":0,"href":"https:\/\/kustavi.fi\/en\/wp-json\/wp\/v2\/pages\/58751\/revisions"}],"up":[{"embeddable":true,"href":"https:\/\/kustavi.fi\/en\/wp-json\/wp\/v2\/pages\/58748"}],"wp:attachment":[{"href":"https:\/\/kustavi.fi\/en\/wp-json\/wp\/v2\/media?parent=58751"}],"wp:term":[{"taxonomy":"post_tag","embeddable":true,"href":"https:\/\/kustavi.fi\/en\/wp-json\/wp\/v2\/tags?post=58751"}],"curies":[{"name":"wp","href":"https:\/\/api.w.org\/{rel}","templated":true}]}}