{"id":58749,"date":"2020-07-03T11:02:16","date_gmt":"2020-07-03T08:02:16","guid":{"rendered":"https:\/\/kustavi.fi\/municipality-and-administration\/decision-making\/boards-and-influencing-bodies\/building-board\/"},"modified":"2020-07-03T11:02:16","modified_gmt":"2020-07-03T08:02:16","slug":"building-board","status":"publish","type":"page","link":"https:\/\/kustavi.fi\/en\/municipality-and-administration\/decision-making\/boards-and-influencing-bodies\/building-board\/","title":{"rendered":"Building board"},"content":{"rendered":"<h2>Building board<\/h2>\n<p>The Building board acts as the municipal building control authority. The general task of the Building board is to supervise construction activities in the municipality as provided or prescribed by the Land Use and Construction Act and to perform the tasks of the technical sector: real estate, maintenance and construction, water supply, parks and public areas, piers, sports facilities, beaches, land and forest , environmental protection and waste management. <\/p>\n<h3>Building board 1.8.2021-31.5.2025<\/h3>\n<p>Sami Jalonen, chairman<br \/>\nKirsi Lindroth, alternate<\/p>\n<p>Timo Urpo, Vice Chairman<br \/>\nJan Blomqvist, alternate<\/p>\n<p>Ilona \u00c4\u00e4ritalo, member<br \/>\nSami Latokartano, alternate<\/p>\n<p>Virpi Sipil\u00e4, member<br \/>\nMari V\u00e4is\u00e4nen, alternate<\/p>\n<p>Markku Vinnikainen, member<br \/>\nJuha Koskinen, alternate<\/p>\n<p>In addition, the meeting will include:<br \/>\nMatias Juslin, Representative of the Municipal Government or<br \/>\nKai Nieminen, Deputy Representative of the Municipal Government<\/p>\n<p>Antti \u00c4\u00e4ritalo, Chairman of the Municipal Board<br \/>\nVeijo Katara, Mayor<\/p>\n<p>Niiro Niemi, Representative of the Youth Council or<br \/>\nFrans Englund, Representative of the Youth Council<\/p>\n<p>The rapporteurs are:<br \/>\nJussi Lehto, building inspector<br \/>\nJari Nerjanto, master builder<\/p>\n<p>The e-mails of the trustees are in the format firstname.lastname@kustavi.fi <\/p>\n","protected":false},"excerpt":{"rendered":"Building board The Building board acts as the municipal building control authority. The general task of the Building board is to supervise construction activities in the municipality as provided or prescribed by the Land Use and Construction Act and to perform the tasks of the technical sector: real estate, maintenance and construction, water supply, parks and public areas, piers, sports facilities, beaches, land and forest , environmental protection and waste management. Building board 1.8.2021-31.5.2025 Sami Jalonen, chairman Kirsi Lindroth, alternate Timo Urpo, Vice Chairman Jan Blomqvist, alternate Ilona \u00c4\u00e4ritalo, member Sami Latokartano, alternate Virpi Sipil\u00e4, member Mari V\u00e4is\u00e4nen, alternate Markku Vinnikainen, member Juha Koskinen, alternate In addition, the meeting will include: Matias Juslin, Representative of the Municipal Government or Kai Nieminen, Deputy Representative of the Municipal Government Antti \u00c4\u00e4ritalo, Chairman of the Municipal Board Veijo Katara, Mayor Niiro Niemi, Representative of the Youth Council or Frans Englund, Representative of the Youth Council The rapporteurs are: Jussi Lehto, building inspector Jari Nerjanto, master builder The e-mails of the trustees are in the format firstname.lastname@kustavi.fi","protected":false},"author":2,"featured_media":0,"parent":58748,"menu_order":0,"comment_status":"closed","ping_status":"closed","template":"","meta":{"_acf_changed":false,"protect_children":false,"footnotes":""},"tags":[],"class_list":["post-58749","page","type-page","status-publish","hentry"],"acf":[],"yoast_head":"<!-- This site is optimized with the Yoast SEO plugin v27.4 - https:\/\/yoast.com\/product\/yoast-seo-wordpress\/ -->\n<title>Building board - Municipality of Kustavi<\/title>\n<meta name=\"description\" content=\"The Building board acts as the municipal building control authority. The general task of the Building board is to supervise construction activities in the municipality.\" \/>\n<meta name=\"robots\" content=\"index, follow, max-snippet:-1, max-image-preview:large, max-video-preview:-1\" \/>\n<link rel=\"canonical\" href=\"https:\/\/kustavi.fi\/en\/municipality-and-administration\/decision-making\/boards-and-influencing-bodies\/building-board\/\" \/>\n<meta property=\"og:locale\" content=\"en_US\" \/>\n<meta property=\"og:type\" content=\"article\" \/>\n<meta property=\"og:title\" content=\"Building board - Municipality of Kustavi\" \/>\n<meta property=\"og:description\" content=\"The Building board acts as the municipal building control authority. The general task of the Building board is to supervise construction activities in the municipality.\" \/>\n<meta property=\"og:url\" content=\"https:\/\/kustavi.fi\/en\/municipality-and-administration\/decision-making\/boards-and-influencing-bodies\/building-board\/\" \/>\n<meta property=\"og:site_name\" content=\"Kustavin kunta\" \/>\n<meta property=\"article:publisher\" content=\"https:\/\/www.facebook.com\/kustavi\/\" \/>\n<meta property=\"og:image\" content=\"https:\/\/kustavi.fi\/wp-content\/uploads\/2024\/01\/facebook-linkki.jpg\" \/>\n\t<meta property=\"og:image:width\" content=\"1200\" \/>\n\t<meta property=\"og:image:height\" content=\"630\" \/>\n\t<meta property=\"og:image:type\" content=\"image\/jpeg\" \/>\n<meta name=\"twitter:card\" content=\"summary_large_image\" \/>\n<meta name=\"twitter:label1\" content=\"Est. reading time\" \/>\n\t<meta name=\"twitter:data1\" content=\"1 minute\" \/>\n<script type=\"application\/ld+json\" class=\"yoast-schema-graph\">{\"@context\":\"https:\\\/\\\/schema.org\",\"@graph\":[{\"@type\":\"WebPage\",\"@id\":\"https:\\\/\\\/kustavi.fi\\\/en\\\/municipality-and-administration\\\/decision-making\\\/boards-and-influencing-bodies\\\/building-board\\\/\",\"url\":\"https:\\\/\\\/kustavi.fi\\\/en\\\/municipality-and-administration\\\/decision-making\\\/boards-and-influencing-bodies\\\/building-board\\\/\",\"name\":\"Building board - Municipality of Kustavi\",\"isPartOf\":{\"@id\":\"https:\\\/\\\/kustavi.fi\\\/en\\\/#website\"},\"datePublished\":\"2020-07-03T08:02:16+00:00\",\"description\":\"The Building board acts as the municipal building control authority. The general task of the Building board is to supervise construction activities in the municipality.\",\"breadcrumb\":{\"@id\":\"https:\\\/\\\/kustavi.fi\\\/en\\\/municipality-and-administration\\\/decision-making\\\/boards-and-influencing-bodies\\\/building-board\\\/#breadcrumb\"},\"inLanguage\":\"en-US\",\"potentialAction\":[{\"@type\":\"ReadAction\",\"target\":[\"https:\\\/\\\/kustavi.fi\\\/en\\\/municipality-and-administration\\\/decision-making\\\/boards-and-influencing-bodies\\\/building-board\\\/\"]}]},{\"@type\":\"BreadcrumbList\",\"@id\":\"https:\\\/\\\/kustavi.fi\\\/en\\\/municipality-and-administration\\\/decision-making\\\/boards-and-influencing-bodies\\\/building-board\\\/#breadcrumb\",\"itemListElement\":[{\"@type\":\"ListItem\",\"position\":1,\"name\":\"Home\",\"item\":\"https:\\\/\\\/kustavi.fi\\\/en\\\/\"},{\"@type\":\"ListItem\",\"position\":2,\"name\":\"Municipality and administration\",\"item\":\"https:\\\/\\\/kustavi.fi\\\/en\\\/kunta-ja-hallinto\\\/\"},{\"@type\":\"ListItem\",\"position\":3,\"name\":\"Decision making\",\"item\":\"https:\\\/\\\/kustavi.fi\\\/en\\\/kunta-ja-hallinto\\\/paatoksenteko\\\/\"},{\"@type\":\"ListItem\",\"position\":4,\"name\":\"Boards and influencing bodies\",\"item\":\"https:\\\/\\\/kustavi.fi\\\/en\\\/kunta-ja-hallinto\\\/paatoksenteko\\\/lautakunnat-ja-jaostot\\\/\"},{\"@type\":\"ListItem\",\"position\":5,\"name\":\"Building board\"}]},{\"@type\":\"WebSite\",\"@id\":\"https:\\\/\\\/kustavi.fi\\\/en\\\/#website\",\"url\":\"https:\\\/\\\/kustavi.fi\\\/en\\\/\",\"name\":\"Kustavin kunta\",\"description\":\"Saariston kuningaskunta\",\"publisher\":{\"@id\":\"https:\\\/\\\/kustavi.fi\\\/en\\\/#organization\"},\"potentialAction\":[{\"@type\":\"SearchAction\",\"target\":{\"@type\":\"EntryPoint\",\"urlTemplate\":\"https:\\\/\\\/kustavi.fi\\\/en\\\/?s={search_term_string}\"},\"query-input\":{\"@type\":\"PropertyValueSpecification\",\"valueRequired\":true,\"valueName\":\"search_term_string\"}}],\"inLanguage\":\"en-US\"},{\"@type\":\"Organization\",\"@id\":\"https:\\\/\\\/kustavi.fi\\\/en\\\/#organization\",\"name\":\"Kustavin kunta\",\"url\":\"https:\\\/\\\/kustavi.fi\\\/en\\\/\",\"logo\":{\"@type\":\"ImageObject\",\"inLanguage\":\"en-US\",\"@id\":\"https:\\\/\\\/kustavi.fi\\\/en\\\/#\\\/schema\\\/logo\\\/image\\\/\",\"url\":\"https:\\\/\\\/kustavi.fi\\\/wp-content\\\/uploads\\\/2020\\\/06\\\/logo.png\",\"contentUrl\":\"https:\\\/\\\/kustavi.fi\\\/wp-content\\\/uploads\\\/2020\\\/06\\\/logo.png\",\"width\":400,\"height\":194,\"caption\":\"Kustavin kunta\"},\"image\":{\"@id\":\"https:\\\/\\\/kustavi.fi\\\/en\\\/#\\\/schema\\\/logo\\\/image\\\/\"},\"sameAs\":[\"https:\\\/\\\/www.facebook.com\\\/kustavi\\\/\",\"https:\\\/\\\/www.instagram.com\\\/kustavinkunta\\\/\",\"https:\\\/\\\/www.youtube.com\\\/channel\\\/UCt3g5LfuUo-6lJjqyZWSFKw\"]}]}<\/script>\n<!-- \/ Yoast SEO plugin. -->","yoast_head_json":{"title":"Building board - Municipality of Kustavi","description":"The Building board acts as the municipal building control authority. The general task of the Building board is to supervise construction activities in the municipality.","robots":{"index":"index","follow":"follow","max-snippet":"max-snippet:-1","max-image-preview":"max-image-preview:large","max-video-preview":"max-video-preview:-1"},"canonical":"https:\/\/kustavi.fi\/en\/municipality-and-administration\/decision-making\/boards-and-influencing-bodies\/building-board\/","og_locale":"en_US","og_type":"article","og_title":"Building board - Municipality of Kustavi","og_description":"The Building board acts as the municipal building control authority. The general task of the Building board is to supervise construction activities in the municipality.","og_url":"https:\/\/kustavi.fi\/en\/municipality-and-administration\/decision-making\/boards-and-influencing-bodies\/building-board\/","og_site_name":"Kustavin kunta","article_publisher":"https:\/\/www.facebook.com\/kustavi\/","og_image":[{"width":1200,"height":630,"url":"https:\/\/kustavi.fi\/wp-content\/uploads\/2024\/01\/facebook-linkki.jpg","type":"image\/jpeg"}],"twitter_card":"summary_large_image","twitter_misc":{"Est. reading time":"1 minute"},"schema":{"@context":"https:\/\/schema.org","@graph":[{"@type":"WebPage","@id":"https:\/\/kustavi.fi\/en\/municipality-and-administration\/decision-making\/boards-and-influencing-bodies\/building-board\/","url":"https:\/\/kustavi.fi\/en\/municipality-and-administration\/decision-making\/boards-and-influencing-bodies\/building-board\/","name":"Building board - Municipality of Kustavi","isPartOf":{"@id":"https:\/\/kustavi.fi\/en\/#website"},"datePublished":"2020-07-03T08:02:16+00:00","description":"The Building board acts as the municipal building control authority. The general task of the Building board is to supervise construction activities in the municipality.","breadcrumb":{"@id":"https:\/\/kustavi.fi\/en\/municipality-and-administration\/decision-making\/boards-and-influencing-bodies\/building-board\/#breadcrumb"},"inLanguage":"en-US","potentialAction":[{"@type":"ReadAction","target":["https:\/\/kustavi.fi\/en\/municipality-and-administration\/decision-making\/boards-and-influencing-bodies\/building-board\/"]}]},{"@type":"BreadcrumbList","@id":"https:\/\/kustavi.fi\/en\/municipality-and-administration\/decision-making\/boards-and-influencing-bodies\/building-board\/#breadcrumb","itemListElement":[{"@type":"ListItem","position":1,"name":"Home","item":"https:\/\/kustavi.fi\/en\/"},{"@type":"ListItem","position":2,"name":"Municipality and administration","item":"https:\/\/kustavi.fi\/en\/kunta-ja-hallinto\/"},{"@type":"ListItem","position":3,"name":"Decision making","item":"https:\/\/kustavi.fi\/en\/kunta-ja-hallinto\/paatoksenteko\/"},{"@type":"ListItem","position":4,"name":"Boards and influencing bodies","item":"https:\/\/kustavi.fi\/en\/kunta-ja-hallinto\/paatoksenteko\/lautakunnat-ja-jaostot\/"},{"@type":"ListItem","position":5,"name":"Building board"}]},{"@type":"WebSite","@id":"https:\/\/kustavi.fi\/en\/#website","url":"https:\/\/kustavi.fi\/en\/","name":"Kustavin kunta","description":"Saariston kuningaskunta","publisher":{"@id":"https:\/\/kustavi.fi\/en\/#organization"},"potentialAction":[{"@type":"SearchAction","target":{"@type":"EntryPoint","urlTemplate":"https:\/\/kustavi.fi\/en\/?s={search_term_string}"},"query-input":{"@type":"PropertyValueSpecification","valueRequired":true,"valueName":"search_term_string"}}],"inLanguage":"en-US"},{"@type":"Organization","@id":"https:\/\/kustavi.fi\/en\/#organization","name":"Kustavin kunta","url":"https:\/\/kustavi.fi\/en\/","logo":{"@type":"ImageObject","inLanguage":"en-US","@id":"https:\/\/kustavi.fi\/en\/#\/schema\/logo\/image\/","url":"https:\/\/kustavi.fi\/wp-content\/uploads\/2020\/06\/logo.png","contentUrl":"https:\/\/kustavi.fi\/wp-content\/uploads\/2020\/06\/logo.png","width":400,"height":194,"caption":"Kustavin kunta"},"image":{"@id":"https:\/\/kustavi.fi\/en\/#\/schema\/logo\/image\/"},"sameAs":["https:\/\/www.facebook.com\/kustavi\/","https:\/\/www.instagram.com\/kustavinkunta\/","https:\/\/www.youtube.com\/channel\/UCt3g5LfuUo-6lJjqyZWSFKw"]}]}},"_links":{"self":[{"href":"https:\/\/kustavi.fi\/en\/wp-json\/wp\/v2\/pages\/58749","targetHints":{"allow":["GET"]}}],"collection":[{"href":"https:\/\/kustavi.fi\/en\/wp-json\/wp\/v2\/pages"}],"about":[{"href":"https:\/\/kustavi.fi\/en\/wp-json\/wp\/v2\/types\/page"}],"author":[{"embeddable":true,"href":"https:\/\/kustavi.fi\/en\/wp-json\/wp\/v2\/users\/2"}],"replies":[{"embeddable":true,"href":"https:\/\/kustavi.fi\/en\/wp-json\/wp\/v2\/comments?post=58749"}],"version-history":[{"count":0,"href":"https:\/\/kustavi.fi\/en\/wp-json\/wp\/v2\/pages\/58749\/revisions"}],"up":[{"embeddable":true,"href":"https:\/\/kustavi.fi\/en\/wp-json\/wp\/v2\/pages\/58748"}],"wp:attachment":[{"href":"https:\/\/kustavi.fi\/en\/wp-json\/wp\/v2\/media?parent=58749"}],"wp:term":[{"taxonomy":"post_tag","embeddable":true,"href":"https:\/\/kustavi.fi\/en\/wp-json\/wp\/v2\/tags?post=58749"}],"curies":[{"name":"wp","href":"https:\/\/api.w.org\/{rel}","templated":true}]}}