{"id":58747,"date":"2020-06-04T22:11:54","date_gmt":"2020-06-04T19:11:54","guid":{"rendered":"https:\/\/kustavi.fi\/municipality-and-administration\/decision-making\/municipal-government\/"},"modified":"2020-06-04T22:11:54","modified_gmt":"2020-06-04T19:11:54","slug":"municipal-government","status":"publish","type":"page","link":"https:\/\/kustavi.fi\/en\/municipality-and-administration\/decision-making\/municipal-government\/","title":{"rendered":"Municipal government"},"content":{"rendered":"<h2>Municipal government<\/h2>\n<p>The municipal government manages the activities of the municipality and is responsible for the tasks provided for in the Municipal Act. The municipal government manages the municipality&#8217;s business policy, including tourism, and has the main responsibility for the municipality&#8217;s zoning and land policy and for the development of the archipelago.<\/p>\n<h3>Composition of the municipal government<br \/>\n1.8.2021-31.5.2023<\/h3>\n<p>Antti \u00c4\u00e4ritalo, chairman, KOK<br \/>\nSami Jalonen, deputy member<\/p>\n<p>Jarmo M\u00e4ntynen, vice chairman, KESK<br \/>\nMerja Lehti, deputy member<\/p>\n<p>Matias Juslin, KOK<br \/>\nKari Herhi, deputy member<\/p>\n<p>Kirsi Lindroth, KOK<br \/>\nMirja J\u00e4rvel\u00e4, deputy member<\/p>\n<p>Mari V\u00e4is\u00e4nen, KESK<br \/>\nTiina Uotila, deputy member<\/p>\n<p>Mia Lehtonen, KESK<br \/>\nTimo Urpo, deputy member<\/p>\n<p>Kai Nieminen, SDP<br \/>\nJonna Kallio, deputy member<\/p>\n<p>The e-mails of the trustees are in the format firstname.lastname@kustavi.fi<\/p>\n","protected":false},"excerpt":{"rendered":"Municipal government The municipal government manages the activities of the municipality and is responsible for the tasks provided for in the Municipal Act. The municipal government manages the municipality&#8217;s business policy, including tourism, and has the main responsibility for the municipality&#8217;s zoning and land policy and for the development of the archipelago. Composition of the municipal government 1.8.2021-31.5.2023 Antti \u00c4\u00e4ritalo, chairman, KOK Sami Jalonen, deputy member Jarmo M\u00e4ntynen, vice chairman, KESK Merja Lehti, deputy member Matias Juslin, KOK Kari Herhi, deputy member Kirsi Lindroth, KOK Mirja J\u00e4rvel\u00e4, deputy member Mari V\u00e4is\u00e4nen, KESK Tiina Uotila, deputy member Mia Lehtonen, KESK Timo Urpo, deputy member Kai Nieminen, SDP Jonna Kallio, deputy member The e-mails of the trustees are in the format firstname.lastname@kustavi.fi","protected":false},"author":2,"featured_media":0,"parent":58743,"menu_order":3,"comment_status":"closed","ping_status":"closed","template":"","meta":{"_acf_changed":false,"protect_children":false,"footnotes":""},"tags":[574,575],"class_list":["post-58747","page","type-page","status-publish","hentry","tag-government","tag-municipal-government"],"acf":[],"yoast_head":"<!-- This site is optimized with the Yoast SEO plugin v27.4 - https:\/\/yoast.com\/product\/yoast-seo-wordpress\/ -->\n<title>Municipal government - Municipality of Kustavi<\/title>\n<meta name=\"description\" content=\"The municipal government manages the activities of the municipality and is responsible for the tasks provided for in the Municipal Act. The municipal government manages the municipality&#039;s business policy.\" \/>\n<meta name=\"robots\" content=\"index, follow, max-snippet:-1, max-image-preview:large, max-video-preview:-1\" \/>\n<link rel=\"canonical\" href=\"https:\/\/kustavi.fi\/en\/municipality-and-administration\/decision-making\/municipal-government\/\" \/>\n<meta property=\"og:locale\" content=\"en_US\" \/>\n<meta property=\"og:type\" content=\"article\" \/>\n<meta property=\"og:title\" content=\"Municipal government - Municipality of Kustavi\" \/>\n<meta property=\"og:description\" content=\"The municipal government manages the activities of the municipality and is responsible for the tasks provided for in the Municipal Act. The municipal government manages the municipality&#039;s business policy.\" \/>\n<meta property=\"og:url\" content=\"https:\/\/kustavi.fi\/en\/municipality-and-administration\/decision-making\/municipal-government\/\" \/>\n<meta property=\"og:site_name\" content=\"Kustavin kunta\" \/>\n<meta property=\"article:publisher\" content=\"https:\/\/www.facebook.com\/kustavi\/\" \/>\n<meta property=\"og:image\" content=\"https:\/\/kustavi.fi\/wp-content\/uploads\/2024\/01\/facebook-linkki.jpg\" \/>\n\t<meta property=\"og:image:width\" content=\"1200\" \/>\n\t<meta property=\"og:image:height\" content=\"630\" \/>\n\t<meta property=\"og:image:type\" content=\"image\/jpeg\" \/>\n<meta name=\"twitter:card\" content=\"summary_large_image\" \/>\n<meta name=\"twitter:label1\" content=\"Est. reading time\" \/>\n\t<meta name=\"twitter:data1\" content=\"1 minute\" \/>\n<script type=\"application\/ld+json\" class=\"yoast-schema-graph\">{\"@context\":\"https:\\\/\\\/schema.org\",\"@graph\":[{\"@type\":\"WebPage\",\"@id\":\"https:\\\/\\\/kustavi.fi\\\/en\\\/municipality-and-administration\\\/decision-making\\\/municipal-government\\\/\",\"url\":\"https:\\\/\\\/kustavi.fi\\\/en\\\/municipality-and-administration\\\/decision-making\\\/municipal-government\\\/\",\"name\":\"Municipal government - Municipality of Kustavi\",\"isPartOf\":{\"@id\":\"https:\\\/\\\/kustavi.fi\\\/en\\\/#website\"},\"datePublished\":\"2020-06-04T19:11:54+00:00\",\"description\":\"The municipal government manages the activities of the municipality and is responsible for the tasks provided for in the Municipal Act. The municipal government manages the municipality's business policy.\",\"breadcrumb\":{\"@id\":\"https:\\\/\\\/kustavi.fi\\\/en\\\/municipality-and-administration\\\/decision-making\\\/municipal-government\\\/#breadcrumb\"},\"inLanguage\":\"en-US\",\"potentialAction\":[{\"@type\":\"ReadAction\",\"target\":[\"https:\\\/\\\/kustavi.fi\\\/en\\\/municipality-and-administration\\\/decision-making\\\/municipal-government\\\/\"]}]},{\"@type\":\"BreadcrumbList\",\"@id\":\"https:\\\/\\\/kustavi.fi\\\/en\\\/municipality-and-administration\\\/decision-making\\\/municipal-government\\\/#breadcrumb\",\"itemListElement\":[{\"@type\":\"ListItem\",\"position\":1,\"name\":\"Home\",\"item\":\"https:\\\/\\\/kustavi.fi\\\/en\\\/\"},{\"@type\":\"ListItem\",\"position\":2,\"name\":\"Municipality and administration\",\"item\":\"https:\\\/\\\/kustavi.fi\\\/en\\\/kunta-ja-hallinto\\\/\"},{\"@type\":\"ListItem\",\"position\":3,\"name\":\"Decision making\",\"item\":\"https:\\\/\\\/kustavi.fi\\\/en\\\/kunta-ja-hallinto\\\/paatoksenteko\\\/\"},{\"@type\":\"ListItem\",\"position\":4,\"name\":\"Municipal government\"}]},{\"@type\":\"WebSite\",\"@id\":\"https:\\\/\\\/kustavi.fi\\\/en\\\/#website\",\"url\":\"https:\\\/\\\/kustavi.fi\\\/en\\\/\",\"name\":\"Kustavin kunta\",\"description\":\"Saariston kuningaskunta\",\"publisher\":{\"@id\":\"https:\\\/\\\/kustavi.fi\\\/en\\\/#organization\"},\"potentialAction\":[{\"@type\":\"SearchAction\",\"target\":{\"@type\":\"EntryPoint\",\"urlTemplate\":\"https:\\\/\\\/kustavi.fi\\\/en\\\/?s={search_term_string}\"},\"query-input\":{\"@type\":\"PropertyValueSpecification\",\"valueRequired\":true,\"valueName\":\"search_term_string\"}}],\"inLanguage\":\"en-US\"},{\"@type\":\"Organization\",\"@id\":\"https:\\\/\\\/kustavi.fi\\\/en\\\/#organization\",\"name\":\"Kustavin kunta\",\"url\":\"https:\\\/\\\/kustavi.fi\\\/en\\\/\",\"logo\":{\"@type\":\"ImageObject\",\"inLanguage\":\"en-US\",\"@id\":\"https:\\\/\\\/kustavi.fi\\\/en\\\/#\\\/schema\\\/logo\\\/image\\\/\",\"url\":\"https:\\\/\\\/kustavi.fi\\\/wp-content\\\/uploads\\\/2020\\\/06\\\/logo.png\",\"contentUrl\":\"https:\\\/\\\/kustavi.fi\\\/wp-content\\\/uploads\\\/2020\\\/06\\\/logo.png\",\"width\":400,\"height\":194,\"caption\":\"Kustavin kunta\"},\"image\":{\"@id\":\"https:\\\/\\\/kustavi.fi\\\/en\\\/#\\\/schema\\\/logo\\\/image\\\/\"},\"sameAs\":[\"https:\\\/\\\/www.facebook.com\\\/kustavi\\\/\",\"https:\\\/\\\/www.instagram.com\\\/kustavinkunta\\\/\",\"https:\\\/\\\/www.youtube.com\\\/channel\\\/UCt3g5LfuUo-6lJjqyZWSFKw\"]}]}<\/script>\n<!-- \/ Yoast SEO plugin. -->","yoast_head_json":{"title":"Municipal government - Municipality of Kustavi","description":"The municipal government manages the activities of the municipality and is responsible for the tasks provided for in the Municipal Act. The municipal government manages the municipality's business policy.","robots":{"index":"index","follow":"follow","max-snippet":"max-snippet:-1","max-image-preview":"max-image-preview:large","max-video-preview":"max-video-preview:-1"},"canonical":"https:\/\/kustavi.fi\/en\/municipality-and-administration\/decision-making\/municipal-government\/","og_locale":"en_US","og_type":"article","og_title":"Municipal government - Municipality of Kustavi","og_description":"The municipal government manages the activities of the municipality and is responsible for the tasks provided for in the Municipal Act. The municipal government manages the municipality's business policy.","og_url":"https:\/\/kustavi.fi\/en\/municipality-and-administration\/decision-making\/municipal-government\/","og_site_name":"Kustavin kunta","article_publisher":"https:\/\/www.facebook.com\/kustavi\/","og_image":[{"width":1200,"height":630,"url":"https:\/\/kustavi.fi\/wp-content\/uploads\/2024\/01\/facebook-linkki.jpg","type":"image\/jpeg"}],"twitter_card":"summary_large_image","twitter_misc":{"Est. reading time":"1 minute"},"schema":{"@context":"https:\/\/schema.org","@graph":[{"@type":"WebPage","@id":"https:\/\/kustavi.fi\/en\/municipality-and-administration\/decision-making\/municipal-government\/","url":"https:\/\/kustavi.fi\/en\/municipality-and-administration\/decision-making\/municipal-government\/","name":"Municipal government - Municipality of Kustavi","isPartOf":{"@id":"https:\/\/kustavi.fi\/en\/#website"},"datePublished":"2020-06-04T19:11:54+00:00","description":"The municipal government manages the activities of the municipality and is responsible for the tasks provided for in the Municipal Act. The municipal government manages the municipality's business policy.","breadcrumb":{"@id":"https:\/\/kustavi.fi\/en\/municipality-and-administration\/decision-making\/municipal-government\/#breadcrumb"},"inLanguage":"en-US","potentialAction":[{"@type":"ReadAction","target":["https:\/\/kustavi.fi\/en\/municipality-and-administration\/decision-making\/municipal-government\/"]}]},{"@type":"BreadcrumbList","@id":"https:\/\/kustavi.fi\/en\/municipality-and-administration\/decision-making\/municipal-government\/#breadcrumb","itemListElement":[{"@type":"ListItem","position":1,"name":"Home","item":"https:\/\/kustavi.fi\/en\/"},{"@type":"ListItem","position":2,"name":"Municipality and administration","item":"https:\/\/kustavi.fi\/en\/kunta-ja-hallinto\/"},{"@type":"ListItem","position":3,"name":"Decision making","item":"https:\/\/kustavi.fi\/en\/kunta-ja-hallinto\/paatoksenteko\/"},{"@type":"ListItem","position":4,"name":"Municipal government"}]},{"@type":"WebSite","@id":"https:\/\/kustavi.fi\/en\/#website","url":"https:\/\/kustavi.fi\/en\/","name":"Kustavin kunta","description":"Saariston kuningaskunta","publisher":{"@id":"https:\/\/kustavi.fi\/en\/#organization"},"potentialAction":[{"@type":"SearchAction","target":{"@type":"EntryPoint","urlTemplate":"https:\/\/kustavi.fi\/en\/?s={search_term_string}"},"query-input":{"@type":"PropertyValueSpecification","valueRequired":true,"valueName":"search_term_string"}}],"inLanguage":"en-US"},{"@type":"Organization","@id":"https:\/\/kustavi.fi\/en\/#organization","name":"Kustavin kunta","url":"https:\/\/kustavi.fi\/en\/","logo":{"@type":"ImageObject","inLanguage":"en-US","@id":"https:\/\/kustavi.fi\/en\/#\/schema\/logo\/image\/","url":"https:\/\/kustavi.fi\/wp-content\/uploads\/2020\/06\/logo.png","contentUrl":"https:\/\/kustavi.fi\/wp-content\/uploads\/2020\/06\/logo.png","width":400,"height":194,"caption":"Kustavin kunta"},"image":{"@id":"https:\/\/kustavi.fi\/en\/#\/schema\/logo\/image\/"},"sameAs":["https:\/\/www.facebook.com\/kustavi\/","https:\/\/www.instagram.com\/kustavinkunta\/","https:\/\/www.youtube.com\/channel\/UCt3g5LfuUo-6lJjqyZWSFKw"]}]}},"_links":{"self":[{"href":"https:\/\/kustavi.fi\/en\/wp-json\/wp\/v2\/pages\/58747","targetHints":{"allow":["GET"]}}],"collection":[{"href":"https:\/\/kustavi.fi\/en\/wp-json\/wp\/v2\/pages"}],"about":[{"href":"https:\/\/kustavi.fi\/en\/wp-json\/wp\/v2\/types\/page"}],"author":[{"embeddable":true,"href":"https:\/\/kustavi.fi\/en\/wp-json\/wp\/v2\/users\/2"}],"replies":[{"embeddable":true,"href":"https:\/\/kustavi.fi\/en\/wp-json\/wp\/v2\/comments?post=58747"}],"version-history":[{"count":0,"href":"https:\/\/kustavi.fi\/en\/wp-json\/wp\/v2\/pages\/58747\/revisions"}],"up":[{"embeddable":true,"href":"https:\/\/kustavi.fi\/en\/wp-json\/wp\/v2\/pages\/58743"}],"wp:attachment":[{"href":"https:\/\/kustavi.fi\/en\/wp-json\/wp\/v2\/media?parent=58747"}],"wp:term":[{"taxonomy":"post_tag","embeddable":true,"href":"https:\/\/kustavi.fi\/en\/wp-json\/wp\/v2\/tags?post=58747"}],"curies":[{"name":"wp","href":"https:\/\/api.w.org\/{rel}","templated":true}]}}