{"id":58746,"date":"2020-06-04T22:12:07","date_gmt":"2020-06-04T19:12:07","guid":{"rendered":"https:\/\/kustavi.fi\/municipality-and-administration\/decision-making\/municipal-council\/"},"modified":"2020-06-04T22:12:07","modified_gmt":"2020-06-04T19:12:07","slug":"municipal-council","status":"publish","type":"page","link":"https:\/\/kustavi.fi\/en\/municipality-and-administration\/decision-making\/municipal-council\/","title":{"rendered":"Municipal council"},"content":{"rendered":"<h2>Municipal council<\/h2>\n<p>The highest decision-making power of the municipality of Kustavi is exercised by the municipal council formed by 15 delegates. The trustees and their deputies are elected in municipal elections every four years. The council is responsible for the operation and finances of the municipality and, as a rule, elects the members of the institutions.<\/p>\n<h3>Composition of the municipal council<br \/>\n1.8.2021-31.5.2025<\/h3>\n<p>Jukka Lehtinen, chairman, KESK<br \/>\nSami Latokartano, 1. vice chairman, KOK<br \/>\nSirpa Koskinen, 2. vice chairman, SDP<br \/>\nSilvi Ucke, 3. vice chairman, PER<\/p>\n<p>Jarmo M\u00e4ntynen, KESK<br \/>\nAntti \u00c4\u00e4ritalo, KOK<br \/>\nMirja J\u00e4rvel\u00e4, KOK<br \/>\nLaura Nummela, KESK<br \/>\nKirsi Lindroth, KOK<br \/>\nTimo Urpo, KESK<br \/>\nSami Jalonen, KOK<br \/>\nMatias Juslin, KOK<br \/>\nKai Nieminen, SDP<br \/>\nHannu Yl\u00f6nen, KOK<br \/>\nMari V\u00e4is\u00e4nen, KESK<\/p>\n<p>The e-mails of the trustees are in the format firstname.lastname@kustavi.fi<\/p>\n","protected":false},"excerpt":{"rendered":"Municipal council The highest decision-making power of the municipality of Kustavi is exercised by the municipal council formed by 15 delegates. The trustees and their deputies are elected in municipal elections every four years. The council is responsible for the operation and finances of the municipality and, as a rule, elects the members of the institutions. Composition of the municipal council 1.8.2021-31.5.2025 Jukka Lehtinen, chairman, KESK Sami Latokartano, 1. vice chairman, KOK Sirpa Koskinen, 2. vice chairman, SDP Silvi Ucke, 3. vice chairman, PER Jarmo M\u00e4ntynen, KESK Antti \u00c4\u00e4ritalo, KOK Mirja J\u00e4rvel\u00e4, KOK Laura Nummela, KESK Kirsi Lindroth, KOK Timo Urpo, KESK Sami Jalonen, KOK Matias Juslin, KOK Kai Nieminen, SDP Hannu Yl\u00f6nen, KOK Mari V\u00e4is\u00e4nen, KESK The e-mails of the trustees are in the format firstname.lastname@kustavi.fi","protected":false},"author":2,"featured_media":0,"parent":58743,"menu_order":2,"comment_status":"closed","ping_status":"closed","template":"","meta":{"_acf_changed":false,"protect_children":false,"footnotes":""},"tags":[572,573],"class_list":["post-58746","page","type-page","status-publish","hentry","tag-council","tag-municipal-council"],"acf":[],"yoast_head":"<!-- This site is optimized with the Yoast SEO plugin v27.4 - https:\/\/yoast.com\/product\/yoast-seo-wordpress\/ -->\n<title>Municipal council - Municipality of Kustavi<\/title>\n<meta name=\"description\" content=\"The highest decision-making power of the municipality of Kustavi is exercised by the municipal council formed by 15 delegates. See the composition of the municipal council here.\" \/>\n<meta name=\"robots\" content=\"index, follow, max-snippet:-1, max-image-preview:large, max-video-preview:-1\" \/>\n<link rel=\"canonical\" href=\"https:\/\/kustavi.fi\/en\/municipality-and-administration\/decision-making\/municipal-council\/\" \/>\n<meta property=\"og:locale\" content=\"en_US\" \/>\n<meta property=\"og:type\" content=\"article\" \/>\n<meta property=\"og:title\" content=\"Municipal council - Municipality of Kustavi\" \/>\n<meta property=\"og:description\" content=\"The highest decision-making power of the municipality of Kustavi is exercised by the municipal council formed by 15 delegates. See the composition of the municipal council here.\" \/>\n<meta property=\"og:url\" content=\"https:\/\/kustavi.fi\/en\/municipality-and-administration\/decision-making\/municipal-council\/\" \/>\n<meta property=\"og:site_name\" content=\"Kustavin kunta\" \/>\n<meta property=\"article:publisher\" content=\"https:\/\/www.facebook.com\/kustavi\/\" \/>\n<meta property=\"og:image\" content=\"https:\/\/kustavi.fi\/wp-content\/uploads\/2024\/01\/facebook-linkki.jpg\" \/>\n\t<meta property=\"og:image:width\" content=\"1200\" \/>\n\t<meta property=\"og:image:height\" content=\"630\" \/>\n\t<meta property=\"og:image:type\" content=\"image\/jpeg\" \/>\n<meta name=\"twitter:card\" content=\"summary_large_image\" \/>\n<meta name=\"twitter:label1\" content=\"Est. reading time\" \/>\n\t<meta name=\"twitter:data1\" content=\"1 minute\" \/>\n<script type=\"application\/ld+json\" class=\"yoast-schema-graph\">{\"@context\":\"https:\\\/\\\/schema.org\",\"@graph\":[{\"@type\":\"WebPage\",\"@id\":\"https:\\\/\\\/kustavi.fi\\\/en\\\/municipality-and-administration\\\/decision-making\\\/municipal-council\\\/\",\"url\":\"https:\\\/\\\/kustavi.fi\\\/en\\\/municipality-and-administration\\\/decision-making\\\/municipal-council\\\/\",\"name\":\"Municipal council - Municipality of Kustavi\",\"isPartOf\":{\"@id\":\"https:\\\/\\\/kustavi.fi\\\/en\\\/#website\"},\"datePublished\":\"2020-06-04T19:12:07+00:00\",\"description\":\"The highest decision-making power of the municipality of Kustavi is exercised by the municipal council formed by 15 delegates. See the composition of the municipal council here.\",\"breadcrumb\":{\"@id\":\"https:\\\/\\\/kustavi.fi\\\/en\\\/municipality-and-administration\\\/decision-making\\\/municipal-council\\\/#breadcrumb\"},\"inLanguage\":\"en-US\",\"potentialAction\":[{\"@type\":\"ReadAction\",\"target\":[\"https:\\\/\\\/kustavi.fi\\\/en\\\/municipality-and-administration\\\/decision-making\\\/municipal-council\\\/\"]}]},{\"@type\":\"BreadcrumbList\",\"@id\":\"https:\\\/\\\/kustavi.fi\\\/en\\\/municipality-and-administration\\\/decision-making\\\/municipal-council\\\/#breadcrumb\",\"itemListElement\":[{\"@type\":\"ListItem\",\"position\":1,\"name\":\"Home\",\"item\":\"https:\\\/\\\/kustavi.fi\\\/en\\\/\"},{\"@type\":\"ListItem\",\"position\":2,\"name\":\"Municipality and administration\",\"item\":\"https:\\\/\\\/kustavi.fi\\\/en\\\/kunta-ja-hallinto\\\/\"},{\"@type\":\"ListItem\",\"position\":3,\"name\":\"Decision making\",\"item\":\"https:\\\/\\\/kustavi.fi\\\/en\\\/kunta-ja-hallinto\\\/paatoksenteko\\\/\"},{\"@type\":\"ListItem\",\"position\":4,\"name\":\"Municipal council\"}]},{\"@type\":\"WebSite\",\"@id\":\"https:\\\/\\\/kustavi.fi\\\/en\\\/#website\",\"url\":\"https:\\\/\\\/kustavi.fi\\\/en\\\/\",\"name\":\"Kustavin kunta\",\"description\":\"Saariston kuningaskunta\",\"publisher\":{\"@id\":\"https:\\\/\\\/kustavi.fi\\\/en\\\/#organization\"},\"potentialAction\":[{\"@type\":\"SearchAction\",\"target\":{\"@type\":\"EntryPoint\",\"urlTemplate\":\"https:\\\/\\\/kustavi.fi\\\/en\\\/?s={search_term_string}\"},\"query-input\":{\"@type\":\"PropertyValueSpecification\",\"valueRequired\":true,\"valueName\":\"search_term_string\"}}],\"inLanguage\":\"en-US\"},{\"@type\":\"Organization\",\"@id\":\"https:\\\/\\\/kustavi.fi\\\/en\\\/#organization\",\"name\":\"Kustavin kunta\",\"url\":\"https:\\\/\\\/kustavi.fi\\\/en\\\/\",\"logo\":{\"@type\":\"ImageObject\",\"inLanguage\":\"en-US\",\"@id\":\"https:\\\/\\\/kustavi.fi\\\/en\\\/#\\\/schema\\\/logo\\\/image\\\/\",\"url\":\"https:\\\/\\\/kustavi.fi\\\/wp-content\\\/uploads\\\/2020\\\/06\\\/logo.png\",\"contentUrl\":\"https:\\\/\\\/kustavi.fi\\\/wp-content\\\/uploads\\\/2020\\\/06\\\/logo.png\",\"width\":400,\"height\":194,\"caption\":\"Kustavin kunta\"},\"image\":{\"@id\":\"https:\\\/\\\/kustavi.fi\\\/en\\\/#\\\/schema\\\/logo\\\/image\\\/\"},\"sameAs\":[\"https:\\\/\\\/www.facebook.com\\\/kustavi\\\/\",\"https:\\\/\\\/www.instagram.com\\\/kustavinkunta\\\/\",\"https:\\\/\\\/www.youtube.com\\\/channel\\\/UCt3g5LfuUo-6lJjqyZWSFKw\"]}]}<\/script>\n<!-- \/ Yoast SEO plugin. -->","yoast_head_json":{"title":"Municipal council - Municipality of Kustavi","description":"The highest decision-making power of the municipality of Kustavi is exercised by the municipal council formed by 15 delegates. See the composition of the municipal council here.","robots":{"index":"index","follow":"follow","max-snippet":"max-snippet:-1","max-image-preview":"max-image-preview:large","max-video-preview":"max-video-preview:-1"},"canonical":"https:\/\/kustavi.fi\/en\/municipality-and-administration\/decision-making\/municipal-council\/","og_locale":"en_US","og_type":"article","og_title":"Municipal council - Municipality of Kustavi","og_description":"The highest decision-making power of the municipality of Kustavi is exercised by the municipal council formed by 15 delegates. See the composition of the municipal council here.","og_url":"https:\/\/kustavi.fi\/en\/municipality-and-administration\/decision-making\/municipal-council\/","og_site_name":"Kustavin kunta","article_publisher":"https:\/\/www.facebook.com\/kustavi\/","og_image":[{"width":1200,"height":630,"url":"https:\/\/kustavi.fi\/wp-content\/uploads\/2024\/01\/facebook-linkki.jpg","type":"image\/jpeg"}],"twitter_card":"summary_large_image","twitter_misc":{"Est. reading time":"1 minute"},"schema":{"@context":"https:\/\/schema.org","@graph":[{"@type":"WebPage","@id":"https:\/\/kustavi.fi\/en\/municipality-and-administration\/decision-making\/municipal-council\/","url":"https:\/\/kustavi.fi\/en\/municipality-and-administration\/decision-making\/municipal-council\/","name":"Municipal council - Municipality of Kustavi","isPartOf":{"@id":"https:\/\/kustavi.fi\/en\/#website"},"datePublished":"2020-06-04T19:12:07+00:00","description":"The highest decision-making power of the municipality of Kustavi is exercised by the municipal council formed by 15 delegates. See the composition of the municipal council here.","breadcrumb":{"@id":"https:\/\/kustavi.fi\/en\/municipality-and-administration\/decision-making\/municipal-council\/#breadcrumb"},"inLanguage":"en-US","potentialAction":[{"@type":"ReadAction","target":["https:\/\/kustavi.fi\/en\/municipality-and-administration\/decision-making\/municipal-council\/"]}]},{"@type":"BreadcrumbList","@id":"https:\/\/kustavi.fi\/en\/municipality-and-administration\/decision-making\/municipal-council\/#breadcrumb","itemListElement":[{"@type":"ListItem","position":1,"name":"Home","item":"https:\/\/kustavi.fi\/en\/"},{"@type":"ListItem","position":2,"name":"Municipality and administration","item":"https:\/\/kustavi.fi\/en\/kunta-ja-hallinto\/"},{"@type":"ListItem","position":3,"name":"Decision making","item":"https:\/\/kustavi.fi\/en\/kunta-ja-hallinto\/paatoksenteko\/"},{"@type":"ListItem","position":4,"name":"Municipal council"}]},{"@type":"WebSite","@id":"https:\/\/kustavi.fi\/en\/#website","url":"https:\/\/kustavi.fi\/en\/","name":"Kustavin kunta","description":"Saariston kuningaskunta","publisher":{"@id":"https:\/\/kustavi.fi\/en\/#organization"},"potentialAction":[{"@type":"SearchAction","target":{"@type":"EntryPoint","urlTemplate":"https:\/\/kustavi.fi\/en\/?s={search_term_string}"},"query-input":{"@type":"PropertyValueSpecification","valueRequired":true,"valueName":"search_term_string"}}],"inLanguage":"en-US"},{"@type":"Organization","@id":"https:\/\/kustavi.fi\/en\/#organization","name":"Kustavin kunta","url":"https:\/\/kustavi.fi\/en\/","logo":{"@type":"ImageObject","inLanguage":"en-US","@id":"https:\/\/kustavi.fi\/en\/#\/schema\/logo\/image\/","url":"https:\/\/kustavi.fi\/wp-content\/uploads\/2020\/06\/logo.png","contentUrl":"https:\/\/kustavi.fi\/wp-content\/uploads\/2020\/06\/logo.png","width":400,"height":194,"caption":"Kustavin kunta"},"image":{"@id":"https:\/\/kustavi.fi\/en\/#\/schema\/logo\/image\/"},"sameAs":["https:\/\/www.facebook.com\/kustavi\/","https:\/\/www.instagram.com\/kustavinkunta\/","https:\/\/www.youtube.com\/channel\/UCt3g5LfuUo-6lJjqyZWSFKw"]}]}},"_links":{"self":[{"href":"https:\/\/kustavi.fi\/en\/wp-json\/wp\/v2\/pages\/58746","targetHints":{"allow":["GET"]}}],"collection":[{"href":"https:\/\/kustavi.fi\/en\/wp-json\/wp\/v2\/pages"}],"about":[{"href":"https:\/\/kustavi.fi\/en\/wp-json\/wp\/v2\/types\/page"}],"author":[{"embeddable":true,"href":"https:\/\/kustavi.fi\/en\/wp-json\/wp\/v2\/users\/2"}],"replies":[{"embeddable":true,"href":"https:\/\/kustavi.fi\/en\/wp-json\/wp\/v2\/comments?post=58746"}],"version-history":[{"count":0,"href":"https:\/\/kustavi.fi\/en\/wp-json\/wp\/v2\/pages\/58746\/revisions"}],"up":[{"embeddable":true,"href":"https:\/\/kustavi.fi\/en\/wp-json\/wp\/v2\/pages\/58743"}],"wp:attachment":[{"href":"https:\/\/kustavi.fi\/en\/wp-json\/wp\/v2\/media?parent=58746"}],"wp:term":[{"taxonomy":"post_tag","embeddable":true,"href":"https:\/\/kustavi.fi\/en\/wp-json\/wp\/v2\/tags?post=58746"}],"curies":[{"name":"wp","href":"https:\/\/api.w.org\/{rel}","templated":true}]}}