{"id":58743,"date":"2020-06-04T22:07:57","date_gmt":"2020-06-04T19:07:57","guid":{"rendered":"https:\/\/kustavi.fi\/municipality-and-administration\/decision-making\/"},"modified":"2020-06-04T22:07:57","modified_gmt":"2020-06-04T19:07:57","slug":"decision-making","status":"publish","type":"page","link":"https:\/\/kustavi.fi\/en\/municipality-and-administration\/decision-making\/","title":{"rendered":"Decision making"},"content":{"rendered":"<h2>Decision making<\/h2>\n<p><strong>The management of the municipality is based on the administrative rules, the municipal strategy, the financial plan, the budget and other decisions of the council. <\/strong><\/p>\n<p>The council is responsible for the municipality&#8217;s operations and finances and exercises the municipality&#8217;s decision-making power. The municipal council meets when it is necessary due to matters prescribed for consideration within the time limit or otherwise. Meetings will be announced separately as provided.<\/p>\n<p>The municipal government is responsible for preparing, implementing and monitoring the legality of the council&#8217;s decisions.<\/p>\n<p>The boards shall meet in accordance with the agreements and matters to be discussed.<\/p>\n<ul>\n<li><strong><a href=\"\/wp-content\/uploads\/2020\/07\/Hallintos\u00e4\u00e4nt\u00f6.pdf\" target=\"_blank\" rel=\"noopener noreferrer\">Administrative regulations of the municipality of Kustavi as of June 10, 2019<\/a><\/strong><\/li>\n<li><strong><a href=\"https:\/\/kustavi.fi\/wp-content\/uploads\/2021\/11\/Hallintosaanto-1.1.2022..pdf\" target=\"_blank\" rel=\"noopener\">Administrative regulations of the municipality of Kustavi from 1.1.2022<\/a><\/strong><\/li>\n<li><strong><a href=\"https:\/\/kustavi.fi\/wp-content\/uploads\/2021\/09\/LH-palkkiosaanto-1.9.2021-1.pdf\" target=\"_blank\" rel=\"noopener\">Remuneration rule for trustees as of September 1, 2021<\/a><\/strong><\/li>\n<li><strong><a href=\"\/wp-content\/uploads\/2020\/07\/Konserniohje.pdf\" target=\"_blank\" rel=\"noopener noreferrer\">Group policy<\/a><\/strong><\/li>\n<\/ul>\n","protected":false},"excerpt":{"rendered":"Decision making The management of the municipality is based on the administrative rules, the municipal strategy, the financial plan, the budget and other decisions of the council. The council is responsible for the municipality&#8217;s operations and finances and exercises the municipality&#8217;s decision-making power. The municipal council meets when it is necessary due to matters prescribed for consideration within the time limit or otherwise. Meetings will be announced separately as provided. The municipal government is responsible for preparing, implementing and monitoring the legality of the council&#8217;s decisions. The boards shall meet in accordance with the agreements and matters to be discussed. Administrative regulations of the municipality of Kustavi as of June 10, 2019 Administrative regulations of the municipality of Kustavi from 1.1.2022 Remuneration rule for trustees as of September 1, 2021 Group policy","protected":false},"author":2,"featured_media":0,"parent":58716,"menu_order":2,"comment_status":"closed","ping_status":"closed","template":"","meta":{"_acf_changed":false,"protect_children":false,"footnotes":""},"tags":[571,570],"class_list":["post-58743","page","type-page","status-publish","hentry","tag-fee-rule","tag-governance-rule"],"acf":[],"yoast_head":"<!-- This site is optimized with the Yoast SEO plugin v27.4 - https:\/\/yoast.com\/product\/yoast-seo-wordpress\/ -->\n<title>Decision making - Municipality of Kustavi<\/title>\n<meta name=\"description\" content=\"The management of the municipality is based on the municipal strategy, financial plan, budget and other decisions of the council.\" \/>\n<meta name=\"robots\" content=\"index, follow, max-snippet:-1, max-image-preview:large, max-video-preview:-1\" \/>\n<link rel=\"canonical\" href=\"https:\/\/kustavi.fi\/en\/municipality-and-administration\/decision-making\/\" \/>\n<meta property=\"og:locale\" content=\"en_US\" \/>\n<meta property=\"og:type\" content=\"article\" \/>\n<meta property=\"og:title\" content=\"Decision making - Municipality of Kustavi\" \/>\n<meta property=\"og:description\" content=\"The management of the municipality is based on the municipal strategy, financial plan, budget and other decisions of the council.\" \/>\n<meta property=\"og:url\" content=\"https:\/\/kustavi.fi\/en\/municipality-and-administration\/decision-making\/\" \/>\n<meta property=\"og:site_name\" content=\"Kustavin kunta\" \/>\n<meta property=\"article:publisher\" content=\"https:\/\/www.facebook.com\/kustavi\/\" \/>\n<meta property=\"og:image\" content=\"https:\/\/kustavi.fi\/wp-content\/uploads\/2024\/01\/facebook-linkki.jpg\" \/>\n\t<meta property=\"og:image:width\" content=\"1200\" \/>\n\t<meta property=\"og:image:height\" content=\"630\" \/>\n\t<meta property=\"og:image:type\" content=\"image\/jpeg\" \/>\n<meta name=\"twitter:card\" content=\"summary_large_image\" \/>\n<meta name=\"twitter:label1\" content=\"Est. reading time\" \/>\n\t<meta name=\"twitter:data1\" content=\"1 minute\" \/>\n<script type=\"application\/ld+json\" class=\"yoast-schema-graph\">{\"@context\":\"https:\\\/\\\/schema.org\",\"@graph\":[{\"@type\":\"WebPage\",\"@id\":\"https:\\\/\\\/kustavi.fi\\\/en\\\/municipality-and-administration\\\/decision-making\\\/\",\"url\":\"https:\\\/\\\/kustavi.fi\\\/en\\\/municipality-and-administration\\\/decision-making\\\/\",\"name\":\"Decision making - Municipality of Kustavi\",\"isPartOf\":{\"@id\":\"https:\\\/\\\/kustavi.fi\\\/en\\\/#website\"},\"datePublished\":\"2020-06-04T19:07:57+00:00\",\"description\":\"The management of the municipality is based on the municipal strategy, financial plan, budget and other decisions of the council.\",\"breadcrumb\":{\"@id\":\"https:\\\/\\\/kustavi.fi\\\/en\\\/municipality-and-administration\\\/decision-making\\\/#breadcrumb\"},\"inLanguage\":\"en-US\",\"potentialAction\":[{\"@type\":\"ReadAction\",\"target\":[\"https:\\\/\\\/kustavi.fi\\\/en\\\/municipality-and-administration\\\/decision-making\\\/\"]}]},{\"@type\":\"BreadcrumbList\",\"@id\":\"https:\\\/\\\/kustavi.fi\\\/en\\\/municipality-and-administration\\\/decision-making\\\/#breadcrumb\",\"itemListElement\":[{\"@type\":\"ListItem\",\"position\":1,\"name\":\"Home\",\"item\":\"https:\\\/\\\/kustavi.fi\\\/en\\\/\"},{\"@type\":\"ListItem\",\"position\":2,\"name\":\"Municipality and administration\",\"item\":\"https:\\\/\\\/kustavi.fi\\\/en\\\/kunta-ja-hallinto\\\/\"},{\"@type\":\"ListItem\",\"position\":3,\"name\":\"Decision making\"}]},{\"@type\":\"WebSite\",\"@id\":\"https:\\\/\\\/kustavi.fi\\\/en\\\/#website\",\"url\":\"https:\\\/\\\/kustavi.fi\\\/en\\\/\",\"name\":\"Kustavin kunta\",\"description\":\"Saariston kuningaskunta\",\"publisher\":{\"@id\":\"https:\\\/\\\/kustavi.fi\\\/en\\\/#organization\"},\"potentialAction\":[{\"@type\":\"SearchAction\",\"target\":{\"@type\":\"EntryPoint\",\"urlTemplate\":\"https:\\\/\\\/kustavi.fi\\\/en\\\/?s={search_term_string}\"},\"query-input\":{\"@type\":\"PropertyValueSpecification\",\"valueRequired\":true,\"valueName\":\"search_term_string\"}}],\"inLanguage\":\"en-US\"},{\"@type\":\"Organization\",\"@id\":\"https:\\\/\\\/kustavi.fi\\\/en\\\/#organization\",\"name\":\"Kustavin kunta\",\"url\":\"https:\\\/\\\/kustavi.fi\\\/en\\\/\",\"logo\":{\"@type\":\"ImageObject\",\"inLanguage\":\"en-US\",\"@id\":\"https:\\\/\\\/kustavi.fi\\\/en\\\/#\\\/schema\\\/logo\\\/image\\\/\",\"url\":\"https:\\\/\\\/kustavi.fi\\\/wp-content\\\/uploads\\\/2020\\\/06\\\/logo.png\",\"contentUrl\":\"https:\\\/\\\/kustavi.fi\\\/wp-content\\\/uploads\\\/2020\\\/06\\\/logo.png\",\"width\":400,\"height\":194,\"caption\":\"Kustavin kunta\"},\"image\":{\"@id\":\"https:\\\/\\\/kustavi.fi\\\/en\\\/#\\\/schema\\\/logo\\\/image\\\/\"},\"sameAs\":[\"https:\\\/\\\/www.facebook.com\\\/kustavi\\\/\",\"https:\\\/\\\/www.instagram.com\\\/kustavinkunta\\\/\",\"https:\\\/\\\/www.youtube.com\\\/channel\\\/UCt3g5LfuUo-6lJjqyZWSFKw\"]}]}<\/script>\n<!-- \/ Yoast SEO plugin. -->","yoast_head_json":{"title":"Decision making - Municipality of Kustavi","description":"The management of the municipality is based on the municipal strategy, financial plan, budget and other decisions of the council.","robots":{"index":"index","follow":"follow","max-snippet":"max-snippet:-1","max-image-preview":"max-image-preview:large","max-video-preview":"max-video-preview:-1"},"canonical":"https:\/\/kustavi.fi\/en\/municipality-and-administration\/decision-making\/","og_locale":"en_US","og_type":"article","og_title":"Decision making - Municipality of Kustavi","og_description":"The management of the municipality is based on the municipal strategy, financial plan, budget and other decisions of the council.","og_url":"https:\/\/kustavi.fi\/en\/municipality-and-administration\/decision-making\/","og_site_name":"Kustavin kunta","article_publisher":"https:\/\/www.facebook.com\/kustavi\/","og_image":[{"width":1200,"height":630,"url":"https:\/\/kustavi.fi\/wp-content\/uploads\/2024\/01\/facebook-linkki.jpg","type":"image\/jpeg"}],"twitter_card":"summary_large_image","twitter_misc":{"Est. reading time":"1 minute"},"schema":{"@context":"https:\/\/schema.org","@graph":[{"@type":"WebPage","@id":"https:\/\/kustavi.fi\/en\/municipality-and-administration\/decision-making\/","url":"https:\/\/kustavi.fi\/en\/municipality-and-administration\/decision-making\/","name":"Decision making - Municipality of Kustavi","isPartOf":{"@id":"https:\/\/kustavi.fi\/en\/#website"},"datePublished":"2020-06-04T19:07:57+00:00","description":"The management of the municipality is based on the municipal strategy, financial plan, budget and other decisions of the council.","breadcrumb":{"@id":"https:\/\/kustavi.fi\/en\/municipality-and-administration\/decision-making\/#breadcrumb"},"inLanguage":"en-US","potentialAction":[{"@type":"ReadAction","target":["https:\/\/kustavi.fi\/en\/municipality-and-administration\/decision-making\/"]}]},{"@type":"BreadcrumbList","@id":"https:\/\/kustavi.fi\/en\/municipality-and-administration\/decision-making\/#breadcrumb","itemListElement":[{"@type":"ListItem","position":1,"name":"Home","item":"https:\/\/kustavi.fi\/en\/"},{"@type":"ListItem","position":2,"name":"Municipality and administration","item":"https:\/\/kustavi.fi\/en\/kunta-ja-hallinto\/"},{"@type":"ListItem","position":3,"name":"Decision making"}]},{"@type":"WebSite","@id":"https:\/\/kustavi.fi\/en\/#website","url":"https:\/\/kustavi.fi\/en\/","name":"Kustavin kunta","description":"Saariston kuningaskunta","publisher":{"@id":"https:\/\/kustavi.fi\/en\/#organization"},"potentialAction":[{"@type":"SearchAction","target":{"@type":"EntryPoint","urlTemplate":"https:\/\/kustavi.fi\/en\/?s={search_term_string}"},"query-input":{"@type":"PropertyValueSpecification","valueRequired":true,"valueName":"search_term_string"}}],"inLanguage":"en-US"},{"@type":"Organization","@id":"https:\/\/kustavi.fi\/en\/#organization","name":"Kustavin kunta","url":"https:\/\/kustavi.fi\/en\/","logo":{"@type":"ImageObject","inLanguage":"en-US","@id":"https:\/\/kustavi.fi\/en\/#\/schema\/logo\/image\/","url":"https:\/\/kustavi.fi\/wp-content\/uploads\/2020\/06\/logo.png","contentUrl":"https:\/\/kustavi.fi\/wp-content\/uploads\/2020\/06\/logo.png","width":400,"height":194,"caption":"Kustavin kunta"},"image":{"@id":"https:\/\/kustavi.fi\/en\/#\/schema\/logo\/image\/"},"sameAs":["https:\/\/www.facebook.com\/kustavi\/","https:\/\/www.instagram.com\/kustavinkunta\/","https:\/\/www.youtube.com\/channel\/UCt3g5LfuUo-6lJjqyZWSFKw"]}]}},"_links":{"self":[{"href":"https:\/\/kustavi.fi\/en\/wp-json\/wp\/v2\/pages\/58743","targetHints":{"allow":["GET"]}}],"collection":[{"href":"https:\/\/kustavi.fi\/en\/wp-json\/wp\/v2\/pages"}],"about":[{"href":"https:\/\/kustavi.fi\/en\/wp-json\/wp\/v2\/types\/page"}],"author":[{"embeddable":true,"href":"https:\/\/kustavi.fi\/en\/wp-json\/wp\/v2\/users\/2"}],"replies":[{"embeddable":true,"href":"https:\/\/kustavi.fi\/en\/wp-json\/wp\/v2\/comments?post=58743"}],"version-history":[{"count":0,"href":"https:\/\/kustavi.fi\/en\/wp-json\/wp\/v2\/pages\/58743\/revisions"}],"up":[{"embeddable":true,"href":"https:\/\/kustavi.fi\/en\/wp-json\/wp\/v2\/pages\/58716"}],"wp:attachment":[{"href":"https:\/\/kustavi.fi\/en\/wp-json\/wp\/v2\/media?parent=58743"}],"wp:term":[{"taxonomy":"post_tag","embeddable":true,"href":"https:\/\/kustavi.fi\/en\/wp-json\/wp\/v2\/tags?post=58743"}],"curies":[{"name":"wp","href":"https:\/\/api.w.org\/{rel}","templated":true}]}}