{"id":58726,"date":"2020-06-04T22:10:08","date_gmt":"2020-06-04T19:10:08","guid":{"rendered":"https:\/\/kustavi.fi\/municipality-and-administration\/municipal-info\/kustavis-economy-and-municipal-strategy\/"},"modified":"2020-06-04T22:10:08","modified_gmt":"2020-06-04T19:10:08","slug":"kustavis-economy-and-municipal-strategy","status":"publish","type":"page","link":"https:\/\/kustavi.fi\/en\/municipality-and-administration\/municipal-info\/kustavis-economy-and-municipal-strategy\/","title":{"rendered":"Kustavi&#8217;s economy and municipal strategy"},"content":{"rendered":"<h2>Kustavi&#8217;s economy and municipal strategy<\/h2>\n<p>At its meeting on 7 November 2016, the Municipal Council approved Kustavi&#8217;s municipal strategy, which also includes the strategy part of the business and tourism activities. <\/p>\n<ul>\n<li style=\"text-align: left;\"><strong><a href=\"\/wp-content\/uploads\/2020\/06\/16052016-kustavin-kuntastrategia.pdf\" target=\"_blank\" rel=\"noopener noreferrer\">Kustavi Municipal Strategy 2016<\/a><\/strong><\/li>\n<\/ul>\n<p><strong>Budgets and plans<\/strong><\/p>\n<ul>\n<li><strong><a href=\"\/wp-content\/uploads\/2021\/02\/Talousarvio-ja-suunnitelma-2021.pdf\" target=\"_blank\" rel=\"noopener\">2021<\/a><br \/>\n<\/strong><\/li>\n<li><strong><a href=\"\/wp-content\/uploads\/2020\/07\/Talousarvio-ja-suunnitelma-2020.pdf\" target=\"_blank\" rel=\"noopener noreferrer\">2020<\/a><br \/>\n<\/strong><\/li>\n<li><strong><a href=\"\/wp-content\/uploads\/2021\/02\/Talousarvio-ja-suunnitelma-2019.pdf\" target=\"_blank\" rel=\"noopener\">2019<\/a><br \/>\n<\/strong><\/li>\n<li><strong><a href=\"\/wp-content\/uploads\/2020\/07\/Tilinp\u00e4\u00e4t\u00f6s-2018-tilintarkastus-ja-arviointikertomukset.pdf\" target=\"_blank\" rel=\"noopener\">2018<\/a><\/strong><\/li>\n<\/ul>\n<p><strong>Financial statements and audit and evaluation reports<\/strong><\/p>\n<ul>\n<li><strong><a href=\"https:\/\/kustavi.fi\/wp-content\/uploads\/2021\/08\/Tilinpaatos-ja-tilintarkastus-ja-arviointikertomus-2020.pdf\" target=\"_blank\" rel=\"noopener\">2020<\/a><\/strong><\/li>\n<li><strong><a href=\"\/wp-content\/uploads\/2021\/02\/Tilinpaatos-2019-seka-tilintarkastuskertomus-ja-tarkastuslautakunnan-arviointikertomus.pdf\" target=\"_blank\" rel=\"noopener\">2019<\/a><\/strong><\/li>\n<li><strong><a href=\"\/wp-content\/uploads\/2020\/07\/Tilinp\u00e4\u00e4t\u00f6s-2018-tilintarkastus-ja-arviointikertomukset.pdf\" target=\"_blank\" rel=\"noopener noreferrer\">2018<\/a><\/strong><\/li>\n<\/ul>\n","protected":false},"excerpt":{"rendered":"Kustavi&#8217;s economy and municipal strategy At its meeting on 7 November 2016, the Municipal Council approved Kustavi&#8217;s municipal strategy, which also includes the strategy part of the business and tourism activities. Kustavi Municipal Strategy 2016 Budgets and plans 2021 2020 2019 2018 Financial statements and audit and evaluation reports 2020 2019 2018","protected":false},"author":2,"featured_media":0,"parent":58719,"menu_order":6,"comment_status":"closed","ping_status":"closed","template":"","meta":{"_acf_changed":false,"protect_children":false,"footnotes":""},"tags":[565,566,569,568,567],"class_list":["post-58726","page","type-page","status-publish","hentry","tag-budget","tag-financial-estimates","tag-financial-statements","tag-municipal-strategy","tag-strategy"],"acf":[],"yoast_head":"<!-- This site is optimized with the Yoast SEO plugin v27.3 - https:\/\/yoast.com\/product\/yoast-seo-wordpress\/ -->\n<title>Kustavi&#039;s economy and municipal strategy - Municipality of Kustavi<\/title>\n<meta name=\"description\" content=\"The municipal council has approved Kustavi&#039;s municipal strategy, which also includes the strategy part of the business and tourism activities.\" \/>\n<meta name=\"robots\" content=\"index, follow, max-snippet:-1, max-image-preview:large, max-video-preview:-1\" \/>\n<link rel=\"canonical\" href=\"https:\/\/kustavi.fi\/en\/municipality-and-administration\/municipal-info\/kustavis-economy-and-municipal-strategy\/\" \/>\n<meta property=\"og:locale\" content=\"en_US\" \/>\n<meta property=\"og:type\" content=\"article\" \/>\n<meta property=\"og:title\" content=\"Kustavi&#039;s economy and municipal strategy - Municipality of Kustavi\" \/>\n<meta property=\"og:description\" content=\"The municipal council has approved Kustavi&#039;s municipal strategy, which also includes the strategy part of the business and tourism activities.\" \/>\n<meta property=\"og:url\" content=\"https:\/\/kustavi.fi\/en\/municipality-and-administration\/municipal-info\/kustavis-economy-and-municipal-strategy\/\" \/>\n<meta property=\"og:site_name\" content=\"Kustavin kunta\" \/>\n<meta property=\"article:publisher\" content=\"https:\/\/www.facebook.com\/kustavi\/\" \/>\n<meta property=\"og:image\" content=\"https:\/\/kustavi.fi\/wp-content\/uploads\/2024\/01\/facebook-linkki.jpg\" \/>\n\t<meta property=\"og:image:width\" content=\"1200\" \/>\n\t<meta property=\"og:image:height\" content=\"630\" \/>\n\t<meta property=\"og:image:type\" content=\"image\/jpeg\" \/>\n<meta name=\"twitter:card\" content=\"summary_large_image\" \/>\n<script type=\"application\/ld+json\" class=\"yoast-schema-graph\">{\"@context\":\"https:\\\/\\\/schema.org\",\"@graph\":[{\"@type\":\"WebPage\",\"@id\":\"https:\\\/\\\/kustavi.fi\\\/en\\\/municipality-and-administration\\\/municipal-info\\\/kustavis-economy-and-municipal-strategy\\\/\",\"url\":\"https:\\\/\\\/kustavi.fi\\\/en\\\/municipality-and-administration\\\/municipal-info\\\/kustavis-economy-and-municipal-strategy\\\/\",\"name\":\"Kustavi's economy and municipal strategy - Municipality of Kustavi\",\"isPartOf\":{\"@id\":\"https:\\\/\\\/kustavi.fi\\\/en\\\/#website\"},\"datePublished\":\"2020-06-04T19:10:08+00:00\",\"description\":\"The municipal council has approved Kustavi's municipal strategy, which also includes the strategy part of the business and tourism activities.\",\"breadcrumb\":{\"@id\":\"https:\\\/\\\/kustavi.fi\\\/en\\\/municipality-and-administration\\\/municipal-info\\\/kustavis-economy-and-municipal-strategy\\\/#breadcrumb\"},\"inLanguage\":\"en-US\",\"potentialAction\":[{\"@type\":\"ReadAction\",\"target\":[\"https:\\\/\\\/kustavi.fi\\\/en\\\/municipality-and-administration\\\/municipal-info\\\/kustavis-economy-and-municipal-strategy\\\/\"]}]},{\"@type\":\"BreadcrumbList\",\"@id\":\"https:\\\/\\\/kustavi.fi\\\/en\\\/municipality-and-administration\\\/municipal-info\\\/kustavis-economy-and-municipal-strategy\\\/#breadcrumb\",\"itemListElement\":[{\"@type\":\"ListItem\",\"position\":1,\"name\":\"Home\",\"item\":\"https:\\\/\\\/kustavi.fi\\\/en\\\/\"},{\"@type\":\"ListItem\",\"position\":2,\"name\":\"Municipality and administration\",\"item\":\"https:\\\/\\\/kustavi.fi\\\/en\\\/kunta-ja-hallinto\\\/\"},{\"@type\":\"ListItem\",\"position\":3,\"name\":\"Municipal info\",\"item\":\"https:\\\/\\\/kustavi.fi\\\/en\\\/kunta-ja-hallinto\\\/kuntainfo\\\/\"},{\"@type\":\"ListItem\",\"position\":4,\"name\":\"Kustavi&#8217;s economy and municipal strategy\"}]},{\"@type\":\"WebSite\",\"@id\":\"https:\\\/\\\/kustavi.fi\\\/en\\\/#website\",\"url\":\"https:\\\/\\\/kustavi.fi\\\/en\\\/\",\"name\":\"Kustavin kunta\",\"description\":\"Saariston kuningaskunta\",\"publisher\":{\"@id\":\"https:\\\/\\\/kustavi.fi\\\/en\\\/#organization\"},\"potentialAction\":[{\"@type\":\"SearchAction\",\"target\":{\"@type\":\"EntryPoint\",\"urlTemplate\":\"https:\\\/\\\/kustavi.fi\\\/en\\\/?s={search_term_string}\"},\"query-input\":{\"@type\":\"PropertyValueSpecification\",\"valueRequired\":true,\"valueName\":\"search_term_string\"}}],\"inLanguage\":\"en-US\"},{\"@type\":\"Organization\",\"@id\":\"https:\\\/\\\/kustavi.fi\\\/en\\\/#organization\",\"name\":\"Kustavin kunta\",\"url\":\"https:\\\/\\\/kustavi.fi\\\/en\\\/\",\"logo\":{\"@type\":\"ImageObject\",\"inLanguage\":\"en-US\",\"@id\":\"https:\\\/\\\/kustavi.fi\\\/en\\\/#\\\/schema\\\/logo\\\/image\\\/\",\"url\":\"https:\\\/\\\/kustavi.fi\\\/wp-content\\\/uploads\\\/2020\\\/06\\\/logo.png\",\"contentUrl\":\"https:\\\/\\\/kustavi.fi\\\/wp-content\\\/uploads\\\/2020\\\/06\\\/logo.png\",\"width\":400,\"height\":194,\"caption\":\"Kustavin kunta\"},\"image\":{\"@id\":\"https:\\\/\\\/kustavi.fi\\\/en\\\/#\\\/schema\\\/logo\\\/image\\\/\"},\"sameAs\":[\"https:\\\/\\\/www.facebook.com\\\/kustavi\\\/\",\"https:\\\/\\\/www.instagram.com\\\/kustavinkunta\\\/\",\"https:\\\/\\\/www.youtube.com\\\/channel\\\/UCt3g5LfuUo-6lJjqyZWSFKw\"]}]}<\/script>\n<!-- \/ Yoast SEO plugin. -->","yoast_head_json":{"title":"Kustavi's economy and municipal strategy - Municipality of Kustavi","description":"The municipal council has approved Kustavi's municipal strategy, which also includes the strategy part of the business and tourism activities.","robots":{"index":"index","follow":"follow","max-snippet":"max-snippet:-1","max-image-preview":"max-image-preview:large","max-video-preview":"max-video-preview:-1"},"canonical":"https:\/\/kustavi.fi\/en\/municipality-and-administration\/municipal-info\/kustavis-economy-and-municipal-strategy\/","og_locale":"en_US","og_type":"article","og_title":"Kustavi's economy and municipal strategy - Municipality of Kustavi","og_description":"The municipal council has approved Kustavi's municipal strategy, which also includes the strategy part of the business and tourism activities.","og_url":"https:\/\/kustavi.fi\/en\/municipality-and-administration\/municipal-info\/kustavis-economy-and-municipal-strategy\/","og_site_name":"Kustavin kunta","article_publisher":"https:\/\/www.facebook.com\/kustavi\/","og_image":[{"width":1200,"height":630,"url":"https:\/\/kustavi.fi\/wp-content\/uploads\/2024\/01\/facebook-linkki.jpg","type":"image\/jpeg"}],"twitter_card":"summary_large_image","schema":{"@context":"https:\/\/schema.org","@graph":[{"@type":"WebPage","@id":"https:\/\/kustavi.fi\/en\/municipality-and-administration\/municipal-info\/kustavis-economy-and-municipal-strategy\/","url":"https:\/\/kustavi.fi\/en\/municipality-and-administration\/municipal-info\/kustavis-economy-and-municipal-strategy\/","name":"Kustavi's economy and municipal strategy - Municipality of Kustavi","isPartOf":{"@id":"https:\/\/kustavi.fi\/en\/#website"},"datePublished":"2020-06-04T19:10:08+00:00","description":"The municipal council has approved Kustavi's municipal strategy, which also includes the strategy part of the business and tourism activities.","breadcrumb":{"@id":"https:\/\/kustavi.fi\/en\/municipality-and-administration\/municipal-info\/kustavis-economy-and-municipal-strategy\/#breadcrumb"},"inLanguage":"en-US","potentialAction":[{"@type":"ReadAction","target":["https:\/\/kustavi.fi\/en\/municipality-and-administration\/municipal-info\/kustavis-economy-and-municipal-strategy\/"]}]},{"@type":"BreadcrumbList","@id":"https:\/\/kustavi.fi\/en\/municipality-and-administration\/municipal-info\/kustavis-economy-and-municipal-strategy\/#breadcrumb","itemListElement":[{"@type":"ListItem","position":1,"name":"Home","item":"https:\/\/kustavi.fi\/en\/"},{"@type":"ListItem","position":2,"name":"Municipality and administration","item":"https:\/\/kustavi.fi\/en\/kunta-ja-hallinto\/"},{"@type":"ListItem","position":3,"name":"Municipal info","item":"https:\/\/kustavi.fi\/en\/kunta-ja-hallinto\/kuntainfo\/"},{"@type":"ListItem","position":4,"name":"Kustavi&#8217;s economy and municipal strategy"}]},{"@type":"WebSite","@id":"https:\/\/kustavi.fi\/en\/#website","url":"https:\/\/kustavi.fi\/en\/","name":"Kustavin kunta","description":"Saariston kuningaskunta","publisher":{"@id":"https:\/\/kustavi.fi\/en\/#organization"},"potentialAction":[{"@type":"SearchAction","target":{"@type":"EntryPoint","urlTemplate":"https:\/\/kustavi.fi\/en\/?s={search_term_string}"},"query-input":{"@type":"PropertyValueSpecification","valueRequired":true,"valueName":"search_term_string"}}],"inLanguage":"en-US"},{"@type":"Organization","@id":"https:\/\/kustavi.fi\/en\/#organization","name":"Kustavin kunta","url":"https:\/\/kustavi.fi\/en\/","logo":{"@type":"ImageObject","inLanguage":"en-US","@id":"https:\/\/kustavi.fi\/en\/#\/schema\/logo\/image\/","url":"https:\/\/kustavi.fi\/wp-content\/uploads\/2020\/06\/logo.png","contentUrl":"https:\/\/kustavi.fi\/wp-content\/uploads\/2020\/06\/logo.png","width":400,"height":194,"caption":"Kustavin kunta"},"image":{"@id":"https:\/\/kustavi.fi\/en\/#\/schema\/logo\/image\/"},"sameAs":["https:\/\/www.facebook.com\/kustavi\/","https:\/\/www.instagram.com\/kustavinkunta\/","https:\/\/www.youtube.com\/channel\/UCt3g5LfuUo-6lJjqyZWSFKw"]}]}},"_links":{"self":[{"href":"https:\/\/kustavi.fi\/en\/wp-json\/wp\/v2\/pages\/58726","targetHints":{"allow":["GET"]}}],"collection":[{"href":"https:\/\/kustavi.fi\/en\/wp-json\/wp\/v2\/pages"}],"about":[{"href":"https:\/\/kustavi.fi\/en\/wp-json\/wp\/v2\/types\/page"}],"author":[{"embeddable":true,"href":"https:\/\/kustavi.fi\/en\/wp-json\/wp\/v2\/users\/2"}],"replies":[{"embeddable":true,"href":"https:\/\/kustavi.fi\/en\/wp-json\/wp\/v2\/comments?post=58726"}],"version-history":[{"count":0,"href":"https:\/\/kustavi.fi\/en\/wp-json\/wp\/v2\/pages\/58726\/revisions"}],"up":[{"embeddable":true,"href":"https:\/\/kustavi.fi\/en\/wp-json\/wp\/v2\/pages\/58719"}],"wp:attachment":[{"href":"https:\/\/kustavi.fi\/en\/wp-json\/wp\/v2\/media?parent=58726"}],"wp:term":[{"taxonomy":"post_tag","embeddable":true,"href":"https:\/\/kustavi.fi\/en\/wp-json\/wp\/v2\/tags?post=58726"}],"curies":[{"name":"wp","href":"https:\/\/api.w.org\/{rel}","templated":true}]}}