{"id":58719,"date":"2020-06-04T22:07:43","date_gmt":"2020-06-04T19:07:43","guid":{"rendered":"https:\/\/kustavi.fi\/municipality-and-administration\/municipal-info\/"},"modified":"2020-06-04T22:07:43","modified_gmt":"2020-06-04T19:07:43","slug":"municipal-info","status":"publish","type":"page","link":"https:\/\/kustavi.fi\/en\/municipality-and-administration\/municipal-info\/","title":{"rendered":"Municipal info"},"content":{"rendered":"<h2>Greetings from the mayor<\/h2>\n<p><strong>I welcome you to the website of the municipality of Kustavi to discover the services and opportunities offered by our archipelago in a beautiful marine environment. <\/strong><\/p>\n<p>Kustavi&#8217;s population on 1.1.2021 is 959 inhabitants. In recent years, the population has started to rise. Our municipality is enterprising and the economic structure is diverse. The municipal income tax rate is on of the lowest in Finland and the lowest in Southwest Finland. It has been decreased for four consecutive years and in 2021 it will be 18.25%. Our municipality&#8217;s early childhood education services are free of charge. Kustavi is the most popular summer cottage municipality in Finland and have the largest number of business locations in mainland Finland in relation to the population. In addition, the municipality is a well-known archipelago tourist destination and tourism companies have greatly developed their tourism services. The cultural life of the municipality and many events are of interest to many tourists. In the scenic maritime Kustavi, the length of the coastline is about 900 kilometers. High-speed fiber-optic connections and recently expanded water and sewerage network guarantee good housing and teleworking opportunities. The municipality has zoned new plots for detached houses by the sea.<\/p>\n<p>Kustavi is located in the Turku archipelago and 69 km from Turku to Kustavi and 49 km from Uusikaupunki. Our municipality can be reached by connecting ships from popular routes from \u00c5land and Parainen, so you can also spend your time in Kustavi. The Archipelago Trail has become very popular. Our companies offer you a variety of services, shopping opportunities and experiences. There are several tourist centers in Kustavi with catering and accommodation services. For those arriving by boat, several guest marinas offer a wide range of services. You can get to the sea with our companies for a fishing trip, for example. The area of \u200b\u200bthe municipality includes Isokari lighthouse island and Katanp\u00e4\u00e4 fortress island. Both of these are popular tourist islands for cruises and boat trips.<\/p>\n<p>We offer you high-quality detached house plots from the Kirkonm\u00e4ki residential area, which is located in the area between the municipal center and the strait of Str\u00f6\u00f6mi. The price of the plots is 3 \u20ac \/ m2. For permanent housing, the municipality of Kustavi offers good basic services in a safe, stimulating and comfortable archipelago environment. About 20-35% of the eligible costs for entrepreneurship can be applied for from the ELY Center of Southwest Finland and from  the &#8220;I samma b\u00e5t &#8211; Samassa veneess\u00e4&#8221; Leader association. The municipality is also involved in arranging industrial plots for companies.<\/p>\n<p>Welcome to Kustavi!<\/p>\n<p>Veijo Katara<br \/>\nMayor<\/p>\n\n\t<table id=\"framill-contacts-634dc1\" class=\"framill-contacts-table grouping-\">\n\t<thead>\n\t\t<tr>\n\t\t\t<th>Nimi<\/th>\n\t\t\t<th>Nimike<\/th>\n\t\t\t<th>Puh<\/th>\n\t\t\t<th>S\u00e4hk\u00f6posti<\/th>\n\t\t\t<th>Soittoajat<\/th>\n\t\t\t<th data-toggle-target=\"description\">Kuvaus<\/th>\n\t\t\t\t\t\t\n\t\t<\/tr>\n\t<\/thead>\n\n\t<tbody>\n\t\t\t<tr class=\"framill-contacts-item\" data-unique=\"634dc13538353535\">\r\n\t<td class=\"framill-contacts-name\" data-sort=\"Veijo Katara\"><i class=\"fa fa-user icon-scaledown\" aria-hidden=\"true\"><\/i> Veijo Katara<\/td>\r\n\t<td class=\"framill-contacts-pos\"data-sort=\"Mayor\">Mayor<\/td>\r\n\t<td class=\"framill-contacts-tel\"data-sort=\"+358500785324\">\r\n\t\t\t\t<!-- span data-toggle-target=\"table-tels\" class=\"datatable-icon\" role=\"button\" aria-label=\"N\u00e4yt\u00e4\/piilota puhelinnumero(t)\"><i class=\"fa fa-phone\" aria-hidden=\"true\"><\/i><\/span-->\r\n\t\t\t\t\t\t\t<a class=\"framill-contacts-tel\" data-toggle=\"table-tels\" href=\"tel:+358500785324\" aria-label=\"0 5 0. 0 7 8. 5 3 2. 4\">\r\n\t\t\t\t050 0785 324\t\t\t<\/a>\r\n\t\t\t\t\t<\/td>\r\n\t<td class=\"framill-contacts-email\" data-sort=\"rauno.peltola@kustavi.fi\">\r\n\t\t\t<span data-toggle-target=\"table-email\" class=\"datatable-icon\" role=\"button\" aria-label=\"N\u00e4yt\u00e4\/piilota s\u00e4hk\u00f6postiosoite\"><i class=\"fa fa-envelope\" aria-hidden=\"true\"><\/i><\/span>\r\n\t\t<span data-toggle=\"table-email\" class=\"datatable-text\"><a class=\"framill-contacts-email\" href=\"mailto:rauno.peltola@kustavi.fi\">rauno.peltola@kustavi.fi<\/a><\/span>\r\n\t\t\r\n\t\t<\/td>\r\n\t\r\n\r\n\t<td class=\"framill-contacts-calltimes\"><\/td>\r\n\t\r\n\t<td class=\"framill-contacts-desc\" data-sort=\"ZZZ\"><\/td>\r\n\r\n\t\r\n\t\t\r\n\t\t\r\n\t<\/tr>\t\r\n\t<\/tbody>\n\t<\/table>\n\n<script>\n\n(function( $ ) {\n\t'use strict';\n\t\n\t$(document).ajaxComplete( function() {\n\t\t$('[class*=\"dtrg-level-\"]').on('click keypress', function() {\n\t\t\t\t\n\t\t\tvar activegroup = $(this).attr('activegroup');\n\n\t\t\t$('[data-unique]').removeClass('unique-active');\n\t\t\tvar classes = $(this).attr('class').split(' ');\n\t\t\tvar getlevel = classes.filter(function(item){ \n\t\t\t\treturn item.indexOf(\"dtrg-level-\") === 0;\n\t\t\t});\n\t\t\t\n\t\t\tvar level = getlevel[0].replace('dtrg-level-','');\n\t\t\tvar levelup = level - 1;\n\t\t\tvar levelup2 = level - 2;\n\t\t\tvar levelup3 = level - 3;\n\t\t\t\n\t\t\tif (activegroup !== undefined) {\n\t\t\t\t$(this).siblings('tr').removeClass('group-active');\n\t\t\t\t$(this).siblings('tr').removeAttr('activegroup');\n\t\t\t\t$(this).removeClass('group-active');\n\t\t\t\t$(this).removeAttr('activegroup');\n\t\t\t} else {\n\t\t\t\t$(this).siblings('tr').removeClass('group-active');\n\t\t\t\t$(this).siblings('tr').removeAttr('activegroup');\n\t\t\t\t$(this).nextUntil('.dtrg-level-'+level+', .dtrg-level-'+levelup+', .dtrg-level-'+levelup2+', .dtrg-level-'+levelup3+'').addClass('group-active');\n\t\t\t\t$(this).addClass('group-active').attr('activegroup','');\n\t\t\t\t\n\t\t\t}\n\n\t\t});\n\t});\n\t\t\n\t$(function() {\n\t\t\n\t\t\t\t\n\t\n\t\t\n\t\t\n\t\t\n\t\t$('.framill-contacts-item').on('click keypress', function() {\n\t\t\tvar unique = $(this).data('unique');\n\t\t\t$(this).siblings('tr').removeClass('group-active');\n\t\t\t$(this).siblings('tr').removeAttr('activegroup');\n\t\t\tif ($(this).hasClass('unique-active') == true) {\n\t\t\t\t$('[data-unique]').removeClass('unique-active');\n\t\t\t} else {\n\t\t\t\t$('[data-unique]').removeClass('unique-active');\n\t\t\t\t$('[data-unique=\"'+unique+'\"]').addClass('unique-active');\n\t\t\t}\n\n\t\t\t\n\t\t});\n\t\t\n\t\t\n\t\t$(\"#framill-contacts-634dc1\").on( 'click keypress', '[class*=\"dtrg-level-\"]', function () {\n\t\t\tvar activegroup = $(this).attr('activegroup');\n\n\t\t\t$('[data-unique]').removeClass('unique-active');\n\t\t\tvar classes = $(this).attr('class').split(' ');\n\t\t\tvar getlevel = classes.filter(function(item){ \n\t\t\t\treturn item.indexOf(\"dtrg-level-\") === 0;\n\t\t\t});\n\t\t\t\n\t\t\tvar level = getlevel[0].replace('dtrg-level-','');\n\t\t\tvar levelup = level - 1;\n\t\t\tvar levelup2 = level - 2;\n\t\t\tvar levelup3 = level - 3;\n\t\t\t\n\t\t\tif (activegroup !== undefined) {\n\t\t\t\t$(this).siblings('tr').removeClass('group-active');\n\t\t\t\t$(this).siblings('tr').removeAttr('activegroup');\n\t\t\t\t$(this).removeClass('group-active');\n\t\t\t\t$(this).removeAttr('activegroup');\n\t\t\t} else {\n\t\t\t\t$(this).siblings('tr').removeClass('group-active');\n\t\t\t\t$(this).siblings('tr').removeAttr('activegroup');\n\t\t\t\t$(this).nextUntil('.dtrg-level-'+level+', .dtrg-level-'+levelup+', .dtrg-level-'+levelup2+', .dtrg-level-'+levelup3+'').addClass('group-active');\n\t\t\t\t$(this).addClass('group-active').attr('activegroup','');\n\t\t\t\t\n\t\t\t}\n\t\t} );\n\n\t\t\t\t\n\t\t$(\"#framill-contacts-634dc1\").DataTable(\n\t\t\t{\n\t\t\t\t\n\t\t\t\tlanguage: {\n\t\t\t\t\t\"processing\":     \"Ladataan\",\n\t\t\t\t\t\"search\": \"Etsi:\",\n\t\t\t\t\t\"lengthMenu\": \"N\u00e4yt\u00e4 _MENU_ tulosta sivua kohti\",\n\t\t\t\t\t\"zeroRecords\": \"Ei tuloksia\",\n\t\t\t\t\t\"emptyTable\": \"Ei tuloksia\",\n\t\t\t\t\t\"info\": \"Sivu _PAGE_ \/ _PAGES_\",\n\t\t\t\t\t\"infoEmpty\": \"Ei tuloksia\",\n\t\t\t\t\t\"infoFiltered\": \"(suodatettu _MAX_ tuloksesta)\",\n\t\t\t\t\t\n\t\t\t\t\tpaginate: {\n\t\t\t\t\t\tfirst:      \"Ensimm\u00e4inen\",\n\t\t\t\t\t\tprevious:   \"Edellinen\",\n\t\t\t\t\t\tnext:       \"Seuraava\",\n\t\t\t\t\t\tlast:       \"Viimeinen\t\"\n\t\t\t\t\t},\n\t\t\t\t\t aria: {\n\t\t\t\t\t\tsortAscending:  \": aseta nousevaan j\u00e4rjestykseen\",\n\t\t\t\t\t\tsortDescending: \": aseta laskevaan j\u00e4rjestykseen\"\n\t\t\t\t\t}\n\t\t\t\t},\n\t\t\t\t\t\t\t\tpaging: false,\n\t\t\t\t\t\t\t\t\t\t\t\t\n\t\t\t}\t\t\n\t\t);\n\t\t\n\t\t\n\t\t\n\t\t\n\t\t\t\t\n\t\t\t\t\/*\n\t\t$(\".framill-contacts-image-popup\").magnificPopup( {\n\t\t\ttype: 'image',\n\t\t} );\n\t\t*\/\n\t\t\n\t\t$(\".framill-contacts-item\").each(function() { \/\/ the containers for all your galleries\n\t\t\t$(this).magnificPopup({\n\t\t\t\tdelegate: '.framill-contacts-image-popup', \/\/ the selector for gallery item\n\t\t\t\ttype: 'image',\n\t\t\t\ttClose: 'Sulje (ESC)',\n\t\t\t\ttLoading: 'Ladataan...',\n\t\t\t\t\n\t\t\t\tgallery: {\n\t\t\t\t\tenabled:true,\n\t\t\t\t\ttPrev: 'Edellinen',\n\t\t\t\t\ttNext: 'Seuraava',\n\t\t\t\t\ttCounter: '%curr% \/ %total%'\n\t\t\t\t},\n\t\t\t\timage: {\n\t\t\t\t\ttError: '<a href=\"%url%\">Kuvan<\/a> lataus ep\u00e4onnistui',\n\t\t\t\t}\n\t\t\t});\n\t\t});\n\t\t\n\t});\n\t\n\n\n\n})( jQuery );\n\n<\/script>\r\n<!--pre>\r\n\r\n\r\n<\/pre-->\r\n\r\n<style>\r\n\/* card defaults *\/\r\n\r\n\r\n\r\n\r\n\r\n\r\n.framill-contacts-card-item.imagealign-top {\r\n\twidth: px;\r\n\tpadding: px;\r\n}\r\n\r\n\r\n\r\n\r\n.framill-contacts-image-wrapper  {\r\n\t\r\n\tmargin: -0px auto;\r\n\tmax-width: %;\r\n\tborder-radius: %;\r\n\toverflow: hidden;\r\n\tborder-radius: %;\r\n\tborder-width: px;\r\n\tborder-style: ;\r\n\tborder-color: ;\r\n\t\t-webkit-box-shadow:  0 0 0 0 ;\r\n\tbox-shadow:  0 0 0 0 ;\r\n}\r\n\r\n.framill-contacts-data {\r\n\t\r\n}\r\n\r\n.framill-contacts-card-image-sizer {\r\n\twidth: px;\r\n\tmax-width: 100%;\r\n\tmargin: auto;\r\n}\r\n\r\n\/* background *\/\r\n\r\n[class^=\"framill-contacts-card-image-background--\"] {\r\n\t\/\/border-radius: %;\r\n}\r\n\r\n\r\n.framill-contacts-card-image-sizer  .framill-contacts-card-image-overlay{\r\n\tpadding-bottom: 100%;\r\n}\r\n\r\n.framill-contacts-card-image-sizer.framill-contacts-gallery  .framill-contacts-card-image-overlay {\r\n\t\/\/ padding-bottom: calc(100% - (px * 2));\r\n}\r\n\r\n\r\n\r\n\/* overlay *\/\r\n\r\n\r\n<\/style>\n<p>&nbsp;<\/p>\n","protected":false},"excerpt":{"rendered":"Greetings from the mayor I welcome you to the website of the municipality of Kustavi to discover the services and opportunities offered by our archipelago in a beautiful marine environment. Kustavi&#8217;s population on 1.1.2021 is 959 inhabitants. In recent years, the population has started to rise. Our municipality is enterprising and the economic structure is diverse. The municipal income tax rate is on of the lowest in Finland and the lowest in Southwest Finland. It has been decreased for four consecutive years and in 2021 it will be 18.25%. Our municipality&#8217;s early childhood education services are free of charge. Kustavi is the most popular summer cottage municipality in Finland and have the largest number of business locations in mainland Finland in relation to the population. In addition, the municipality is a well-known archipelago tourist destination and tourism companies have greatly developed their tourism services. The cultural life of the municipality and many events are of interest to many tourists. In the scenic maritime Kustavi, the length of the coastline is about 900 kilometers. High-speed fiber-optic connections and recently expanded water and sewerage network guarantee good housing and teleworking opportunities. The municipality has zoned new plots for detached houses by the sea. Kustavi is located in the Turku archipelago and 69 km from Turku to Kustavi and 49 km from Uusikaupunki. Our municipality can be reached by connecting ships from popular routes from \u00c5land and Parainen, so you can also spend your time in Kustavi. The Archipelago Trail has become very popular. Our companies offer you a variety of services, shopping opportunities and experiences. There are several tourist centers in Kustavi with catering and accommodation services. For those arriving by boat, several guest marinas offer a wide range of services. You can get to the sea with our companies for a fishing trip, for example. The area of \u200b\u200bthe municipality includes Isokari lighthouse island and Katanp\u00e4\u00e4 fortress island. Both of these are popular tourist islands for cruises and boat trips. We offer you high-quality detached house plots from the Kirkonm\u00e4ki residential area, which is located in the area between the municipal center and the strait of Str\u00f6\u00f6mi. The price of the plots is 3 \u20ac \/ m2. For permanent housing, the municipality of Kustavi offers good basic services in a safe, stimulating and comfortable archipelago environment. About 20-35% of the eligible costs for entrepreneurship can be applied for from the ELY Center of Southwest Finland and from the &#8220;I samma b\u00e5t &#8211; Samassa veneess\u00e4&#8221; Leader association. The municipality is also involved in arranging industrial plots for companies. Welcome to Kustavi! Veijo Katara Mayor &nbsp;","protected":false},"author":2,"featured_media":0,"parent":58716,"menu_order":1,"comment_status":"closed","ping_status":"closed","template":"","meta":{"_acf_changed":false,"protect_children":false,"footnotes":""},"tags":[],"class_list":["post-58719","page","type-page","status-publish","hentry"],"acf":[],"yoast_head":"<!-- This site is optimized with the Yoast SEO plugin v27.4 - https:\/\/yoast.com\/product\/yoast-seo-wordpress\/ -->\n<title>Municipal info | Greetings from the mayor - Municipality of Kustavi<\/title>\n<meta name=\"description\" content=\"I welcome you to the website of the municipality of Kustavi to get acquainted with the services offered by our archipelago municipality.\" \/>\n<meta name=\"robots\" content=\"index, follow, max-snippet:-1, max-image-preview:large, max-video-preview:-1\" \/>\n<link rel=\"canonical\" href=\"https:\/\/kustavi.fi\/en\/municipality-and-administration\/municipal-info\/\" \/>\n<meta property=\"og:locale\" content=\"en_US\" \/>\n<meta property=\"og:type\" content=\"article\" \/>\n<meta property=\"og:title\" content=\"Municipal info | Greetings from the mayor - Municipality of Kustavi\" \/>\n<meta property=\"og:description\" content=\"I welcome you to the website of the municipality of Kustavi to get acquainted with the services offered by our archipelago municipality.\" \/>\n<meta property=\"og:url\" content=\"https:\/\/kustavi.fi\/en\/municipality-and-administration\/municipal-info\/\" \/>\n<meta property=\"og:site_name\" content=\"Kustavin kunta\" \/>\n<meta property=\"article:publisher\" content=\"https:\/\/www.facebook.com\/kustavi\/\" \/>\n<meta property=\"og:image\" content=\"https:\/\/kustavi.fi\/wp-content\/uploads\/2024\/01\/facebook-linkki.jpg\" \/>\n\t<meta property=\"og:image:width\" content=\"1200\" \/>\n\t<meta property=\"og:image:height\" content=\"630\" \/>\n\t<meta property=\"og:image:type\" content=\"image\/jpeg\" \/>\n<meta name=\"twitter:card\" content=\"summary_large_image\" \/>\n<meta name=\"twitter:label1\" content=\"Est. reading time\" \/>\n\t<meta name=\"twitter:data1\" content=\"2 minutes\" \/>\n<script type=\"application\/ld+json\" class=\"yoast-schema-graph\">{\"@context\":\"https:\\\/\\\/schema.org\",\"@graph\":[{\"@type\":\"WebPage\",\"@id\":\"https:\\\/\\\/kustavi.fi\\\/en\\\/municipality-and-administration\\\/municipal-info\\\/\",\"url\":\"https:\\\/\\\/kustavi.fi\\\/en\\\/municipality-and-administration\\\/municipal-info\\\/\",\"name\":\"Municipal info | Greetings from the mayor - Municipality of Kustavi\",\"isPartOf\":{\"@id\":\"https:\\\/\\\/kustavi.fi\\\/en\\\/#website\"},\"datePublished\":\"2020-06-04T19:07:43+00:00\",\"description\":\"I welcome you to the website of the municipality of Kustavi to get acquainted with the services offered by our archipelago municipality.\",\"breadcrumb\":{\"@id\":\"https:\\\/\\\/kustavi.fi\\\/en\\\/municipality-and-administration\\\/municipal-info\\\/#breadcrumb\"},\"inLanguage\":\"en-US\",\"potentialAction\":[{\"@type\":\"ReadAction\",\"target\":[\"https:\\\/\\\/kustavi.fi\\\/en\\\/municipality-and-administration\\\/municipal-info\\\/\"]}]},{\"@type\":\"BreadcrumbList\",\"@id\":\"https:\\\/\\\/kustavi.fi\\\/en\\\/municipality-and-administration\\\/municipal-info\\\/#breadcrumb\",\"itemListElement\":[{\"@type\":\"ListItem\",\"position\":1,\"name\":\"Home\",\"item\":\"https:\\\/\\\/kustavi.fi\\\/en\\\/\"},{\"@type\":\"ListItem\",\"position\":2,\"name\":\"Municipality and administration\",\"item\":\"https:\\\/\\\/kustavi.fi\\\/en\\\/kunta-ja-hallinto\\\/\"},{\"@type\":\"ListItem\",\"position\":3,\"name\":\"Municipal info\"}]},{\"@type\":\"WebSite\",\"@id\":\"https:\\\/\\\/kustavi.fi\\\/en\\\/#website\",\"url\":\"https:\\\/\\\/kustavi.fi\\\/en\\\/\",\"name\":\"Kustavin kunta\",\"description\":\"Saariston kuningaskunta\",\"publisher\":{\"@id\":\"https:\\\/\\\/kustavi.fi\\\/en\\\/#organization\"},\"potentialAction\":[{\"@type\":\"SearchAction\",\"target\":{\"@type\":\"EntryPoint\",\"urlTemplate\":\"https:\\\/\\\/kustavi.fi\\\/en\\\/?s={search_term_string}\"},\"query-input\":{\"@type\":\"PropertyValueSpecification\",\"valueRequired\":true,\"valueName\":\"search_term_string\"}}],\"inLanguage\":\"en-US\"},{\"@type\":\"Organization\",\"@id\":\"https:\\\/\\\/kustavi.fi\\\/en\\\/#organization\",\"name\":\"Kustavin kunta\",\"url\":\"https:\\\/\\\/kustavi.fi\\\/en\\\/\",\"logo\":{\"@type\":\"ImageObject\",\"inLanguage\":\"en-US\",\"@id\":\"https:\\\/\\\/kustavi.fi\\\/en\\\/#\\\/schema\\\/logo\\\/image\\\/\",\"url\":\"https:\\\/\\\/kustavi.fi\\\/wp-content\\\/uploads\\\/2020\\\/06\\\/logo.png\",\"contentUrl\":\"https:\\\/\\\/kustavi.fi\\\/wp-content\\\/uploads\\\/2020\\\/06\\\/logo.png\",\"width\":400,\"height\":194,\"caption\":\"Kustavin kunta\"},\"image\":{\"@id\":\"https:\\\/\\\/kustavi.fi\\\/en\\\/#\\\/schema\\\/logo\\\/image\\\/\"},\"sameAs\":[\"https:\\\/\\\/www.facebook.com\\\/kustavi\\\/\",\"https:\\\/\\\/www.instagram.com\\\/kustavinkunta\\\/\",\"https:\\\/\\\/www.youtube.com\\\/channel\\\/UCt3g5LfuUo-6lJjqyZWSFKw\"]}]}<\/script>\n<!-- \/ Yoast SEO plugin. -->","yoast_head_json":{"title":"Municipal info | Greetings from the mayor - Municipality of Kustavi","description":"I welcome you to the website of the municipality of Kustavi to get acquainted with the services offered by our archipelago municipality.","robots":{"index":"index","follow":"follow","max-snippet":"max-snippet:-1","max-image-preview":"max-image-preview:large","max-video-preview":"max-video-preview:-1"},"canonical":"https:\/\/kustavi.fi\/en\/municipality-and-administration\/municipal-info\/","og_locale":"en_US","og_type":"article","og_title":"Municipal info | Greetings from the mayor - Municipality of Kustavi","og_description":"I welcome you to the website of the municipality of Kustavi to get acquainted with the services offered by our archipelago municipality.","og_url":"https:\/\/kustavi.fi\/en\/municipality-and-administration\/municipal-info\/","og_site_name":"Kustavin kunta","article_publisher":"https:\/\/www.facebook.com\/kustavi\/","og_image":[{"width":1200,"height":630,"url":"https:\/\/kustavi.fi\/wp-content\/uploads\/2024\/01\/facebook-linkki.jpg","type":"image\/jpeg"}],"twitter_card":"summary_large_image","twitter_misc":{"Est. reading time":"2 minutes"},"schema":{"@context":"https:\/\/schema.org","@graph":[{"@type":"WebPage","@id":"https:\/\/kustavi.fi\/en\/municipality-and-administration\/municipal-info\/","url":"https:\/\/kustavi.fi\/en\/municipality-and-administration\/municipal-info\/","name":"Municipal info | Greetings from the mayor - Municipality of Kustavi","isPartOf":{"@id":"https:\/\/kustavi.fi\/en\/#website"},"datePublished":"2020-06-04T19:07:43+00:00","description":"I welcome you to the website of the municipality of Kustavi to get acquainted with the services offered by our archipelago municipality.","breadcrumb":{"@id":"https:\/\/kustavi.fi\/en\/municipality-and-administration\/municipal-info\/#breadcrumb"},"inLanguage":"en-US","potentialAction":[{"@type":"ReadAction","target":["https:\/\/kustavi.fi\/en\/municipality-and-administration\/municipal-info\/"]}]},{"@type":"BreadcrumbList","@id":"https:\/\/kustavi.fi\/en\/municipality-and-administration\/municipal-info\/#breadcrumb","itemListElement":[{"@type":"ListItem","position":1,"name":"Home","item":"https:\/\/kustavi.fi\/en\/"},{"@type":"ListItem","position":2,"name":"Municipality and administration","item":"https:\/\/kustavi.fi\/en\/kunta-ja-hallinto\/"},{"@type":"ListItem","position":3,"name":"Municipal info"}]},{"@type":"WebSite","@id":"https:\/\/kustavi.fi\/en\/#website","url":"https:\/\/kustavi.fi\/en\/","name":"Kustavin kunta","description":"Saariston kuningaskunta","publisher":{"@id":"https:\/\/kustavi.fi\/en\/#organization"},"potentialAction":[{"@type":"SearchAction","target":{"@type":"EntryPoint","urlTemplate":"https:\/\/kustavi.fi\/en\/?s={search_term_string}"},"query-input":{"@type":"PropertyValueSpecification","valueRequired":true,"valueName":"search_term_string"}}],"inLanguage":"en-US"},{"@type":"Organization","@id":"https:\/\/kustavi.fi\/en\/#organization","name":"Kustavin kunta","url":"https:\/\/kustavi.fi\/en\/","logo":{"@type":"ImageObject","inLanguage":"en-US","@id":"https:\/\/kustavi.fi\/en\/#\/schema\/logo\/image\/","url":"https:\/\/kustavi.fi\/wp-content\/uploads\/2020\/06\/logo.png","contentUrl":"https:\/\/kustavi.fi\/wp-content\/uploads\/2020\/06\/logo.png","width":400,"height":194,"caption":"Kustavin kunta"},"image":{"@id":"https:\/\/kustavi.fi\/en\/#\/schema\/logo\/image\/"},"sameAs":["https:\/\/www.facebook.com\/kustavi\/","https:\/\/www.instagram.com\/kustavinkunta\/","https:\/\/www.youtube.com\/channel\/UCt3g5LfuUo-6lJjqyZWSFKw"]}]}},"_links":{"self":[{"href":"https:\/\/kustavi.fi\/en\/wp-json\/wp\/v2\/pages\/58719","targetHints":{"allow":["GET"]}}],"collection":[{"href":"https:\/\/kustavi.fi\/en\/wp-json\/wp\/v2\/pages"}],"about":[{"href":"https:\/\/kustavi.fi\/en\/wp-json\/wp\/v2\/types\/page"}],"author":[{"embeddable":true,"href":"https:\/\/kustavi.fi\/en\/wp-json\/wp\/v2\/users\/2"}],"replies":[{"embeddable":true,"href":"https:\/\/kustavi.fi\/en\/wp-json\/wp\/v2\/comments?post=58719"}],"version-history":[{"count":0,"href":"https:\/\/kustavi.fi\/en\/wp-json\/wp\/v2\/pages\/58719\/revisions"}],"up":[{"embeddable":true,"href":"https:\/\/kustavi.fi\/en\/wp-json\/wp\/v2\/pages\/58716"}],"wp:attachment":[{"href":"https:\/\/kustavi.fi\/en\/wp-json\/wp\/v2\/media?parent=58719"}],"wp:term":[{"taxonomy":"post_tag","embeddable":true,"href":"https:\/\/kustavi.fi\/en\/wp-json\/wp\/v2\/tags?post=58719"}],"curies":[{"name":"wp","href":"https:\/\/api.w.org\/{rel}","templated":true}]}}