{"id":58702,"date":"2020-06-04T16:59:55","date_gmt":"2020-06-04T13:59:55","guid":{"rendered":"https:\/\/kustavi.fi\/culture-and-leisure\/kustavi-archipelago-museum\/the-story-of-the-museum\/"},"modified":"2020-06-04T16:59:55","modified_gmt":"2020-06-04T13:59:55","slug":"the-story-of-the-museum","status":"publish","type":"page","link":"https:\/\/kustavi.fi\/en\/culture-and-leisure\/kustavi-archipelago-museum\/the-story-of-the-museum\/","title":{"rendered":"The story of the museum"},"content":{"rendered":"<h2>History of Kustavi&#8217;s museum activities<\/h2>\n<p><strong>Kustavi&#8217;s museum activities began in the 1930s, when Elin and Salli Vaihinen began collecting old objects from the area. <\/strong><\/p>\n<p>Salli Vaihinen, who worked as a primary school teacher in Kustavi&#8217;s Kaurissalo, also helped her students to increase the collection of objects. The collected objects were arranged and cataloged, and thus a small home museum was created in Salli Vaihinen&#8217;s home in the shed fence of Kevo, Vaihela <i>. <\/i> In 1954, Salli Vaihinen donated her collection to the municipality of Kustavi. In the same year, a museum committee was established to take care of the museum&#8217;s affairs, and more items were collected by locals. The Museum Committee was established in 1956 to replace the Museum Board.<\/p>\n<figure id=\"attachment_1213\" aria-describedby=\"caption-attachment-1213\" style=\"width: 377px\" class=\"wp-caption alignright\"><img loading=\"lazy\" decoding=\"async\" class=\"wp-image-1213 \" src=\"\/wp-content\/uploads\/2020\/06\/silakkavakka-1-rotated.jpg\" alt=\"\" width=\"377\" height=\"285\" \/><figcaption id=\"caption-attachment-1213\" class=\"wp-caption-text\">The oldest object in the museum is a bushel belonging to the herring fishery. This is where the collection of Salli Vaihinen&#8217;s museum objects began. Bushel can be considered as the beginning of Kustavi&#8217;s museum activities. Photo by Elsa Aaltonen.<\/figcaption><\/figure>\n<p>Initially, the municipality lacked a suitable place to house museum objects. However, the premises for the museum were soon found in the village of South Vartsala on the island of Vartsala, where the main building of the Stuutila farm was renovated into a museum. The opening of the Kustavi Local History Museum was held in 1969.<\/p>\n<p>In order to increase the artefacts and increase the variety, a special museum week was organized in 1970 in cooperation with the Kustavi Tourist Association, which was founded in the same year. The space of the museum almost doubled in 1974, when an additional space was built on the upper floor of the museum with the help of a grant as a showroom for an expanding collection. The following year, Teofilus Valtonen, a host from Vartsala, donated a fishing boat over a hundred years old to the museum, located in a shelter in the museum yard. On the edge of the courtyard is a smoke sauna built in the early 20th century, which the museum received as a donation in 1994. <\/p>\n<p>&nbsp;<\/p>\n<p>&nbsp;<\/p>\n<figure id=\"attachment_2571\" aria-describedby=\"caption-attachment-2571\" style=\"width: 505px\" class=\"wp-caption alignnone\"><img loading=\"lazy\" decoding=\"async\" class=\"wp-image-2571 \" src=\"\/wp-content\/uploads\/2020\/07\/Teatteri-Jurkka-Niskavuoren-Heta-museolla-2019.jpg\" alt=\"\" width=\"505\" height=\"381\" \/><figcaption id=\"caption-attachment-2571\" class=\"wp-caption-text\">In the summer of 2019, the Niskavuoren Heta by Jurka Theater was seen on the mill hill of the museum.<\/figcaption><\/figure>\n<p>In 1977, relatives of the author Volter Kilpi, donated furniture, books and other items from the author&#8217;s estate that had been in his summer villa at Lintukoto. With the help of donated objects, a room dedicated to Kilpi was decorated in the second chamber downstairs of the museum.<\/p>\n<p>Since the 19th century, a Midsummer pole has been erected on the mill hill in the courtyard of the museum. A midsummer festival has been held in the yard since the 1970s, where both locals and summer guests have come together to watch the tasting and celebrate Midsummer. Herring lunch or salmon soup served in the yard has been a tradition in almost every Midsummer harvest since the early 1980s.<\/p>\n<p>The traditional opening of the summer season with its food, music performances and work shows has been held in mid-June. The museum has flea markets, cleaning workshops and museum days for schoolchildren and kindergarten children. For several years, the theater performances of Volter Kilpi in Kustavi &#8211; the program of the literature week &#8211; have been followed in the courtyard of the museum. <\/p>\n<figure id=\"attachment_2276\" aria-describedby=\"caption-attachment-2276\" style=\"width: 347px\" class=\"wp-caption alignleft\"><img loading=\"lazy\" decoding=\"async\" class=\"wp-image-2276 \" src=\"\/wp-content\/uploads\/2020\/07\/k\u00f6ysity\u00f6n\u00e4yt\u00f6s-2019.jpg\" alt=\"\" width=\"347\" height=\"459\" \/><figcaption id=\"caption-attachment-2276\" class=\"wp-caption-text\">At the opening of the summer season in 2019, Mikko Snellman introduced rope braiding.<\/figcaption><\/figure>\n<figure id=\"attachment_2280\" aria-describedby=\"caption-attachment-2280\" style=\"width: 372px\" class=\"wp-caption alignleft\"><img loading=\"lazy\" decoding=\"async\" class=\"wp-image-2280 \" src=\"\/wp-content\/uploads\/2020\/07\/lampaita-museon-pihalla.jpg\" alt=\"\" width=\"372\" height=\"333\" srcset=\"https:\/\/kustavi.fi\/wp-content\/uploads\/2020\/07\/lampaita-museon-pihalla.jpg 1817w, https:\/\/kustavi.fi\/wp-content\/uploads\/2020\/07\/lampaita-museon-pihalla-300x268.jpg 300w, https:\/\/kustavi.fi\/wp-content\/uploads\/2020\/07\/lampaita-museon-pihalla-1024x915.jpg 1024w, https:\/\/kustavi.fi\/wp-content\/uploads\/2020\/07\/lampaita-museon-pihalla-768x686.jpg 768w, https:\/\/kustavi.fi\/wp-content\/uploads\/2020\/07\/lampaita-museon-pihalla-1536x1372.jpg 1536w, https:\/\/kustavi.fi\/wp-content\/uploads\/2020\/07\/lampaita-museon-pihalla-800x715.jpg 800w, https:\/\/kustavi.fi\/wp-content\/uploads\/2020\/07\/lampaita-museon-pihalla-500x447.jpg 500w\" sizes=\"auto, (max-width: 372px) 100vw, 372px\" \/><figcaption id=\"caption-attachment-2280\" class=\"wp-caption-text\">The sheep visited the museum yard in the summer of 2017.<\/figcaption><\/figure>\n<p>&nbsp;<\/p>\n<p>&nbsp;<\/p>\n<p>&nbsp;<\/p>\n<p>&nbsp;<\/p>\n<p>&nbsp;<\/p>\n<p>&nbsp;<\/p>\n<p>&nbsp;<\/p>\n<p>&nbsp;<\/p>\n<p>&nbsp;<\/p>\n<p>&nbsp;<\/p>\n<p>&nbsp;<\/p>\n<p>&nbsp;<\/p>\n<p>The administration of the museum was reformed in the 1980s. The Museum Board was transformed into a Culture Committee in 1981, which in 1989 became a Library-Culture Committee as a result of the reform of the municipal administration. Today, the museum function is under the authority of the Board of Education.<\/p>\n<p>Over the years, the museum has received more donations of artefacts, and the exhibitions have been renovated. Significant additional space was provided in 2003, when project funding enabled the acquisition of a new exhibition and warehouse building. The building tells about the old fishing method, winter fishing and the related tools and other objects. Electricity was installed in the main building of the museum in 2004. The name of the museum, originally known as the Kustavi Local History Museum, was changed in 2008 to the Kustavi Archipelago Museum. Indeed, the new name better reflects the original nature of the museum&#8217;s interior rooms and exhibitions, which have emerged from local artefacts related to landmarking, fishing and archipelago. The largest project in recent years has been the cataloging of museum objects and a collection of photographs.<\/p>\n<p>The annual renovations will ensure that the museum remains a valuable cultural and historical site, where both the objects of the past and the building itself form a significant entity that tells about the local livelihoods, customs and homeland. Over the years, the condition of the museum building has been taken care of carefully, respecting the old and avoiding additional modernizations that are not suitable for the original atmosphere of the building. <\/p>\n<p><strong>Literature:<\/strong><\/p>\n<ul>\n<li>Aaltonen, Elsa. 2002. Kustavin menneisyytt\u00e4.Turku.<\/li>\n<li>Heerv\u00e4, I. &amp; Joutsamo,T. 1983. Kustavin historia. Uusikaupunki.<\/li>\n<\/ul>\n<p><strong>Unprinted sources:<\/strong><\/p>\n<ul>\n<li>Jaramo, Ilmo. 1999. Kustavin paikallismuseo 30 vuotta.<\/li>\n<li>Kotiseutumuseolla 20-vuotisjuhla Kustavissa. 1989. Puheen k\u00e4sikirjoitus.<\/li>\n<li>Leskinen, Olli-Pekka.2007. Kustavin kotiseutumuseon kehitt\u00e4missuunnitelma.<\/li>\n<li>Ranne, Voitto.1999. Kustavin kotiseutumuseo 30-vuotta. Kunnianosoitus menneiden polvien ty\u00f6lle. Puheen k\u00e4sikirjoitus.<\/li>\n<\/ul>\n","protected":false},"excerpt":{"rendered":"History of Kustavi&#8217;s museum activities Kustavi&#8217;s museum activities began in the 1930s, when Elin and Salli Vaihinen began collecting old objects from the area. Salli Vaihinen, who worked as a primary school teacher in Kustavi&#8217;s Kaurissalo, also helped her students to increase the collection of objects. The collected objects were arranged and cataloged, and thus a small home museum was created in Salli Vaihinen&#8217;s home in the shed fence of Kevo, Vaihela . In 1954, Salli Vaihinen donated her collection to the municipality of Kustavi. In the same year, a museum committee was established to take care of the museum&#8217;s affairs, and more items were collected by locals. The Museum Committee was established in 1956 to replace the Museum Board. Initially, the municipality lacked a suitable place to house museum objects. However, the premises for the museum were soon found in the village of South Vartsala on the island of Vartsala, where the main building of the Stuutila farm was renovated into a museum. The opening of the Kustavi Local History Museum was held in 1969. In order to increase the artefacts and increase the variety, a special museum week was organized in 1970 in cooperation with the Kustavi Tourist Association, which was founded in the same year. The space of the museum almost doubled in 1974, when an additional space was built on the upper floor of the museum with the help of a grant as a showroom for an expanding collection. The following year, Teofilus Valtonen, a host from Vartsala, donated a fishing boat over a hundred years old to the museum, located in a shelter in the museum yard. On the edge of the courtyard is a smoke sauna built in the early 20th century, which the museum received as a donation in 1994. &nbsp; &nbsp; In 1977, relatives of the author Volter Kilpi, donated furniture, books and other items from the author&#8217;s estate that had been in his summer villa at Lintukoto. With the help of donated objects, a room dedicated to Kilpi was decorated in the second chamber downstairs of the museum. Since the 19th century, a Midsummer pole has been erected on the mill hill in the courtyard of the museum. A midsummer festival has been held in the yard since the 1970s, where both locals and summer guests have come together to watch the tasting and celebrate Midsummer. Herring lunch or salmon soup served in the yard has been a tradition in almost every Midsummer harvest since the early 1980s. The traditional opening of the summer season with its food, music performances and work shows has been held in mid-June. The museum has flea markets, cleaning workshops and museum days for schoolchildren and kindergarten children. For several years, the theater performances of Volter Kilpi in Kustavi &#8211; the program of the literature week &#8211; have been followed in the courtyard of the museum. &nbsp; &nbsp; &nbsp; &nbsp; &nbsp; &nbsp; &nbsp; &nbsp; &nbsp; &nbsp; &nbsp; &nbsp; The administration of the museum was reformed in the 1980s. The Museum Board was transformed into a Culture Committee in 1981, which in 1989 became a Library-Culture Committee as a result of the reform of the municipal administration. Today, the museum function is under the authority of the Board of Education. Over the years, the museum has received more donations of artefacts, and the exhibitions have been renovated. Significant additional space was provided in 2003, when project funding enabled the acquisition of a new exhibition and warehouse building. The building tells about the old fishing method, winter fishing and the related tools and other objects. Electricity was installed in the main building of the museum in 2004. The name of the museum, originally known as the Kustavi Local History Museum, was changed in 2008 to the Kustavi Archipelago Museum. Indeed, the new name better reflects the original nature of the museum&#8217;s interior rooms and exhibitions, which have emerged from local artefacts related to landmarking, fishing and archipelago. The largest project in recent years has been the cataloging of museum objects and a collection of photographs. The annual renovations will ensure that the museum remains a valuable cultural and historical site, where both the objects of the past and the building itself form a significant entity that tells about the local livelihoods, customs and homeland. Over the years, the condition of the museum building has been taken care of carefully, respecting the old and avoiding additional modernizations that are not suitable for the original atmosphere of the building. Literature: Aaltonen, Elsa. 2002. Kustavin menneisyytt\u00e4.Turku. Heerv\u00e4, I. &amp; Joutsamo,T. 1983. Kustavin historia. Uusikaupunki. Unprinted sources: Jaramo, Ilmo. 1999. Kustavin paikallismuseo 30 vuotta. Kotiseutumuseolla 20-vuotisjuhla Kustavissa. 1989. Puheen k\u00e4sikirjoitus. Leskinen, Olli-Pekka.2007. Kustavin kotiseutumuseon kehitt\u00e4missuunnitelma. Ranne, Voitto.1999. Kustavin kotiseutumuseo 30-vuotta. Kunnianosoitus menneiden polvien ty\u00f6lle. Puheen k\u00e4sikirjoitus.","protected":false},"author":2,"featured_media":0,"parent":58700,"menu_order":3,"comment_status":"closed","ping_status":"closed","template":"","meta":{"_acf_changed":false,"protect_children":false,"footnotes":""},"tags":[],"class_list":["post-58702","page","type-page","status-publish","hentry"],"acf":[],"yoast_head":"<!-- This site is optimized with the Yoast SEO plugin v27.4 - https:\/\/yoast.com\/product\/yoast-seo-wordpress\/ -->\n<title>The story of the museum - Municipality of Kustavi<\/title>\n<meta name=\"description\" content=\"Kustavi&#039;s museum activities began in the 1930s, when Elin and Salli Vaihinen began collecting old objects from the area.\" \/>\n<meta name=\"robots\" content=\"index, follow, max-snippet:-1, max-image-preview:large, max-video-preview:-1\" \/>\n<link rel=\"canonical\" href=\"https:\/\/kustavi.fi\/en\/culture-and-leisure\/kustavi-archipelago-museum\/the-story-of-the-museum\/\" \/>\n<meta property=\"og:locale\" content=\"en_US\" \/>\n<meta property=\"og:type\" content=\"article\" \/>\n<meta property=\"og:title\" content=\"The story of the museum - Municipality of Kustavi\" \/>\n<meta property=\"og:description\" content=\"Kustavi&#039;s museum activities began in the 1930s, when Elin and Salli Vaihinen began collecting old objects from the area.\" \/>\n<meta property=\"og:url\" content=\"https:\/\/kustavi.fi\/en\/culture-and-leisure\/kustavi-archipelago-museum\/the-story-of-the-museum\/\" \/>\n<meta property=\"og:site_name\" content=\"Kustavin kunta\" \/>\n<meta property=\"article:publisher\" content=\"https:\/\/www.facebook.com\/kustavi\/\" \/>\n<meta property=\"og:image\" content=\"https:\/\/kustavi.fi\/wp-content\/uploads\/2020\/06\/silakkavakka-1-rotated.jpg\" \/>\n<meta name=\"twitter:card\" content=\"summary_large_image\" \/>\n<meta name=\"twitter:label1\" content=\"Est. reading time\" \/>\n\t<meta name=\"twitter:data1\" content=\"4 minutes\" \/>\n<script type=\"application\/ld+json\" class=\"yoast-schema-graph\">{\"@context\":\"https:\\\/\\\/schema.org\",\"@graph\":[{\"@type\":\"WebPage\",\"@id\":\"https:\\\/\\\/kustavi.fi\\\/en\\\/culture-and-leisure\\\/kustavi-archipelago-museum\\\/the-story-of-the-museum\\\/\",\"url\":\"https:\\\/\\\/kustavi.fi\\\/en\\\/culture-and-leisure\\\/kustavi-archipelago-museum\\\/the-story-of-the-museum\\\/\",\"name\":\"The story of the museum - Municipality of Kustavi\",\"isPartOf\":{\"@id\":\"https:\\\/\\\/kustavi.fi\\\/en\\\/#website\"},\"datePublished\":\"2020-06-04T13:59:55+00:00\",\"description\":\"Kustavi's museum activities began in the 1930s, when Elin and Salli Vaihinen began collecting old objects from the area.\",\"breadcrumb\":{\"@id\":\"https:\\\/\\\/kustavi.fi\\\/en\\\/culture-and-leisure\\\/kustavi-archipelago-museum\\\/the-story-of-the-museum\\\/#breadcrumb\"},\"inLanguage\":\"en-US\",\"potentialAction\":[{\"@type\":\"ReadAction\",\"target\":[\"https:\\\/\\\/kustavi.fi\\\/en\\\/culture-and-leisure\\\/kustavi-archipelago-museum\\\/the-story-of-the-museum\\\/\"]}]},{\"@type\":\"BreadcrumbList\",\"@id\":\"https:\\\/\\\/kustavi.fi\\\/en\\\/culture-and-leisure\\\/kustavi-archipelago-museum\\\/the-story-of-the-museum\\\/#breadcrumb\",\"itemListElement\":[{\"@type\":\"ListItem\",\"position\":1,\"name\":\"Home\",\"item\":\"https:\\\/\\\/kustavi.fi\\\/en\\\/\"},{\"@type\":\"ListItem\",\"position\":2,\"name\":\"Culture and leisure\",\"item\":\"https:\\\/\\\/kustavi.fi\\\/en\\\/culture-and-leisure\\\/\"},{\"@type\":\"ListItem\",\"position\":3,\"name\":\"Kustavi Archipelago Museum\",\"item\":\"https:\\\/\\\/kustavi.fi\\\/en\\\/culture-and-leisure\\\/kustavi-archipelago-museum\\\/\"},{\"@type\":\"ListItem\",\"position\":4,\"name\":\"The story of the museum\"}]},{\"@type\":\"WebSite\",\"@id\":\"https:\\\/\\\/kustavi.fi\\\/en\\\/#website\",\"url\":\"https:\\\/\\\/kustavi.fi\\\/en\\\/\",\"name\":\"Kustavin kunta\",\"description\":\"Saariston kuningaskunta\",\"publisher\":{\"@id\":\"https:\\\/\\\/kustavi.fi\\\/en\\\/#organization\"},\"potentialAction\":[{\"@type\":\"SearchAction\",\"target\":{\"@type\":\"EntryPoint\",\"urlTemplate\":\"https:\\\/\\\/kustavi.fi\\\/en\\\/?s={search_term_string}\"},\"query-input\":{\"@type\":\"PropertyValueSpecification\",\"valueRequired\":true,\"valueName\":\"search_term_string\"}}],\"inLanguage\":\"en-US\"},{\"@type\":\"Organization\",\"@id\":\"https:\\\/\\\/kustavi.fi\\\/en\\\/#organization\",\"name\":\"Kustavin kunta\",\"url\":\"https:\\\/\\\/kustavi.fi\\\/en\\\/\",\"logo\":{\"@type\":\"ImageObject\",\"inLanguage\":\"en-US\",\"@id\":\"https:\\\/\\\/kustavi.fi\\\/en\\\/#\\\/schema\\\/logo\\\/image\\\/\",\"url\":\"https:\\\/\\\/kustavi.fi\\\/wp-content\\\/uploads\\\/2020\\\/06\\\/logo.png\",\"contentUrl\":\"https:\\\/\\\/kustavi.fi\\\/wp-content\\\/uploads\\\/2020\\\/06\\\/logo.png\",\"width\":400,\"height\":194,\"caption\":\"Kustavin kunta\"},\"image\":{\"@id\":\"https:\\\/\\\/kustavi.fi\\\/en\\\/#\\\/schema\\\/logo\\\/image\\\/\"},\"sameAs\":[\"https:\\\/\\\/www.facebook.com\\\/kustavi\\\/\",\"https:\\\/\\\/www.instagram.com\\\/kustavinkunta\\\/\",\"https:\\\/\\\/www.youtube.com\\\/channel\\\/UCt3g5LfuUo-6lJjqyZWSFKw\"]}]}<\/script>\n<!-- \/ Yoast SEO plugin. -->","yoast_head_json":{"title":"The story of the museum - Municipality of Kustavi","description":"Kustavi's museum activities began in the 1930s, when Elin and Salli Vaihinen began collecting old objects from the area.","robots":{"index":"index","follow":"follow","max-snippet":"max-snippet:-1","max-image-preview":"max-image-preview:large","max-video-preview":"max-video-preview:-1"},"canonical":"https:\/\/kustavi.fi\/en\/culture-and-leisure\/kustavi-archipelago-museum\/the-story-of-the-museum\/","og_locale":"en_US","og_type":"article","og_title":"The story of the museum - Municipality of Kustavi","og_description":"Kustavi's museum activities began in the 1930s, when Elin and Salli Vaihinen began collecting old objects from the area.","og_url":"https:\/\/kustavi.fi\/en\/culture-and-leisure\/kustavi-archipelago-museum\/the-story-of-the-museum\/","og_site_name":"Kustavin kunta","article_publisher":"https:\/\/www.facebook.com\/kustavi\/","og_image":[{"url":"https:\/\/kustavi.fi\/wp-content\/uploads\/2020\/06\/silakkavakka-1-rotated.jpg","type":"","width":"","height":""}],"twitter_card":"summary_large_image","twitter_misc":{"Est. reading time":"4 minutes"},"schema":{"@context":"https:\/\/schema.org","@graph":[{"@type":"WebPage","@id":"https:\/\/kustavi.fi\/en\/culture-and-leisure\/kustavi-archipelago-museum\/the-story-of-the-museum\/","url":"https:\/\/kustavi.fi\/en\/culture-and-leisure\/kustavi-archipelago-museum\/the-story-of-the-museum\/","name":"The story of the museum - Municipality of Kustavi","isPartOf":{"@id":"https:\/\/kustavi.fi\/en\/#website"},"datePublished":"2020-06-04T13:59:55+00:00","description":"Kustavi's museum activities began in the 1930s, when Elin and Salli Vaihinen began collecting old objects from the area.","breadcrumb":{"@id":"https:\/\/kustavi.fi\/en\/culture-and-leisure\/kustavi-archipelago-museum\/the-story-of-the-museum\/#breadcrumb"},"inLanguage":"en-US","potentialAction":[{"@type":"ReadAction","target":["https:\/\/kustavi.fi\/en\/culture-and-leisure\/kustavi-archipelago-museum\/the-story-of-the-museum\/"]}]},{"@type":"BreadcrumbList","@id":"https:\/\/kustavi.fi\/en\/culture-and-leisure\/kustavi-archipelago-museum\/the-story-of-the-museum\/#breadcrumb","itemListElement":[{"@type":"ListItem","position":1,"name":"Home","item":"https:\/\/kustavi.fi\/en\/"},{"@type":"ListItem","position":2,"name":"Culture and leisure","item":"https:\/\/kustavi.fi\/en\/culture-and-leisure\/"},{"@type":"ListItem","position":3,"name":"Kustavi Archipelago Museum","item":"https:\/\/kustavi.fi\/en\/culture-and-leisure\/kustavi-archipelago-museum\/"},{"@type":"ListItem","position":4,"name":"The story of the museum"}]},{"@type":"WebSite","@id":"https:\/\/kustavi.fi\/en\/#website","url":"https:\/\/kustavi.fi\/en\/","name":"Kustavin kunta","description":"Saariston kuningaskunta","publisher":{"@id":"https:\/\/kustavi.fi\/en\/#organization"},"potentialAction":[{"@type":"SearchAction","target":{"@type":"EntryPoint","urlTemplate":"https:\/\/kustavi.fi\/en\/?s={search_term_string}"},"query-input":{"@type":"PropertyValueSpecification","valueRequired":true,"valueName":"search_term_string"}}],"inLanguage":"en-US"},{"@type":"Organization","@id":"https:\/\/kustavi.fi\/en\/#organization","name":"Kustavin kunta","url":"https:\/\/kustavi.fi\/en\/","logo":{"@type":"ImageObject","inLanguage":"en-US","@id":"https:\/\/kustavi.fi\/en\/#\/schema\/logo\/image\/","url":"https:\/\/kustavi.fi\/wp-content\/uploads\/2020\/06\/logo.png","contentUrl":"https:\/\/kustavi.fi\/wp-content\/uploads\/2020\/06\/logo.png","width":400,"height":194,"caption":"Kustavin kunta"},"image":{"@id":"https:\/\/kustavi.fi\/en\/#\/schema\/logo\/image\/"},"sameAs":["https:\/\/www.facebook.com\/kustavi\/","https:\/\/www.instagram.com\/kustavinkunta\/","https:\/\/www.youtube.com\/channel\/UCt3g5LfuUo-6lJjqyZWSFKw"]}]}},"_links":{"self":[{"href":"https:\/\/kustavi.fi\/en\/wp-json\/wp\/v2\/pages\/58702","targetHints":{"allow":["GET"]}}],"collection":[{"href":"https:\/\/kustavi.fi\/en\/wp-json\/wp\/v2\/pages"}],"about":[{"href":"https:\/\/kustavi.fi\/en\/wp-json\/wp\/v2\/types\/page"}],"author":[{"embeddable":true,"href":"https:\/\/kustavi.fi\/en\/wp-json\/wp\/v2\/users\/2"}],"replies":[{"embeddable":true,"href":"https:\/\/kustavi.fi\/en\/wp-json\/wp\/v2\/comments?post=58702"}],"version-history":[{"count":0,"href":"https:\/\/kustavi.fi\/en\/wp-json\/wp\/v2\/pages\/58702\/revisions"}],"up":[{"embeddable":true,"href":"https:\/\/kustavi.fi\/en\/wp-json\/wp\/v2\/pages\/58700"}],"wp:attachment":[{"href":"https:\/\/kustavi.fi\/en\/wp-json\/wp\/v2\/media?parent=58702"}],"wp:term":[{"taxonomy":"post_tag","embeddable":true,"href":"https:\/\/kustavi.fi\/en\/wp-json\/wp\/v2\/tags?post=58702"}],"curies":[{"name":"wp","href":"https:\/\/api.w.org\/{rel}","templated":true}]}}