{"id":58698,"date":"2020-06-04T16:56:51","date_gmt":"2020-06-04T13:56:51","guid":{"rendered":"https:\/\/kustavi.fi\/culture-and-leisure\/culture\/cultural-environment\/"},"modified":"2020-06-04T16:56:51","modified_gmt":"2020-06-04T13:56:51","slug":"cultural-environment","status":"publish","type":"page","link":"https:\/\/kustavi.fi\/en\/culture-and-leisure\/kustavi-archipelago-museum\/cultural-environment\/","title":{"rendered":"Cultural environment"},"content":{"rendered":"<h2>Cultural environment<\/h2>\n<p>An environment built, maintained, used, or otherwise modified by humans is called a <strong> cultural environment. <\/strong> The cultural environment includes <strong> cultural landscapes, relics <\/strong>, and the <strong> built cultural environment. <\/strong> <\/p>\n<h3>Cultural landscapes<\/h3>\n<p>The landscapes are divided into natural and cultural landscapes. Natural landscapes include lakes, rivers, forests, cliffs, and other natural landscapes that show no traces of human labor. <strong> Cultural landscapes <\/strong>, on the other hand, arise from the interaction of man and nature and are always temporal and local entities. Each generation modifies its environment through its actions. Cultural landscapes are thus living and changing, endless processes in which people can adapt to environmental conditions at different times and take advantage of the elements of nature. <\/p>\n<p>Cultural landscapes worth exploring in the Kustavi area include the villages of South and North Vartsala, Suuri postitie, <a href=\"\/culture-and-leisure\/exercise-and-outdoor-activities\/nature-trails\/\" target=\"_blank\" rel=\"noopener noreferrer\">the environment of the nature and cultural trail <\/a>and the Str\u00f6\u00f6mi waterway, which has been designated a nationally valuable landscape area.<\/p>\n<p><strong> Traditional landscapes <\/strong> are cultural landscapes that have emerged as a result of agriculture and other early industries. For example, old pastures and environments shaped by early industry are traditional landscapes. Traditional landscapes are divided into <strong> traditional biotopes <\/strong> and <strong> built traditional landscapes.<\/strong><\/p>\n<h3>Traditional biotopes<\/h3>\n<p>Old meadows, moors, woodlands and forest pastures that have been preserved in their original form are <strong> traditional biotopes <\/strong>. Their care has traditionally been mowing, grazing and thinning. Traditional biotopes have not been fertilized or sown and have a rich and diverse plant species. A traditional biotope is a well-defined concept. The areas are inventoried and it is possible to receive support for their management.<\/p>\n<p><strong> The traditional landscape <\/strong> is broader than a traditional biotope. several old agricultural areas with barns and pastures can be traditional landscapes, even if they do not contain the valuable plant species required for traditional biotopes. However, traditional landscapes are significant for the landscape as a whole and have cultural and historical value. When measuring the value of a traditional landscape, the nature of the site is taken into account nationally, provincially or locally. <\/p>\n<h3>Built traditional landscapes<\/h3>\n<p><strong> Built traditional landscapes <\/strong> include buildings and areas from traditional agrarian culture, such as old rustic courtyards and mansions with parks. Early industrial areas, historic transport routes with their structures and landscapes, and ancient relics are also classified as built traditional landscapes.<br \/>\n&nbsp;<\/p>\n<figure id=\"attachment_1878\" aria-describedby=\"caption-attachment-1878\" style=\"width: 409px\" class=\"wp-caption alignright\"><img loading=\"lazy\" decoding=\"async\" class=\"wp-image-1878 \" src=\"\/wp-content\/uploads\/2020\/07\/DSC7277-scaled.jpg\" alt=\"Kiviaita kirkon vieress\u00e4\" width=\"409\" height=\"275\" srcset=\"https:\/\/kustavi.fi\/wp-content\/uploads\/2020\/07\/DSC7277-770x515.jpg 770w, https:\/\/kustavi.fi\/wp-content\/uploads\/2020\/07\/DSC7277-500x338.jpg 500w, https:\/\/kustavi.fi\/wp-content\/uploads\/2020\/07\/DSC7277-370x250.jpg 370w\" sizes=\"auto, (max-width: 409px) 100vw, 409px\" \/><figcaption id=\"caption-attachment-1878\" class=\"wp-caption-text\">The laid stone fence borders the church grounds of Kustavi. Stone fences were ordered to be built around the cemeteries from 1760 onwards. The fences were used to keep cats, dogs and other animals out of the cemetery. Stone fences have also been built to protect fields and courtyards. <br \/> Photo: Kari M\u00e4ntyl\u00e4<\/figcaption><\/figure>\n<figure id=\"attachment_2936\" aria-describedby=\"caption-attachment-2936\" style=\"width: 392px\" class=\"wp-caption alignleft\"><img loading=\"lazy\" decoding=\"async\" class=\"wp-image-2936 \" src=\"\/wp-content\/uploads\/2020\/07\/IMG_20200112_151425-scaled.jpg\" alt=\"\" width=\"392\" height=\"297\" \/><figcaption id=\"caption-attachment-2936\" class=\"wp-caption-text\">Kustavi church.<\/figcaption><\/figure>\n<h3>Ancient relics<\/h3>\n<p><strong> Ancient relics <\/strong> include prehistoric cemeteries, ancient residences, and structures used for defense. The wrecks of ships are undersea ancient remains. Tombstones and castle mountains stacked in stone are ancient relics visible in the landscape, but several ancient relics, such as old settlements and small tombs, hide in the landscape or are located underground. Solid antiquities are protected with the <a href=\"https:\/\/www.finlex.fi\/fi\/laki\/alkup\/1963\/19630295\" target=\"_blank\" rel=\"noopener noreferrer\">ancient monuments law.<\/a>(295\/1963)<\/p>\n<p><a href=\"https:\/\/www.kyppi.fi\/palveluikkuna\/raportti\/read\/asp\/hae_liite.aspx?id=100744&amp;ttyyppi=pdf&amp;kansio_id=304\">Kustavi&#8217;s ancient relic inventory  <\/a>contains information on relics. The inventoried archaeological sites can be found at the The Finnish Heritage Agency&#8217;s <a href=\"https:\/\/www.kyppi.fi\/palveluikkuna\/mjreki\/read\/asp\/r_default.aspx\" target=\"_blank\" rel=\"noopener noreferrer\">cultural environment service window <\/a>\u00a0(select the municipality Kustavi).<\/p>\n<h3>Built cultural environment<\/h3>\n<p>Buildings, roads, bridges, piers and lighthouses are a <strong> built cultural environment. <\/strong> The preservation of buildings of cultural and historical significance is ensured by zoning and special laws that determine which parts of the building are to be protected. The protected building must be maintained as required for protection. In connection with repairs and other measures, care must be taken to preserve the historic value of the building.<\/p>\n<p>The protection of the built cultural environment and the renovation project of the protected building are based on information obtained from inventories and building history surveys. The principles of protection are provided for in the <a href=\"https:\/\/www.finlex.fi\/fi\/laki\/ajantasa\/2010\/20100498\" target=\"_blank\" rel=\"noopener noreferrer\">Act on the Protection of the Architectural Heritage<\/a> (4.6.2010\/498)<\/p>\n<figure id=\"attachment_2957\" aria-describedby=\"caption-attachment-2957\" style=\"width: 420px\" class=\"wp-caption alignright\"><img loading=\"lazy\" decoding=\"async\" class=\"wp-image-2957 \" src=\"\/wp-content\/uploads\/2020\/07\/IMG_20200410_154150-scaled.jpg\" alt=\"\" width=\"420\" height=\"317\" \/><figcaption id=\"caption-attachment-2957\" class=\"wp-caption-text\">The windmill of Posti&#8217;s house in Etel\u00e4-Vartsala.<\/figcaption><\/figure>\n<p><strong>Culturally significant built sites in Kustavi:<\/strong><\/p>\n<p>Objects protected by the Building Protection Act:<\/p>\n<ul>\n<li><a href=\"https:\/\/www.kyppi.fi\/palveluikkuna\/rapea\/read\/asp\/r_kohde_det.aspx?KOHDE_ID=201236\" target=\"_blank\" rel=\"noopener noreferrer\">Sarvilinna <\/a>(The Finnish Heritage Agency), <a href=\"https:\/\/sarvilinna.fi\/\" target=\"_blank\" rel=\"noopener noreferrer\">Villa Sarvilinna<\/a>\u00a0(website)<\/li>\n<\/ul>\n<p>Buildings protected by church law: <\/p>\n<ul>\n<li><a href=\"https:\/\/www.kyppi.fi\/palveluikkuna\/rapea\/read\/asp\/r_kohde_det.aspx?KOHDE_ID=200464\" target=\"_blank\" rel=\"noopener noreferrer\">Kustavi church<\/a> (The Finnish Heritage Agency), <a href=\"https:\/\/www.kustavinseurakunta.fi\/kirkko-ja-tilat\/kirkko\/kustavin-kirkko\" target=\"_blank\" rel=\"noopener noreferrer\">Kustavi Parish<\/a><\/li>\n<\/ul>\n<p>Nationally significant built sites (links to the The Finnish Heritage Agency&#8217;s website):<\/p>\n<ul>\n<li><a href=\"http:\/\/www.rky.fi\/read\/asp\/r_kohde_det.aspx?KOHDE_ID=616\" target=\"_blank\" rel=\"noopener noreferrer\">Isokari lighthouse and pilot station<\/a><\/li>\n<li><a href=\"http:\/\/www.rky.fi\/read\/asp\/r_kohde_det.aspx?KOHDE_ID=2121\" target=\"_blank\" rel=\"noopener noreferrer\">Katanp\u00e4\u00e4 Fortress<\/a><\/li>\n<li><a href=\"http:\/\/www.rky.fi\/read\/asp\/r_kohde_det.aspx?KOHDE_ID=5127\" target=\"_blank\" rel=\"noopener noreferrer\">Kustavi church environment<\/a><\/li>\n<li><a href=\"http:\/\/www.rky.fi\/read\/asp\/r_kohde_det.aspx?KOHDE_ID=1775\" target=\"_blank\" rel=\"noopener noreferrer\">Lypyrt village and pilot station<\/a><\/li>\n<li><a href=\"http:\/\/www.rky.fi\/read\/asp\/r_kohde_det.aspx?KOHDE_ID=1776\" target=\"_blank\" rel=\"noopener noreferrer\">Suuri postitie<\/a><\/li>\n<\/ul>\n<p>Literature: <\/p>\n<ul>\n<li>Heikkil\u00e4, Tapio. 2000. Suomalainen kulttuurimaisema.Tammi .Sulkava.<\/li>\n<li>Lounatvuori, Irma et al. 2001. Rakennusperint\u00f6mme. Kulttuuriymp\u00e4rist\u00f6n lukukirja. Rakennustieto Oy. H\u00e4meenlinna.<\/li>\n<li>Suikkanen, Ilmo et al. 1995. Vakka-Suomi. Merest\u00e4 maaksi. Vakka-Suomen luonnonyst\u00e4v\u00e4t. Rauma.<\/li>\n<\/ul>\n<p>&nbsp;<\/p>\n","protected":false},"excerpt":{"rendered":"Cultural environment An environment built, maintained, used, or otherwise modified by humans is called a cultural environment. The cultural environment includes cultural landscapes, relics , and the built cultural environment. Cultural landscapes The landscapes are divided into natural and cultural landscapes. Natural landscapes include lakes, rivers, forests, cliffs, and other natural landscapes that show no traces of human labor. Cultural landscapes , on the other hand, arise from the interaction of man and nature and are always temporal and local entities. Each generation modifies its environment through its actions. Cultural landscapes are thus living and changing, endless processes in which people can adapt to environmental conditions at different times and take advantage of the elements of nature. Cultural landscapes worth exploring in the Kustavi area include the villages of South and North Vartsala, Suuri postitie, the environment of the nature and cultural trail and the Str\u00f6\u00f6mi waterway, which has been designated a nationally valuable landscape area. Traditional landscapes are cultural landscapes that have emerged as a result of agriculture and other early industries. For example, old pastures and environments shaped by early industry are traditional landscapes. Traditional landscapes are divided into traditional biotopes and built traditional landscapes. Traditional biotopes Old meadows, moors, woodlands and forest pastures that have been preserved in their original form are traditional biotopes . Their care has traditionally been mowing, grazing and thinning. Traditional biotopes have not been fertilized or sown and have a rich and diverse plant species. A traditional biotope is a well-defined concept. The areas are inventoried and it is possible to receive support for their management. The traditional landscape is broader than a traditional biotope. several old agricultural areas with barns and pastures can be traditional landscapes, even if they do not contain the valuable plant species required for traditional biotopes. However, traditional landscapes are significant for the landscape as a whole and have cultural and historical value. When measuring the value of a traditional landscape, the nature of the site is taken into account nationally, provincially or locally. Built traditional landscapes Built traditional landscapes include buildings and areas from traditional agrarian culture, such as old rustic courtyards and mansions with parks. Early industrial areas, historic transport routes with their structures and landscapes, and ancient relics are also classified as built traditional landscapes. &nbsp; Ancient relics Ancient relics include prehistoric cemeteries, ancient residences, and structures used for defense. The wrecks of ships are undersea ancient remains. Tombstones and castle mountains stacked in stone are ancient relics visible in the landscape, but several ancient relics, such as old settlements and small tombs, hide in the landscape or are located underground. Solid antiquities are protected with the ancient monuments law.(295\/1963) Kustavi&#8217;s ancient relic inventory contains information on relics. The inventoried archaeological sites can be found at the The Finnish Heritage Agency&#8217;s cultural environment service window \u00a0(select the municipality Kustavi). Built cultural environment Buildings, roads, bridges, piers and lighthouses are a built cultural environment. The preservation of buildings of cultural and historical significance is ensured by zoning and special laws that determine which parts of the building are to be protected. The protected building must be maintained as required for protection. In connection with repairs and other measures, care must be taken to preserve the historic value of the building. The protection of the built cultural environment and the renovation project of the protected building are based on information obtained from inventories and building history surveys. The principles of protection are provided for in the Act on the Protection of the Architectural Heritage (4.6.2010\/498) Culturally significant built sites in Kustavi: Objects protected by the Building Protection Act: Sarvilinna (The Finnish Heritage Agency), Villa Sarvilinna\u00a0(website) Buildings protected by church law: Kustavi church (The Finnish Heritage Agency), Kustavi Parish Nationally significant built sites (links to the The Finnish Heritage Agency&#8217;s website): Isokari lighthouse and pilot station Katanp\u00e4\u00e4 Fortress Kustavi church environment Lypyrt village and pilot station Suuri postitie Literature: Heikkil\u00e4, Tapio. 2000. Suomalainen kulttuurimaisema.Tammi .Sulkava. Lounatvuori, Irma et al. 2001. Rakennusperint\u00f6mme. Kulttuuriymp\u00e4rist\u00f6n lukukirja. Rakennustieto Oy. H\u00e4meenlinna. Suikkanen, Ilmo et al. 1995. Vakka-Suomi. Merest\u00e4 maaksi. Vakka-Suomen luonnonyst\u00e4v\u00e4t. Rauma. &nbsp;","protected":false},"author":2,"featured_media":0,"parent":58700,"menu_order":2,"comment_status":"closed","ping_status":"closed","template":"","meta":{"_acf_changed":false,"protect_children":false,"footnotes":""},"tags":[],"class_list":["post-58698","page","type-page","status-publish","hentry"],"acf":[],"yoast_head":"<!-- This site is optimized with the Yoast SEO plugin v27.4 - https:\/\/yoast.com\/product\/yoast-seo-wordpress\/ -->\n<title>Cultural environment - Municipality of Kustavi<\/title>\n<meta name=\"description\" content=\"An environment built, maintained, used, or otherwise modified by humans is called a cultural environment.\" \/>\n<meta name=\"robots\" content=\"index, follow, max-snippet:-1, max-image-preview:large, max-video-preview:-1\" \/>\n<link rel=\"canonical\" href=\"https:\/\/kustavi.fi\/en\/culture-and-leisure\/kustavi-archipelago-museum\/cultural-environment\/\" \/>\n<meta property=\"og:locale\" content=\"en_US\" \/>\n<meta property=\"og:type\" content=\"article\" \/>\n<meta property=\"og:title\" content=\"Cultural environment - Municipality of Kustavi\" \/>\n<meta property=\"og:description\" content=\"An environment built, maintained, used, or otherwise modified by humans is called a cultural environment.\" \/>\n<meta property=\"og:url\" content=\"https:\/\/kustavi.fi\/en\/culture-and-leisure\/kustavi-archipelago-museum\/cultural-environment\/\" \/>\n<meta property=\"og:site_name\" content=\"Kustavin kunta\" \/>\n<meta property=\"article:publisher\" content=\"https:\/\/www.facebook.com\/kustavi\/\" \/>\n<meta property=\"og:image\" content=\"https:\/\/kustavi.fi\/wp-content\/uploads\/2020\/07\/DSC7277-scaled.jpg\" \/>\n<meta name=\"twitter:card\" content=\"summary_large_image\" \/>\n<meta name=\"twitter:label1\" content=\"Est. reading time\" \/>\n\t<meta name=\"twitter:data1\" content=\"4 minutes\" \/>\n<script type=\"application\/ld+json\" class=\"yoast-schema-graph\">{\"@context\":\"https:\\\/\\\/schema.org\",\"@graph\":[{\"@type\":\"WebPage\",\"@id\":\"https:\\\/\\\/kustavi.fi\\\/en\\\/culture-and-leisure\\\/kustavi-archipelago-museum\\\/cultural-environment\\\/\",\"url\":\"https:\\\/\\\/kustavi.fi\\\/en\\\/culture-and-leisure\\\/kustavi-archipelago-museum\\\/cultural-environment\\\/\",\"name\":\"Cultural environment - Municipality of Kustavi\",\"isPartOf\":{\"@id\":\"https:\\\/\\\/kustavi.fi\\\/en\\\/#website\"},\"datePublished\":\"2020-06-04T13:56:51+00:00\",\"description\":\"An environment built, maintained, used, or otherwise modified by humans is called a cultural environment.\",\"breadcrumb\":{\"@id\":\"https:\\\/\\\/kustavi.fi\\\/en\\\/culture-and-leisure\\\/kustavi-archipelago-museum\\\/cultural-environment\\\/#breadcrumb\"},\"inLanguage\":\"en-US\",\"potentialAction\":[{\"@type\":\"ReadAction\",\"target\":[\"https:\\\/\\\/kustavi.fi\\\/en\\\/culture-and-leisure\\\/kustavi-archipelago-museum\\\/cultural-environment\\\/\"]}]},{\"@type\":\"BreadcrumbList\",\"@id\":\"https:\\\/\\\/kustavi.fi\\\/en\\\/culture-and-leisure\\\/kustavi-archipelago-museum\\\/cultural-environment\\\/#breadcrumb\",\"itemListElement\":[{\"@type\":\"ListItem\",\"position\":1,\"name\":\"Home\",\"item\":\"https:\\\/\\\/kustavi.fi\\\/en\\\/\"},{\"@type\":\"ListItem\",\"position\":2,\"name\":\"Culture and leisure\",\"item\":\"https:\\\/\\\/kustavi.fi\\\/en\\\/culture-and-leisure\\\/\"},{\"@type\":\"ListItem\",\"position\":3,\"name\":\"Culture\",\"item\":\"https:\\\/\\\/kustavi.fi\\\/en\\\/culture-and-leisure\\\/culture\\\/\"},{\"@type\":\"ListItem\",\"position\":4,\"name\":\"Cultural environment\"}]},{\"@type\":\"WebSite\",\"@id\":\"https:\\\/\\\/kustavi.fi\\\/en\\\/#website\",\"url\":\"https:\\\/\\\/kustavi.fi\\\/en\\\/\",\"name\":\"Kustavin kunta\",\"description\":\"Saariston kuningaskunta\",\"publisher\":{\"@id\":\"https:\\\/\\\/kustavi.fi\\\/en\\\/#organization\"},\"potentialAction\":[{\"@type\":\"SearchAction\",\"target\":{\"@type\":\"EntryPoint\",\"urlTemplate\":\"https:\\\/\\\/kustavi.fi\\\/en\\\/?s={search_term_string}\"},\"query-input\":{\"@type\":\"PropertyValueSpecification\",\"valueRequired\":true,\"valueName\":\"search_term_string\"}}],\"inLanguage\":\"en-US\"},{\"@type\":\"Organization\",\"@id\":\"https:\\\/\\\/kustavi.fi\\\/en\\\/#organization\",\"name\":\"Kustavin kunta\",\"url\":\"https:\\\/\\\/kustavi.fi\\\/en\\\/\",\"logo\":{\"@type\":\"ImageObject\",\"inLanguage\":\"en-US\",\"@id\":\"https:\\\/\\\/kustavi.fi\\\/en\\\/#\\\/schema\\\/logo\\\/image\\\/\",\"url\":\"https:\\\/\\\/kustavi.fi\\\/wp-content\\\/uploads\\\/2020\\\/06\\\/logo.png\",\"contentUrl\":\"https:\\\/\\\/kustavi.fi\\\/wp-content\\\/uploads\\\/2020\\\/06\\\/logo.png\",\"width\":400,\"height\":194,\"caption\":\"Kustavin kunta\"},\"image\":{\"@id\":\"https:\\\/\\\/kustavi.fi\\\/en\\\/#\\\/schema\\\/logo\\\/image\\\/\"},\"sameAs\":[\"https:\\\/\\\/www.facebook.com\\\/kustavi\\\/\",\"https:\\\/\\\/www.instagram.com\\\/kustavinkunta\\\/\",\"https:\\\/\\\/www.youtube.com\\\/channel\\\/UCt3g5LfuUo-6lJjqyZWSFKw\"]}]}<\/script>\n<!-- \/ Yoast SEO plugin. -->","yoast_head_json":{"title":"Cultural environment - Municipality of Kustavi","description":"An environment built, maintained, used, or otherwise modified by humans is called a cultural environment.","robots":{"index":"index","follow":"follow","max-snippet":"max-snippet:-1","max-image-preview":"max-image-preview:large","max-video-preview":"max-video-preview:-1"},"canonical":"https:\/\/kustavi.fi\/en\/culture-and-leisure\/kustavi-archipelago-museum\/cultural-environment\/","og_locale":"en_US","og_type":"article","og_title":"Cultural environment - Municipality of Kustavi","og_description":"An environment built, maintained, used, or otherwise modified by humans is called a cultural environment.","og_url":"https:\/\/kustavi.fi\/en\/culture-and-leisure\/kustavi-archipelago-museum\/cultural-environment\/","og_site_name":"Kustavin kunta","article_publisher":"https:\/\/www.facebook.com\/kustavi\/","og_image":[{"url":"https:\/\/kustavi.fi\/wp-content\/uploads\/2020\/07\/DSC7277-scaled.jpg","type":"","width":"","height":""}],"twitter_card":"summary_large_image","twitter_misc":{"Est. reading time":"4 minutes"},"schema":{"@context":"https:\/\/schema.org","@graph":[{"@type":"WebPage","@id":"https:\/\/kustavi.fi\/en\/culture-and-leisure\/kustavi-archipelago-museum\/cultural-environment\/","url":"https:\/\/kustavi.fi\/en\/culture-and-leisure\/kustavi-archipelago-museum\/cultural-environment\/","name":"Cultural environment - Municipality of Kustavi","isPartOf":{"@id":"https:\/\/kustavi.fi\/en\/#website"},"datePublished":"2020-06-04T13:56:51+00:00","description":"An environment built, maintained, used, or otherwise modified by humans is called a cultural environment.","breadcrumb":{"@id":"https:\/\/kustavi.fi\/en\/culture-and-leisure\/kustavi-archipelago-museum\/cultural-environment\/#breadcrumb"},"inLanguage":"en-US","potentialAction":[{"@type":"ReadAction","target":["https:\/\/kustavi.fi\/en\/culture-and-leisure\/kustavi-archipelago-museum\/cultural-environment\/"]}]},{"@type":"BreadcrumbList","@id":"https:\/\/kustavi.fi\/en\/culture-and-leisure\/kustavi-archipelago-museum\/cultural-environment\/#breadcrumb","itemListElement":[{"@type":"ListItem","position":1,"name":"Home","item":"https:\/\/kustavi.fi\/en\/"},{"@type":"ListItem","position":2,"name":"Culture and leisure","item":"https:\/\/kustavi.fi\/en\/culture-and-leisure\/"},{"@type":"ListItem","position":3,"name":"Culture","item":"https:\/\/kustavi.fi\/en\/culture-and-leisure\/culture\/"},{"@type":"ListItem","position":4,"name":"Cultural environment"}]},{"@type":"WebSite","@id":"https:\/\/kustavi.fi\/en\/#website","url":"https:\/\/kustavi.fi\/en\/","name":"Kustavin kunta","description":"Saariston kuningaskunta","publisher":{"@id":"https:\/\/kustavi.fi\/en\/#organization"},"potentialAction":[{"@type":"SearchAction","target":{"@type":"EntryPoint","urlTemplate":"https:\/\/kustavi.fi\/en\/?s={search_term_string}"},"query-input":{"@type":"PropertyValueSpecification","valueRequired":true,"valueName":"search_term_string"}}],"inLanguage":"en-US"},{"@type":"Organization","@id":"https:\/\/kustavi.fi\/en\/#organization","name":"Kustavin kunta","url":"https:\/\/kustavi.fi\/en\/","logo":{"@type":"ImageObject","inLanguage":"en-US","@id":"https:\/\/kustavi.fi\/en\/#\/schema\/logo\/image\/","url":"https:\/\/kustavi.fi\/wp-content\/uploads\/2020\/06\/logo.png","contentUrl":"https:\/\/kustavi.fi\/wp-content\/uploads\/2020\/06\/logo.png","width":400,"height":194,"caption":"Kustavin kunta"},"image":{"@id":"https:\/\/kustavi.fi\/en\/#\/schema\/logo\/image\/"},"sameAs":["https:\/\/www.facebook.com\/kustavi\/","https:\/\/www.instagram.com\/kustavinkunta\/","https:\/\/www.youtube.com\/channel\/UCt3g5LfuUo-6lJjqyZWSFKw"]}]}},"_links":{"self":[{"href":"https:\/\/kustavi.fi\/en\/wp-json\/wp\/v2\/pages\/58698","targetHints":{"allow":["GET"]}}],"collection":[{"href":"https:\/\/kustavi.fi\/en\/wp-json\/wp\/v2\/pages"}],"about":[{"href":"https:\/\/kustavi.fi\/en\/wp-json\/wp\/v2\/types\/page"}],"author":[{"embeddable":true,"href":"https:\/\/kustavi.fi\/en\/wp-json\/wp\/v2\/users\/2"}],"replies":[{"embeddable":true,"href":"https:\/\/kustavi.fi\/en\/wp-json\/wp\/v2\/comments?post=58698"}],"version-history":[{"count":0,"href":"https:\/\/kustavi.fi\/en\/wp-json\/wp\/v2\/pages\/58698\/revisions"}],"up":[{"embeddable":true,"href":"https:\/\/kustavi.fi\/en\/wp-json\/wp\/v2\/pages\/58700"}],"wp:attachment":[{"href":"https:\/\/kustavi.fi\/en\/wp-json\/wp\/v2\/media?parent=58698"}],"wp:term":[{"taxonomy":"post_tag","embeddable":true,"href":"https:\/\/kustavi.fi\/en\/wp-json\/wp\/v2\/tags?post=58698"}],"curies":[{"name":"wp","href":"https:\/\/api.w.org\/{rel}","templated":true}]}}