{"id":58696,"date":"2020-06-04T16:59:14","date_gmt":"2020-06-04T13:59:14","guid":{"rendered":"https:\/\/kustavi.fi\/culture-and-leisure\/library\/picture-gallery\/"},"modified":"2020-06-04T16:59:14","modified_gmt":"2020-06-04T13:59:14","slug":"picture-gallery","status":"publish","type":"page","link":"https:\/\/kustavi.fi\/en\/culture-and-leisure\/library\/picture-gallery\/","title":{"rendered":"Picture gallery"},"content":{"rendered":"<div id='gallery-1' class='gallery galleryid-58696 gallery-columns-4 gallery-size-medium'><figure class='gallery-item'>\n\t\t\t<div class='gallery-icon portrait'>\n\t\t\t\t<img loading=\"lazy\" decoding=\"async\" width=\"225\" height=\"300\" src=\"https:\/\/kustavi.fi\/wp-content\/uploads\/2020\/07\/Satutunnin-j\u00e4\u00e4karhut-225x300.jpg\" class=\"attachment-medium size-medium\" alt=\"\" aria-describedby=\"gallery-1-2578\" srcset=\"https:\/\/kustavi.fi\/wp-content\/uploads\/2020\/07\/Satutunnin-j\u00e4\u00e4karhut-225x300.jpg 225w, https:\/\/kustavi.fi\/wp-content\/uploads\/2020\/07\/Satutunnin-j\u00e4\u00e4karhut-500x667.jpg 500w, https:\/\/kustavi.fi\/wp-content\/uploads\/2020\/07\/Satutunnin-j\u00e4\u00e4karhut.jpg 744w\" sizes=\"auto, (max-width: 225px) 100vw, 225px\" \/>\n\t\t\t<\/div>\n\t\t\t\t<figcaption class='wp-caption-text gallery-caption' id='gallery-1-2578'>\n\t\t\t\tSatutunnilla askarreltuja j\u00e4\u00e4karhuja.\n\t\t\t\t<\/figcaption><\/figure><figure class='gallery-item'>\n\t\t\t<div class='gallery-icon portrait'>\n\t\t\t\t<img loading=\"lazy\" decoding=\"async\" width=\"225\" height=\"300\" src=\"https:\/\/kustavi.fi\/wp-content\/uploads\/2020\/07\/novellikoukku-225x300.jpg\" class=\"attachment-medium size-medium\" alt=\"\" aria-describedby=\"gallery-1-2584\" srcset=\"https:\/\/kustavi.fi\/wp-content\/uploads\/2020\/07\/novellikoukku-225x300.jpg 225w, https:\/\/kustavi.fi\/wp-content\/uploads\/2020\/07\/novellikoukku-500x667.jpg 500w, https:\/\/kustavi.fi\/wp-content\/uploads\/2020\/07\/novellikoukku.jpg 744w\" sizes=\"auto, (max-width: 225px) 100vw, 225px\" \/>\n\t\t\t<\/div>\n\t\t\t\t<figcaption class='wp-caption-text gallery-caption' id='gallery-1-2584'>\n\t\t\t\tNovellikoukuissa kuunnellaan \u00e4\u00e4neenluettuja novelleja ja tehd\u00e4\u00e4n k\u00e4sit\u00f6it\u00e4, kahvin ja pullan kera!\n\t\t\t\t<\/figcaption><\/figure><figure class='gallery-item'>\n\t\t\t<div class='gallery-icon portrait'>\n\t\t\t\t<img loading=\"lazy\" decoding=\"async\" width=\"225\" height=\"300\" src=\"https:\/\/kustavi.fi\/wp-content\/uploads\/2020\/07\/Hali-Koira14.2.-nettisivuille-225x300.jpg\" class=\"attachment-medium size-medium\" alt=\"\" aria-describedby=\"gallery-1-2798\" srcset=\"https:\/\/kustavi.fi\/wp-content\/uploads\/2020\/07\/Hali-Koira14.2.-nettisivuille-225x300.jpg 225w, https:\/\/kustavi.fi\/wp-content\/uploads\/2020\/07\/Hali-Koira14.2.-nettisivuille-500x667.jpg 500w, https:\/\/kustavi.fi\/wp-content\/uploads\/2020\/07\/Hali-Koira14.2.-nettisivuille.jpg 744w\" sizes=\"auto, (max-width: 225px) 100vw, 225px\" \/>\n\t\t\t<\/div>\n\t\t\t\t<figcaption class='wp-caption-text gallery-caption' id='gallery-1-2798'>\n\t\t\t\tHali-Koiran vierailu kirjastossa.\n\t\t\t\t<\/figcaption><\/figure><figure class='gallery-item'>\n\t\t\t<div class='gallery-icon landscape'>\n\t\t\t\t<img loading=\"lazy\" decoding=\"async\" width=\"300\" height=\"225\" src=\"https:\/\/kustavi.fi\/wp-content\/uploads\/2020\/07\/Taideyhdistyksen-n\u00e4yttely-2018-300x225.jpg\" class=\"attachment-medium size-medium\" alt=\"\" aria-describedby=\"gallery-1-2802\" srcset=\"https:\/\/kustavi.fi\/wp-content\/uploads\/2020\/07\/Taideyhdistyksen-n\u00e4yttely-2018-300x225.jpg 300w, https:\/\/kustavi.fi\/wp-content\/uploads\/2020\/07\/Taideyhdistyksen-n\u00e4yttely-2018-1024x768.jpg 1024w, https:\/\/kustavi.fi\/wp-content\/uploads\/2020\/07\/Taideyhdistyksen-n\u00e4yttely-2018-768x576.jpg 768w, https:\/\/kustavi.fi\/wp-content\/uploads\/2020\/07\/Taideyhdistyksen-n\u00e4yttely-2018-1536x1152.jpg 1536w, https:\/\/kustavi.fi\/wp-content\/uploads\/2020\/07\/Taideyhdistyksen-n\u00e4yttely-2018-2048x1536.jpg 2048w, https:\/\/kustavi.fi\/wp-content\/uploads\/2020\/07\/Taideyhdistyksen-n\u00e4yttely-2018-800x600.jpg 800w, https:\/\/kustavi.fi\/wp-content\/uploads\/2020\/07\/Taideyhdistyksen-n\u00e4yttely-2018-1920x1440.jpg 1920w, https:\/\/kustavi.fi\/wp-content\/uploads\/2020\/07\/Taideyhdistyksen-n\u00e4yttely-2018-500x375.jpg 500w\" sizes=\"auto, (max-width: 300px) 100vw, 300px\" \/>\n\t\t\t<\/div>\n\t\t\t\t<figcaption class='wp-caption-text gallery-caption' id='gallery-1-2802'>\n\t\t\t\tKustavin taideyhdistyksen n\u00e4yttely kirjastossa vuonna 2018.\n\t\t\t\t<\/figcaption><\/figure><figure class='gallery-item'>\n\t\t\t<div class='gallery-icon landscape'>\n\t\t\t\t<img loading=\"lazy\" decoding=\"async\" width=\"300\" height=\"225\" src=\"https:\/\/kustavi.fi\/wp-content\/uploads\/2020\/07\/Tintin-n\u00e4yttely\u00e4-hein\u00e4kuu-2020-300x225.jpg\" class=\"attachment-medium size-medium\" alt=\"\" aria-describedby=\"gallery-1-2821\" srcset=\"https:\/\/kustavi.fi\/wp-content\/uploads\/2020\/07\/Tintin-n\u00e4yttely\u00e4-hein\u00e4kuu-2020-300x225.jpg 300w, https:\/\/kustavi.fi\/wp-content\/uploads\/2020\/07\/Tintin-n\u00e4yttely\u00e4-hein\u00e4kuu-2020-768x576.jpg 768w, https:\/\/kustavi.fi\/wp-content\/uploads\/2020\/07\/Tintin-n\u00e4yttely\u00e4-hein\u00e4kuu-2020-800x600.jpg 800w, https:\/\/kustavi.fi\/wp-content\/uploads\/2020\/07\/Tintin-n\u00e4yttely\u00e4-hein\u00e4kuu-2020-500x375.jpg 500w, https:\/\/kustavi.fi\/wp-content\/uploads\/2020\/07\/Tintin-n\u00e4yttely\u00e4-hein\u00e4kuu-2020.jpg 992w\" sizes=\"auto, (max-width: 300px) 100vw, 300px\" \/>\n\t\t\t<\/div>\n\t\t\t\t<figcaption class='wp-caption-text gallery-caption' id='gallery-1-2821'>\n\t\t\t\tTintti Keskevaarin valokuvan\u00e4yttely &#8220;muuutama kuva Kustavista&#8221; oli esill\u00e4 hein\u00e4kuussa 2020.\n\t\t\t\t<\/figcaption><\/figure>\n\t\t<\/div>\n\n<p>&nbsp;<\/p>\n","protected":false},"excerpt":{"rendered":"&nbsp;","protected":false},"author":2,"featured_media":0,"parent":58690,"menu_order":8,"comment_status":"closed","ping_status":"closed","template":"","meta":{"_acf_changed":false,"protect_children":false,"footnotes":""},"tags":[],"class_list":["post-58696","page","type-page","status-publish","hentry"],"acf":[],"yoast_head":"<!-- This site is optimized with the Yoast SEO plugin v27.4 - https:\/\/yoast.com\/product\/yoast-seo-wordpress\/ -->\n<title>Picture gallery | Library - Municipality of Kustavi<\/title>\n<meta name=\"description\" content=\"See the harvest of the picture gallery in the Kustavi library on this page.\" \/>\n<meta name=\"robots\" content=\"index, follow, max-snippet:-1, max-image-preview:large, max-video-preview:-1\" \/>\n<link rel=\"canonical\" href=\"https:\/\/kustavi.fi\/en\/culture-and-leisure\/library\/picture-gallery\/\" \/>\n<meta property=\"og:locale\" content=\"en_US\" \/>\n<meta property=\"og:type\" content=\"article\" \/>\n<meta property=\"og:title\" content=\"Picture gallery | Library - Municipality of Kustavi\" \/>\n<meta property=\"og:description\" content=\"See the harvest of the picture gallery in the Kustavi library on this page.\" \/>\n<meta property=\"og:url\" content=\"https:\/\/kustavi.fi\/en\/culture-and-leisure\/library\/picture-gallery\/\" \/>\n<meta property=\"og:site_name\" content=\"Kustavin kunta\" \/>\n<meta property=\"article:publisher\" content=\"https:\/\/www.facebook.com\/kustavi\/\" \/>\n<meta property=\"og:image\" content=\"https:\/\/kustavi.fi\/wp-content\/uploads\/2020\/07\/Satutunnin-j\u00e4\u00e4karhut-225x300.jpg\" \/>\n<meta name=\"twitter:card\" content=\"summary_large_image\" \/>\n<script type=\"application\/ld+json\" class=\"yoast-schema-graph\">{\"@context\":\"https:\\\/\\\/schema.org\",\"@graph\":[{\"@type\":\"WebPage\",\"@id\":\"https:\\\/\\\/kustavi.fi\\\/en\\\/culture-and-leisure\\\/library\\\/picture-gallery\\\/\",\"url\":\"https:\\\/\\\/kustavi.fi\\\/en\\\/culture-and-leisure\\\/library\\\/picture-gallery\\\/\",\"name\":\"Picture gallery | Library - Municipality of Kustavi\",\"isPartOf\":{\"@id\":\"https:\\\/\\\/kustavi.fi\\\/en\\\/#website\"},\"datePublished\":\"2020-06-04T13:59:14+00:00\",\"description\":\"See the harvest of the picture gallery in the Kustavi library on this page.\",\"breadcrumb\":{\"@id\":\"https:\\\/\\\/kustavi.fi\\\/en\\\/culture-and-leisure\\\/library\\\/picture-gallery\\\/#breadcrumb\"},\"inLanguage\":\"en-US\",\"potentialAction\":[{\"@type\":\"ReadAction\",\"target\":[\"https:\\\/\\\/kustavi.fi\\\/en\\\/culture-and-leisure\\\/library\\\/picture-gallery\\\/\"]}]},{\"@type\":\"BreadcrumbList\",\"@id\":\"https:\\\/\\\/kustavi.fi\\\/en\\\/culture-and-leisure\\\/library\\\/picture-gallery\\\/#breadcrumb\",\"itemListElement\":[{\"@type\":\"ListItem\",\"position\":1,\"name\":\"Home\",\"item\":\"https:\\\/\\\/kustavi.fi\\\/en\\\/\"},{\"@type\":\"ListItem\",\"position\":2,\"name\":\"Culture and leisure\",\"item\":\"https:\\\/\\\/kustavi.fi\\\/en\\\/culture-and-leisure\\\/\"},{\"@type\":\"ListItem\",\"position\":3,\"name\":\"Library\",\"item\":\"https:\\\/\\\/kustavi.fi\\\/en\\\/culture-and-leisure\\\/library\\\/\"},{\"@type\":\"ListItem\",\"position\":4,\"name\":\"Picture gallery\"}]},{\"@type\":\"WebSite\",\"@id\":\"https:\\\/\\\/kustavi.fi\\\/en\\\/#website\",\"url\":\"https:\\\/\\\/kustavi.fi\\\/en\\\/\",\"name\":\"Kustavin kunta\",\"description\":\"Saariston kuningaskunta\",\"publisher\":{\"@id\":\"https:\\\/\\\/kustavi.fi\\\/en\\\/#organization\"},\"potentialAction\":[{\"@type\":\"SearchAction\",\"target\":{\"@type\":\"EntryPoint\",\"urlTemplate\":\"https:\\\/\\\/kustavi.fi\\\/en\\\/?s={search_term_string}\"},\"query-input\":{\"@type\":\"PropertyValueSpecification\",\"valueRequired\":true,\"valueName\":\"search_term_string\"}}],\"inLanguage\":\"en-US\"},{\"@type\":\"Organization\",\"@id\":\"https:\\\/\\\/kustavi.fi\\\/en\\\/#organization\",\"name\":\"Kustavin kunta\",\"url\":\"https:\\\/\\\/kustavi.fi\\\/en\\\/\",\"logo\":{\"@type\":\"ImageObject\",\"inLanguage\":\"en-US\",\"@id\":\"https:\\\/\\\/kustavi.fi\\\/en\\\/#\\\/schema\\\/logo\\\/image\\\/\",\"url\":\"https:\\\/\\\/kustavi.fi\\\/wp-content\\\/uploads\\\/2020\\\/06\\\/logo.png\",\"contentUrl\":\"https:\\\/\\\/kustavi.fi\\\/wp-content\\\/uploads\\\/2020\\\/06\\\/logo.png\",\"width\":400,\"height\":194,\"caption\":\"Kustavin kunta\"},\"image\":{\"@id\":\"https:\\\/\\\/kustavi.fi\\\/en\\\/#\\\/schema\\\/logo\\\/image\\\/\"},\"sameAs\":[\"https:\\\/\\\/www.facebook.com\\\/kustavi\\\/\",\"https:\\\/\\\/www.instagram.com\\\/kustavinkunta\\\/\",\"https:\\\/\\\/www.youtube.com\\\/channel\\\/UCt3g5LfuUo-6lJjqyZWSFKw\"]}]}<\/script>\n<!-- \/ Yoast SEO plugin. -->","yoast_head_json":{"title":"Picture gallery | Library - Municipality of Kustavi","description":"See the harvest of the picture gallery in the Kustavi library on this page.","robots":{"index":"index","follow":"follow","max-snippet":"max-snippet:-1","max-image-preview":"max-image-preview:large","max-video-preview":"max-video-preview:-1"},"canonical":"https:\/\/kustavi.fi\/en\/culture-and-leisure\/library\/picture-gallery\/","og_locale":"en_US","og_type":"article","og_title":"Picture gallery | Library - Municipality of Kustavi","og_description":"See the harvest of the picture gallery in the Kustavi library on this page.","og_url":"https:\/\/kustavi.fi\/en\/culture-and-leisure\/library\/picture-gallery\/","og_site_name":"Kustavin kunta","article_publisher":"https:\/\/www.facebook.com\/kustavi\/","og_image":[{"url":"https:\/\/kustavi.fi\/wp-content\/uploads\/2020\/07\/Satutunnin-j\u00e4\u00e4karhut-225x300.jpg","type":"","width":"","height":""}],"twitter_card":"summary_large_image","schema":{"@context":"https:\/\/schema.org","@graph":[{"@type":"WebPage","@id":"https:\/\/kustavi.fi\/en\/culture-and-leisure\/library\/picture-gallery\/","url":"https:\/\/kustavi.fi\/en\/culture-and-leisure\/library\/picture-gallery\/","name":"Picture gallery | Library - Municipality of Kustavi","isPartOf":{"@id":"https:\/\/kustavi.fi\/en\/#website"},"datePublished":"2020-06-04T13:59:14+00:00","description":"See the harvest of the picture gallery in the Kustavi library on this page.","breadcrumb":{"@id":"https:\/\/kustavi.fi\/en\/culture-and-leisure\/library\/picture-gallery\/#breadcrumb"},"inLanguage":"en-US","potentialAction":[{"@type":"ReadAction","target":["https:\/\/kustavi.fi\/en\/culture-and-leisure\/library\/picture-gallery\/"]}]},{"@type":"BreadcrumbList","@id":"https:\/\/kustavi.fi\/en\/culture-and-leisure\/library\/picture-gallery\/#breadcrumb","itemListElement":[{"@type":"ListItem","position":1,"name":"Home","item":"https:\/\/kustavi.fi\/en\/"},{"@type":"ListItem","position":2,"name":"Culture and leisure","item":"https:\/\/kustavi.fi\/en\/culture-and-leisure\/"},{"@type":"ListItem","position":3,"name":"Library","item":"https:\/\/kustavi.fi\/en\/culture-and-leisure\/library\/"},{"@type":"ListItem","position":4,"name":"Picture gallery"}]},{"@type":"WebSite","@id":"https:\/\/kustavi.fi\/en\/#website","url":"https:\/\/kustavi.fi\/en\/","name":"Kustavin kunta","description":"Saariston kuningaskunta","publisher":{"@id":"https:\/\/kustavi.fi\/en\/#organization"},"potentialAction":[{"@type":"SearchAction","target":{"@type":"EntryPoint","urlTemplate":"https:\/\/kustavi.fi\/en\/?s={search_term_string}"},"query-input":{"@type":"PropertyValueSpecification","valueRequired":true,"valueName":"search_term_string"}}],"inLanguage":"en-US"},{"@type":"Organization","@id":"https:\/\/kustavi.fi\/en\/#organization","name":"Kustavin kunta","url":"https:\/\/kustavi.fi\/en\/","logo":{"@type":"ImageObject","inLanguage":"en-US","@id":"https:\/\/kustavi.fi\/en\/#\/schema\/logo\/image\/","url":"https:\/\/kustavi.fi\/wp-content\/uploads\/2020\/06\/logo.png","contentUrl":"https:\/\/kustavi.fi\/wp-content\/uploads\/2020\/06\/logo.png","width":400,"height":194,"caption":"Kustavin kunta"},"image":{"@id":"https:\/\/kustavi.fi\/en\/#\/schema\/logo\/image\/"},"sameAs":["https:\/\/www.facebook.com\/kustavi\/","https:\/\/www.instagram.com\/kustavinkunta\/","https:\/\/www.youtube.com\/channel\/UCt3g5LfuUo-6lJjqyZWSFKw"]}]}},"_links":{"self":[{"href":"https:\/\/kustavi.fi\/en\/wp-json\/wp\/v2\/pages\/58696","targetHints":{"allow":["GET"]}}],"collection":[{"href":"https:\/\/kustavi.fi\/en\/wp-json\/wp\/v2\/pages"}],"about":[{"href":"https:\/\/kustavi.fi\/en\/wp-json\/wp\/v2\/types\/page"}],"author":[{"embeddable":true,"href":"https:\/\/kustavi.fi\/en\/wp-json\/wp\/v2\/users\/2"}],"replies":[{"embeddable":true,"href":"https:\/\/kustavi.fi\/en\/wp-json\/wp\/v2\/comments?post=58696"}],"version-history":[{"count":0,"href":"https:\/\/kustavi.fi\/en\/wp-json\/wp\/v2\/pages\/58696\/revisions"}],"up":[{"embeddable":true,"href":"https:\/\/kustavi.fi\/en\/wp-json\/wp\/v2\/pages\/58690"}],"wp:attachment":[{"href":"https:\/\/kustavi.fi\/en\/wp-json\/wp\/v2\/media?parent=58696"}],"wp:term":[{"taxonomy":"post_tag","embeddable":true,"href":"https:\/\/kustavi.fi\/en\/wp-json\/wp\/v2\/tags?post=58696"}],"curies":[{"name":"wp","href":"https:\/\/api.w.org\/{rel}","templated":true}]}}