{"id":58694,"date":"2020-06-04T16:58:30","date_gmt":"2020-06-04T13:58:30","guid":{"rendered":"https:\/\/kustavi.fi\/culture-and-leisure\/library\/collections\/"},"modified":"2020-06-04T16:58:30","modified_gmt":"2020-06-04T13:58:30","slug":"collections","status":"publish","type":"page","link":"https:\/\/kustavi.fi\/en\/culture-and-leisure\/library\/collections\/","title":{"rendered":"Collections"},"content":{"rendered":"<h2>E-books<\/h2>\n<p><strong><a title=\"\" href=\"https:\/\/vaski.finna.fi\/Content\/eaineistot?lng=en-gb\" target=\"_blank\" rel=\"noopener noreferrer\">E-materials in Vaski libraries<\/a><\/strong><\/p>\n<p><a title=\"\" href=\"https:\/\/ekirjasto.kirjastot.fi\/en?kirjasto=vaski\" target=\"_blank\" rel=\"noopener noreferrer\"><strong>eLibrary<\/strong><\/a><br \/>\nThe eLibrary provides e-resources for public libraries. Some of them are freely available and you need a Library Card and a PIN to use some of them. <\/p>\n<h3>E-magazines<\/h3>\n<p>The library&#8217;s client computers are connected to electronic journal services. To log on to computers, you need the Library Card and the associated online library ID. If necessary, you can get a code from the library. <\/p>\n<ul>\n<li><a title=\"\" href=\"https:\/\/www.epress.fi\/?language=en\" target=\"_blank\" rel=\"noopener noreferrer\">ePress<\/a> service offers previews of domestic magazines<\/li>\n<li><a title=\"\" href=\"https:\/\/www.emagz.fi\/?language=en\" target=\"_blank\" rel=\"noopener noreferrer\">eMagz<\/a> service has a wide selection of magazines.<\/li>\n<li>You can read foreign newspapers with the\u00a0<a title=\"\" href=\"https:\/\/www.pressreader.com\/\" target=\"_blank\" rel=\"noopener noreferrer\">PressReader<\/a> service, also remotely.<\/li>\n<\/ul>\n<h3>Magazines<\/h3>\n<p>The Kustavi library receives a total of about 40 newspapers and magazines. The loan period for magazines is two weeks, except for the latest issue, which is not available for loan. Newspapers are also intended to be read on the library premises. <\/p>\n<p><strong>Newspapers <\/strong><\/p>\n<ul>\n<li>Helsingin Sanomat<\/li>\n<li>Uudenkaupungin Sanomat<\/li>\n<li>Turun Sanomat<\/li>\n<li>Vakka-Suomen Sanomat<\/li>\n<\/ul>\n<p><strong>Magazines<\/strong><\/p>\n<ul>\n<li>Aku Ankka<\/li>\n<li>Anna<\/li>\n<li>Askel<\/li>\n<li>Avotakka<\/li>\n<li>Demi<\/li>\n<li>Eeva<\/li>\n<li>Episodi<\/li>\n<li>Er\u00e4<\/li>\n<li>Hyv\u00e4 terveys<\/li>\n<li>Ihana<\/li>\n<li>Kirjastolehti<\/li>\n<li>Kodin Kuvalehti<\/li>\n<li>Kodin Pellervo<\/li>\n<li>Kotil\u00e4\u00e4k\u00e4ri<\/li>\n<li>Kotipuutarha<\/li>\n<li>Kotivinkki<\/li>\n<li>Koululainen<\/li>\n<li>Meid\u00e4n Talo<\/li>\n<li>Mondo<\/li>\n<li>MikroBitti<\/li>\n<li>Oma aika<\/li>\n<li>Ottobre<\/li>\n<li>Parnasso<\/li>\n<li>Suomen Kuvalehti<\/li>\n<li>Suuri K\u00e4sity\u00f6lehti<\/li>\n<li>Taito<\/li>\n<li>Tekniikan Maailma<\/li>\n<li>Tieteen Kuvalehti<\/li>\n<li>Unelmien talo ja koti<\/li>\n<li>Valitut palat<\/li>\n<li>Vene<\/li>\n<\/ul>\n<h3>Home region collection<\/h3>\n<p>Material related to Kustavi and its residents is collected in the Home region collection. The collection includes fiction and non-fiction, small prints, theses, maps, magazine articles and audio recordings. The material can be found through the Vaski online library. The material in the local region collection is mainly available for loan, but some of the material can only be read in the library. <\/p>\n<p><img loading=\"lazy\" decoding=\"async\" class=\"alignnone size-medium wp-image-1368\" src=\"\/wp-content\/uploads\/2020\/06\/volterin-vitriini-300x225.jpg\" alt=\"\" width=\"300\" height=\"225\" srcset=\"https:\/\/kustavi.fi\/wp-content\/uploads\/2020\/06\/volterin-vitriini-300x225.jpg 300w, https:\/\/kustavi.fi\/wp-content\/uploads\/2020\/06\/volterin-vitriini-768x576.jpg 768w, https:\/\/kustavi.fi\/wp-content\/uploads\/2020\/06\/volterin-vitriini-800x600.jpg 800w, https:\/\/kustavi.fi\/wp-content\/uploads\/2020\/06\/volterin-vitriini-500x375.jpg 500w, https:\/\/kustavi.fi\/wp-content\/uploads\/2020\/06\/volterin-vitriini.jpg 992w\" sizes=\"auto, (max-width: 300px) 100vw, 300px\" \/><\/p>\n","protected":false},"excerpt":{"rendered":"E-books E-materials in Vaski libraries eLibrary The eLibrary provides e-resources for public libraries. Some of them are freely available and you need a Library Card and a PIN to use some of them. E-magazines The library&#8217;s client computers are connected to electronic journal services. To log on to computers, you need the Library Card and the associated online library ID. If necessary, you can get a code from the library. ePress service offers previews of domestic magazines eMagz service has a wide selection of magazines. You can read foreign newspapers with the\u00a0PressReader service, also remotely. Magazines The Kustavi library receives a total of about 40 newspapers and magazines. The loan period for magazines is two weeks, except for the latest issue, which is not available for loan. Newspapers are also intended to be read on the library premises. Newspapers Helsingin Sanomat Uudenkaupungin Sanomat Turun Sanomat Vakka-Suomen Sanomat Magazines Aku Ankka Anna Askel Avotakka Demi Eeva Episodi Er\u00e4 Hyv\u00e4 terveys Ihana Kirjastolehti Kodin Kuvalehti Kodin Pellervo Kotil\u00e4\u00e4k\u00e4ri Kotipuutarha Kotivinkki Koululainen Meid\u00e4n Talo Mondo MikroBitti Oma aika Ottobre Parnasso Suomen Kuvalehti Suuri K\u00e4sity\u00f6lehti Taito Tekniikan Maailma Tieteen Kuvalehti Unelmien talo ja koti Valitut palat Vene Home region collection Material related to Kustavi and its residents is collected in the Home region collection. The collection includes fiction and non-fiction, small prints, theses, maps, magazine articles and audio recordings. The material can be found through the Vaski online library. The material in the local region collection is mainly available for loan, but some of the material can only be read in the library.","protected":false},"author":2,"featured_media":0,"parent":58690,"menu_order":5,"comment_status":"closed","ping_status":"closed","template":"","meta":{"_acf_changed":false,"protect_children":false,"footnotes":""},"tags":[],"class_list":["post-58694","page","type-page","status-publish","hentry"],"acf":[],"yoast_head":"<!-- This site is optimized with the Yoast SEO plugin v27.4 - https:\/\/yoast.com\/product\/yoast-seo-wordpress\/ -->\n<title>Collections | E-books | Magazines - Municipality of Kustavi<\/title>\n<meta name=\"description\" content=\"On this page you will find the Kustavi library&#039;s collections, magazines, e-books and magazines, the local region collection and much more.\" \/>\n<meta name=\"robots\" content=\"index, follow, max-snippet:-1, max-image-preview:large, max-video-preview:-1\" \/>\n<link rel=\"canonical\" href=\"https:\/\/kustavi.fi\/en\/culture-and-leisure\/library\/collections\/\" \/>\n<meta property=\"og:locale\" content=\"en_US\" \/>\n<meta property=\"og:type\" content=\"article\" \/>\n<meta property=\"og:title\" content=\"Collections | E-books | Magazines - Municipality of Kustavi\" \/>\n<meta property=\"og:description\" content=\"On this page you will find the Kustavi library&#039;s collections, magazines, e-books and magazines, the local region collection and much more.\" \/>\n<meta property=\"og:url\" content=\"https:\/\/kustavi.fi\/en\/culture-and-leisure\/library\/collections\/\" \/>\n<meta property=\"og:site_name\" content=\"Kustavin kunta\" \/>\n<meta property=\"article:publisher\" content=\"https:\/\/www.facebook.com\/kustavi\/\" \/>\n<meta property=\"og:image\" content=\"https:\/\/kustavi.fi\/wp-content\/uploads\/2020\/06\/volterin-vitriini-300x225.jpg\" \/>\n<meta name=\"twitter:card\" content=\"summary_large_image\" \/>\n<meta name=\"twitter:label1\" content=\"Est. reading time\" \/>\n\t<meta name=\"twitter:data1\" content=\"1 minute\" \/>\n<script type=\"application\/ld+json\" class=\"yoast-schema-graph\">{\"@context\":\"https:\\\/\\\/schema.org\",\"@graph\":[{\"@type\":\"WebPage\",\"@id\":\"https:\\\/\\\/kustavi.fi\\\/en\\\/culture-and-leisure\\\/library\\\/collections\\\/\",\"url\":\"https:\\\/\\\/kustavi.fi\\\/en\\\/culture-and-leisure\\\/library\\\/collections\\\/\",\"name\":\"Collections | E-books | Magazines - Municipality of Kustavi\",\"isPartOf\":{\"@id\":\"https:\\\/\\\/kustavi.fi\\\/en\\\/#website\"},\"datePublished\":\"2020-06-04T13:58:30+00:00\",\"description\":\"On this page you will find the Kustavi library's collections, magazines, e-books and magazines, the local region collection and much more.\",\"breadcrumb\":{\"@id\":\"https:\\\/\\\/kustavi.fi\\\/en\\\/culture-and-leisure\\\/library\\\/collections\\\/#breadcrumb\"},\"inLanguage\":\"en-US\",\"potentialAction\":[{\"@type\":\"ReadAction\",\"target\":[\"https:\\\/\\\/kustavi.fi\\\/en\\\/culture-and-leisure\\\/library\\\/collections\\\/\"]}]},{\"@type\":\"BreadcrumbList\",\"@id\":\"https:\\\/\\\/kustavi.fi\\\/en\\\/culture-and-leisure\\\/library\\\/collections\\\/#breadcrumb\",\"itemListElement\":[{\"@type\":\"ListItem\",\"position\":1,\"name\":\"Home\",\"item\":\"https:\\\/\\\/kustavi.fi\\\/en\\\/\"},{\"@type\":\"ListItem\",\"position\":2,\"name\":\"Culture and leisure\",\"item\":\"https:\\\/\\\/kustavi.fi\\\/en\\\/culture-and-leisure\\\/\"},{\"@type\":\"ListItem\",\"position\":3,\"name\":\"Library\",\"item\":\"https:\\\/\\\/kustavi.fi\\\/en\\\/culture-and-leisure\\\/library\\\/\"},{\"@type\":\"ListItem\",\"position\":4,\"name\":\"Collections\"}]},{\"@type\":\"WebSite\",\"@id\":\"https:\\\/\\\/kustavi.fi\\\/en\\\/#website\",\"url\":\"https:\\\/\\\/kustavi.fi\\\/en\\\/\",\"name\":\"Kustavin kunta\",\"description\":\"Saariston kuningaskunta\",\"publisher\":{\"@id\":\"https:\\\/\\\/kustavi.fi\\\/en\\\/#organization\"},\"potentialAction\":[{\"@type\":\"SearchAction\",\"target\":{\"@type\":\"EntryPoint\",\"urlTemplate\":\"https:\\\/\\\/kustavi.fi\\\/en\\\/?s={search_term_string}\"},\"query-input\":{\"@type\":\"PropertyValueSpecification\",\"valueRequired\":true,\"valueName\":\"search_term_string\"}}],\"inLanguage\":\"en-US\"},{\"@type\":\"Organization\",\"@id\":\"https:\\\/\\\/kustavi.fi\\\/en\\\/#organization\",\"name\":\"Kustavin kunta\",\"url\":\"https:\\\/\\\/kustavi.fi\\\/en\\\/\",\"logo\":{\"@type\":\"ImageObject\",\"inLanguage\":\"en-US\",\"@id\":\"https:\\\/\\\/kustavi.fi\\\/en\\\/#\\\/schema\\\/logo\\\/image\\\/\",\"url\":\"https:\\\/\\\/kustavi.fi\\\/wp-content\\\/uploads\\\/2020\\\/06\\\/logo.png\",\"contentUrl\":\"https:\\\/\\\/kustavi.fi\\\/wp-content\\\/uploads\\\/2020\\\/06\\\/logo.png\",\"width\":400,\"height\":194,\"caption\":\"Kustavin kunta\"},\"image\":{\"@id\":\"https:\\\/\\\/kustavi.fi\\\/en\\\/#\\\/schema\\\/logo\\\/image\\\/\"},\"sameAs\":[\"https:\\\/\\\/www.facebook.com\\\/kustavi\\\/\",\"https:\\\/\\\/www.instagram.com\\\/kustavinkunta\\\/\",\"https:\\\/\\\/www.youtube.com\\\/channel\\\/UCt3g5LfuUo-6lJjqyZWSFKw\"]}]}<\/script>\n<!-- \/ Yoast SEO plugin. -->","yoast_head_json":{"title":"Collections | E-books | Magazines - Municipality of Kustavi","description":"On this page you will find the Kustavi library's collections, magazines, e-books and magazines, the local region collection and much more.","robots":{"index":"index","follow":"follow","max-snippet":"max-snippet:-1","max-image-preview":"max-image-preview:large","max-video-preview":"max-video-preview:-1"},"canonical":"https:\/\/kustavi.fi\/en\/culture-and-leisure\/library\/collections\/","og_locale":"en_US","og_type":"article","og_title":"Collections | E-books | Magazines - Municipality of Kustavi","og_description":"On this page you will find the Kustavi library's collections, magazines, e-books and magazines, the local region collection and much more.","og_url":"https:\/\/kustavi.fi\/en\/culture-and-leisure\/library\/collections\/","og_site_name":"Kustavin kunta","article_publisher":"https:\/\/www.facebook.com\/kustavi\/","og_image":[{"url":"https:\/\/kustavi.fi\/wp-content\/uploads\/2020\/06\/volterin-vitriini-300x225.jpg","type":"","width":"","height":""}],"twitter_card":"summary_large_image","twitter_misc":{"Est. reading time":"1 minute"},"schema":{"@context":"https:\/\/schema.org","@graph":[{"@type":"WebPage","@id":"https:\/\/kustavi.fi\/en\/culture-and-leisure\/library\/collections\/","url":"https:\/\/kustavi.fi\/en\/culture-and-leisure\/library\/collections\/","name":"Collections | E-books | Magazines - Municipality of Kustavi","isPartOf":{"@id":"https:\/\/kustavi.fi\/en\/#website"},"datePublished":"2020-06-04T13:58:30+00:00","description":"On this page you will find the Kustavi library's collections, magazines, e-books and magazines, the local region collection and much more.","breadcrumb":{"@id":"https:\/\/kustavi.fi\/en\/culture-and-leisure\/library\/collections\/#breadcrumb"},"inLanguage":"en-US","potentialAction":[{"@type":"ReadAction","target":["https:\/\/kustavi.fi\/en\/culture-and-leisure\/library\/collections\/"]}]},{"@type":"BreadcrumbList","@id":"https:\/\/kustavi.fi\/en\/culture-and-leisure\/library\/collections\/#breadcrumb","itemListElement":[{"@type":"ListItem","position":1,"name":"Home","item":"https:\/\/kustavi.fi\/en\/"},{"@type":"ListItem","position":2,"name":"Culture and leisure","item":"https:\/\/kustavi.fi\/en\/culture-and-leisure\/"},{"@type":"ListItem","position":3,"name":"Library","item":"https:\/\/kustavi.fi\/en\/culture-and-leisure\/library\/"},{"@type":"ListItem","position":4,"name":"Collections"}]},{"@type":"WebSite","@id":"https:\/\/kustavi.fi\/en\/#website","url":"https:\/\/kustavi.fi\/en\/","name":"Kustavin kunta","description":"Saariston kuningaskunta","publisher":{"@id":"https:\/\/kustavi.fi\/en\/#organization"},"potentialAction":[{"@type":"SearchAction","target":{"@type":"EntryPoint","urlTemplate":"https:\/\/kustavi.fi\/en\/?s={search_term_string}"},"query-input":{"@type":"PropertyValueSpecification","valueRequired":true,"valueName":"search_term_string"}}],"inLanguage":"en-US"},{"@type":"Organization","@id":"https:\/\/kustavi.fi\/en\/#organization","name":"Kustavin kunta","url":"https:\/\/kustavi.fi\/en\/","logo":{"@type":"ImageObject","inLanguage":"en-US","@id":"https:\/\/kustavi.fi\/en\/#\/schema\/logo\/image\/","url":"https:\/\/kustavi.fi\/wp-content\/uploads\/2020\/06\/logo.png","contentUrl":"https:\/\/kustavi.fi\/wp-content\/uploads\/2020\/06\/logo.png","width":400,"height":194,"caption":"Kustavin kunta"},"image":{"@id":"https:\/\/kustavi.fi\/en\/#\/schema\/logo\/image\/"},"sameAs":["https:\/\/www.facebook.com\/kustavi\/","https:\/\/www.instagram.com\/kustavinkunta\/","https:\/\/www.youtube.com\/channel\/UCt3g5LfuUo-6lJjqyZWSFKw"]}]}},"_links":{"self":[{"href":"https:\/\/kustavi.fi\/en\/wp-json\/wp\/v2\/pages\/58694","targetHints":{"allow":["GET"]}}],"collection":[{"href":"https:\/\/kustavi.fi\/en\/wp-json\/wp\/v2\/pages"}],"about":[{"href":"https:\/\/kustavi.fi\/en\/wp-json\/wp\/v2\/types\/page"}],"author":[{"embeddable":true,"href":"https:\/\/kustavi.fi\/en\/wp-json\/wp\/v2\/users\/2"}],"replies":[{"embeddable":true,"href":"https:\/\/kustavi.fi\/en\/wp-json\/wp\/v2\/comments?post=58694"}],"version-history":[{"count":0,"href":"https:\/\/kustavi.fi\/en\/wp-json\/wp\/v2\/pages\/58694\/revisions"}],"up":[{"embeddable":true,"href":"https:\/\/kustavi.fi\/en\/wp-json\/wp\/v2\/pages\/58690"}],"wp:attachment":[{"href":"https:\/\/kustavi.fi\/en\/wp-json\/wp\/v2\/media?parent=58694"}],"wp:term":[{"taxonomy":"post_tag","embeddable":true,"href":"https:\/\/kustavi.fi\/en\/wp-json\/wp\/v2\/tags?post=58694"}],"curies":[{"name":"wp","href":"https:\/\/api.w.org\/{rel}","templated":true}]}}