{"id":58692,"date":"2020-06-04T16:57:50","date_gmt":"2020-06-04T13:57:50","guid":{"rendered":"https:\/\/kustavi.fi\/culture-and-leisure\/library\/as-a-customer-in-the-library\/"},"modified":"2020-06-04T16:57:50","modified_gmt":"2020-06-04T13:57:50","slug":"as-a-customer-in-the-library","status":"publish","type":"page","link":"https:\/\/kustavi.fi\/en\/culture-and-leisure\/library\/as-a-customer-in-the-library\/","title":{"rendered":"As a customer in the library"},"content":{"rendered":"<h2>Using the library and web library<\/h2>\n<p>Vaski web library&#8217;s <strong><a id=\"pwd_link_591_a1e7776956ee34289e53d6ec948b9b56\" title=\"Asiakkaana Vaski-kirjastoissa\" href=\"\/\/vaski.finna.fi\/Content\/asiakkaana?lng=en-gb\" target=\"_blank\" rel=\"noopener noreferrer\">As a customer in the library<\/a><\/strong> website you will find instructions for using the web library.<\/p>\n<p>Vaski Libraries <strong><a id=\"pwd_link_2355_83159ea426215003e96749d72c5bc461\" title=\"Vaski-kirjastojen k\u00e4ytt\u00f6s\u00e4\u00e4nn\u00f6t\" href=\"https:\/\/vaski.finna.fi\/themes\/custom\/files\/vaski-kayttosaannot2021-en.pdf\" target=\"_blank\" rel=\"noopener noreferrer\">rules of use<\/a><\/strong> page contains the most important rules and instructions related to the use of the library.<\/p>\n<h3>Library card<\/h3>\n<p>Use of the library is free of charge. The library card can be obtained by anyone, regardless of their place of residence. At the same time, the library card acquired from Kustavi Library also goes to all other libraries in the Vaski area.<\/p>\n<p>Children under the age of 15 need the written consent of a guardian for the card. The guardian is responsible for the material borrowed from the child&#8217;s card.<\/p>\n<p>If your library card is lost, report it to the library on 044 742 6630 or at kirjasto\u200b@\u200bkustavi.\u200bfi\u200b.<\/p>\n<p>Be sure to also notify the library of any changes to your name or contact information. The Digital and Population Data Services Agency does not pass this information on to us.<\/p>\n<h3>Reimbursements<\/h3>\n<ul>\n<li>The late fee for the borrowed material is 0.30 \u20ac \/ day, maximum 9 \u20ac \/ loan.<\/li>\n<li>Reminder fee \u20ac 1.50 and second reminder \u20ac 3.<\/li>\n<li>Payment for non-collectible booking 2 \u20ac.<\/li>\n<li>There is a charge of \u20ac 2 for renewing a lost Library Card.<\/li>\n<li>The price of compensation for lost or damaged material is determined by the library that owns the material.<\/li>\n<\/ul>\n","protected":false},"excerpt":{"rendered":"Using the library and web library Vaski web library&#8217;s As a customer in the library website you will find instructions for using the web library. Vaski Libraries rules of use page contains the most important rules and instructions related to the use of the library. Library card Use of the library is free of charge. The library card can be obtained by anyone, regardless of their place of residence. At the same time, the library card acquired from Kustavi Library also goes to all other libraries in the Vaski area. Children under the age of 15 need the written consent of a guardian for the card. The guardian is responsible for the material borrowed from the child&#8217;s card. If your library card is lost, report it to the library on 044 742 6630 or at kirjasto\u200b@\u200bkustavi.\u200bfi\u200b. Be sure to also notify the library of any changes to your name or contact information. The Digital and Population Data Services Agency does not pass this information on to us. Reimbursements The late fee for the borrowed material is 0.30 \u20ac \/ day, maximum 9 \u20ac \/ loan. Reminder fee \u20ac 1.50 and second reminder \u20ac 3. Payment for non-collectible booking 2 \u20ac. There is a charge of \u20ac 2 for renewing a lost Library Card. The price of compensation for lost or damaged material is determined by the library that owns the material.","protected":false},"author":2,"featured_media":0,"parent":58690,"menu_order":3,"comment_status":"closed","ping_status":"closed","template":"","meta":{"_acf_changed":false,"protect_children":false,"footnotes":""},"tags":[],"class_list":["post-58692","page","type-page","status-publish","hentry"],"acf":[],"yoast_head":"<!-- This site is optimized with the Yoast SEO plugin v27.4 - https:\/\/yoast.com\/product\/yoast-seo-wordpress\/ -->\n<title>As a customer in the library - Municipality of Kustavi<\/title>\n<meta name=\"description\" content=\"This page contains the most important rules and instructions related to the use of the library. Use of the library is free of charge.\" \/>\n<meta name=\"robots\" content=\"index, follow, max-snippet:-1, max-image-preview:large, max-video-preview:-1\" \/>\n<link rel=\"canonical\" href=\"https:\/\/kustavi.fi\/en\/culture-and-leisure\/library\/as-a-customer-in-the-library\/\" \/>\n<meta property=\"og:locale\" content=\"en_US\" \/>\n<meta property=\"og:type\" content=\"article\" \/>\n<meta property=\"og:title\" content=\"As a customer in the library - Municipality of Kustavi\" \/>\n<meta property=\"og:description\" content=\"This page contains the most important rules and instructions related to the use of the library. Use of the library is free of charge.\" \/>\n<meta property=\"og:url\" content=\"https:\/\/kustavi.fi\/en\/culture-and-leisure\/library\/as-a-customer-in-the-library\/\" \/>\n<meta property=\"og:site_name\" content=\"Kustavin kunta\" \/>\n<meta property=\"article:publisher\" content=\"https:\/\/www.facebook.com\/kustavi\/\" \/>\n<meta property=\"og:image\" content=\"https:\/\/kustavi.fi\/wp-content\/uploads\/2024\/01\/facebook-linkki.jpg\" \/>\n\t<meta property=\"og:image:width\" content=\"1200\" \/>\n\t<meta property=\"og:image:height\" content=\"630\" \/>\n\t<meta property=\"og:image:type\" content=\"image\/jpeg\" \/>\n<meta name=\"twitter:card\" content=\"summary_large_image\" \/>\n<meta name=\"twitter:label1\" content=\"Est. reading time\" \/>\n\t<meta name=\"twitter:data1\" content=\"1 minute\" \/>\n<script type=\"application\/ld+json\" class=\"yoast-schema-graph\">{\"@context\":\"https:\\\/\\\/schema.org\",\"@graph\":[{\"@type\":\"WebPage\",\"@id\":\"https:\\\/\\\/kustavi.fi\\\/en\\\/culture-and-leisure\\\/library\\\/as-a-customer-in-the-library\\\/\",\"url\":\"https:\\\/\\\/kustavi.fi\\\/en\\\/culture-and-leisure\\\/library\\\/as-a-customer-in-the-library\\\/\",\"name\":\"As a customer in the library - Municipality of Kustavi\",\"isPartOf\":{\"@id\":\"https:\\\/\\\/kustavi.fi\\\/en\\\/#website\"},\"datePublished\":\"2020-06-04T13:57:50+00:00\",\"description\":\"This page contains the most important rules and instructions related to the use of the library. Use of the library is free of charge.\",\"breadcrumb\":{\"@id\":\"https:\\\/\\\/kustavi.fi\\\/en\\\/culture-and-leisure\\\/library\\\/as-a-customer-in-the-library\\\/#breadcrumb\"},\"inLanguage\":\"en-US\",\"potentialAction\":[{\"@type\":\"ReadAction\",\"target\":[\"https:\\\/\\\/kustavi.fi\\\/en\\\/culture-and-leisure\\\/library\\\/as-a-customer-in-the-library\\\/\"]}]},{\"@type\":\"BreadcrumbList\",\"@id\":\"https:\\\/\\\/kustavi.fi\\\/en\\\/culture-and-leisure\\\/library\\\/as-a-customer-in-the-library\\\/#breadcrumb\",\"itemListElement\":[{\"@type\":\"ListItem\",\"position\":1,\"name\":\"Home\",\"item\":\"https:\\\/\\\/kustavi.fi\\\/en\\\/\"},{\"@type\":\"ListItem\",\"position\":2,\"name\":\"Culture and leisure\",\"item\":\"https:\\\/\\\/kustavi.fi\\\/en\\\/culture-and-leisure\\\/\"},{\"@type\":\"ListItem\",\"position\":3,\"name\":\"Library\",\"item\":\"https:\\\/\\\/kustavi.fi\\\/en\\\/culture-and-leisure\\\/library\\\/\"},{\"@type\":\"ListItem\",\"position\":4,\"name\":\"As a customer in the library\"}]},{\"@type\":\"WebSite\",\"@id\":\"https:\\\/\\\/kustavi.fi\\\/en\\\/#website\",\"url\":\"https:\\\/\\\/kustavi.fi\\\/en\\\/\",\"name\":\"Kustavin kunta\",\"description\":\"Saariston kuningaskunta\",\"publisher\":{\"@id\":\"https:\\\/\\\/kustavi.fi\\\/en\\\/#organization\"},\"potentialAction\":[{\"@type\":\"SearchAction\",\"target\":{\"@type\":\"EntryPoint\",\"urlTemplate\":\"https:\\\/\\\/kustavi.fi\\\/en\\\/?s={search_term_string}\"},\"query-input\":{\"@type\":\"PropertyValueSpecification\",\"valueRequired\":true,\"valueName\":\"search_term_string\"}}],\"inLanguage\":\"en-US\"},{\"@type\":\"Organization\",\"@id\":\"https:\\\/\\\/kustavi.fi\\\/en\\\/#organization\",\"name\":\"Kustavin kunta\",\"url\":\"https:\\\/\\\/kustavi.fi\\\/en\\\/\",\"logo\":{\"@type\":\"ImageObject\",\"inLanguage\":\"en-US\",\"@id\":\"https:\\\/\\\/kustavi.fi\\\/en\\\/#\\\/schema\\\/logo\\\/image\\\/\",\"url\":\"https:\\\/\\\/kustavi.fi\\\/wp-content\\\/uploads\\\/2020\\\/06\\\/logo.png\",\"contentUrl\":\"https:\\\/\\\/kustavi.fi\\\/wp-content\\\/uploads\\\/2020\\\/06\\\/logo.png\",\"width\":400,\"height\":194,\"caption\":\"Kustavin kunta\"},\"image\":{\"@id\":\"https:\\\/\\\/kustavi.fi\\\/en\\\/#\\\/schema\\\/logo\\\/image\\\/\"},\"sameAs\":[\"https:\\\/\\\/www.facebook.com\\\/kustavi\\\/\",\"https:\\\/\\\/www.instagram.com\\\/kustavinkunta\\\/\",\"https:\\\/\\\/www.youtube.com\\\/channel\\\/UCt3g5LfuUo-6lJjqyZWSFKw\"]}]}<\/script>\n<!-- \/ Yoast SEO plugin. -->","yoast_head_json":{"title":"As a customer in the library - Municipality of Kustavi","description":"This page contains the most important rules and instructions related to the use of the library. Use of the library is free of charge.","robots":{"index":"index","follow":"follow","max-snippet":"max-snippet:-1","max-image-preview":"max-image-preview:large","max-video-preview":"max-video-preview:-1"},"canonical":"https:\/\/kustavi.fi\/en\/culture-and-leisure\/library\/as-a-customer-in-the-library\/","og_locale":"en_US","og_type":"article","og_title":"As a customer in the library - Municipality of Kustavi","og_description":"This page contains the most important rules and instructions related to the use of the library. Use of the library is free of charge.","og_url":"https:\/\/kustavi.fi\/en\/culture-and-leisure\/library\/as-a-customer-in-the-library\/","og_site_name":"Kustavin kunta","article_publisher":"https:\/\/www.facebook.com\/kustavi\/","og_image":[{"width":1200,"height":630,"url":"https:\/\/kustavi.fi\/wp-content\/uploads\/2024\/01\/facebook-linkki.jpg","type":"image\/jpeg"}],"twitter_card":"summary_large_image","twitter_misc":{"Est. reading time":"1 minute"},"schema":{"@context":"https:\/\/schema.org","@graph":[{"@type":"WebPage","@id":"https:\/\/kustavi.fi\/en\/culture-and-leisure\/library\/as-a-customer-in-the-library\/","url":"https:\/\/kustavi.fi\/en\/culture-and-leisure\/library\/as-a-customer-in-the-library\/","name":"As a customer in the library - Municipality of Kustavi","isPartOf":{"@id":"https:\/\/kustavi.fi\/en\/#website"},"datePublished":"2020-06-04T13:57:50+00:00","description":"This page contains the most important rules and instructions related to the use of the library. Use of the library is free of charge.","breadcrumb":{"@id":"https:\/\/kustavi.fi\/en\/culture-and-leisure\/library\/as-a-customer-in-the-library\/#breadcrumb"},"inLanguage":"en-US","potentialAction":[{"@type":"ReadAction","target":["https:\/\/kustavi.fi\/en\/culture-and-leisure\/library\/as-a-customer-in-the-library\/"]}]},{"@type":"BreadcrumbList","@id":"https:\/\/kustavi.fi\/en\/culture-and-leisure\/library\/as-a-customer-in-the-library\/#breadcrumb","itemListElement":[{"@type":"ListItem","position":1,"name":"Home","item":"https:\/\/kustavi.fi\/en\/"},{"@type":"ListItem","position":2,"name":"Culture and leisure","item":"https:\/\/kustavi.fi\/en\/culture-and-leisure\/"},{"@type":"ListItem","position":3,"name":"Library","item":"https:\/\/kustavi.fi\/en\/culture-and-leisure\/library\/"},{"@type":"ListItem","position":4,"name":"As a customer in the library"}]},{"@type":"WebSite","@id":"https:\/\/kustavi.fi\/en\/#website","url":"https:\/\/kustavi.fi\/en\/","name":"Kustavin kunta","description":"Saariston kuningaskunta","publisher":{"@id":"https:\/\/kustavi.fi\/en\/#organization"},"potentialAction":[{"@type":"SearchAction","target":{"@type":"EntryPoint","urlTemplate":"https:\/\/kustavi.fi\/en\/?s={search_term_string}"},"query-input":{"@type":"PropertyValueSpecification","valueRequired":true,"valueName":"search_term_string"}}],"inLanguage":"en-US"},{"@type":"Organization","@id":"https:\/\/kustavi.fi\/en\/#organization","name":"Kustavin kunta","url":"https:\/\/kustavi.fi\/en\/","logo":{"@type":"ImageObject","inLanguage":"en-US","@id":"https:\/\/kustavi.fi\/en\/#\/schema\/logo\/image\/","url":"https:\/\/kustavi.fi\/wp-content\/uploads\/2020\/06\/logo.png","contentUrl":"https:\/\/kustavi.fi\/wp-content\/uploads\/2020\/06\/logo.png","width":400,"height":194,"caption":"Kustavin kunta"},"image":{"@id":"https:\/\/kustavi.fi\/en\/#\/schema\/logo\/image\/"},"sameAs":["https:\/\/www.facebook.com\/kustavi\/","https:\/\/www.instagram.com\/kustavinkunta\/","https:\/\/www.youtube.com\/channel\/UCt3g5LfuUo-6lJjqyZWSFKw"]}]}},"_links":{"self":[{"href":"https:\/\/kustavi.fi\/en\/wp-json\/wp\/v2\/pages\/58692","targetHints":{"allow":["GET"]}}],"collection":[{"href":"https:\/\/kustavi.fi\/en\/wp-json\/wp\/v2\/pages"}],"about":[{"href":"https:\/\/kustavi.fi\/en\/wp-json\/wp\/v2\/types\/page"}],"author":[{"embeddable":true,"href":"https:\/\/kustavi.fi\/en\/wp-json\/wp\/v2\/users\/2"}],"replies":[{"embeddable":true,"href":"https:\/\/kustavi.fi\/en\/wp-json\/wp\/v2\/comments?post=58692"}],"version-history":[{"count":0,"href":"https:\/\/kustavi.fi\/en\/wp-json\/wp\/v2\/pages\/58692\/revisions"}],"up":[{"embeddable":true,"href":"https:\/\/kustavi.fi\/en\/wp-json\/wp\/v2\/pages\/58690"}],"wp:attachment":[{"href":"https:\/\/kustavi.fi\/en\/wp-json\/wp\/v2\/media?parent=58692"}],"wp:term":[{"taxonomy":"post_tag","embeddable":true,"href":"https:\/\/kustavi.fi\/en\/wp-json\/wp\/v2\/tags?post=58692"}],"curies":[{"name":"wp","href":"https:\/\/api.w.org\/{rel}","templated":true}]}}