{"id":58657,"date":"2020-06-04T16:48:10","date_gmt":"2020-06-04T13:48:10","guid":{"rendered":"https:\/\/kustavi.fi\/culture-and-leisure\/premises-for-rent\/price-list-and-conditions\/"},"modified":"2020-06-04T16:48:10","modified_gmt":"2020-06-04T13:48:10","slug":"price-list-and-conditions","status":"publish","type":"page","link":"https:\/\/kustavi.fi\/en\/culture-and-leisure\/premises-for-rent\/price-list-and-conditions\/","title":{"rendered":"Price list and conditions"},"content":{"rendered":"<h2>Rental price list (0% VAT, 10% VAT is added to the prices):<\/h2>\n<p><strong>Camping house (accommodation)<\/strong><\/p>\n<ul>\n<li>Business and Private: 250\u20ac <\/li>\n<li>Communities and associations in Kustavi: 50 \u20ac \/ day <\/li>\n<li>Other communities and associations: 150 \u20ac \/ day <\/li>\n<\/ul>\n<p><strong>Camping house (day \/ evening activities)<\/strong><\/p>\n<ul>\n<li>Business and Private: 250\u20ac<\/li>\n<li>Communities and associations in Kustavi: free.<\/li>\n<li>Other communities and associations: 150 \u20ac \/ day<\/li>\n<li>Failure of final cleaning: 200 \u20ac<\/li>\n<li><a href=\"\/wp-content\/uploads\/2020\/06\/Leirimaja-vuokrausehdot-ja-s\u00e4\u00e4nn\u00f6t.pdf\" target=\"_blank\" rel=\"noopener noreferrer\">Terms and conditions of camping house<\/a><\/li>\n<\/ul>\n<p><strong>Klipunkari fireplace facilities (no overnight stays) and sauna<\/strong><\/p>\n<ul>\n<li>Business and Private: 50 \u20ac<\/li>\n<li>Communities and associations in Kustavi: free.<\/li>\n<\/ul>\n<p><strong>Other facilities and areas<\/strong><\/p>\n<ul>\n<li>According to agreement. Contact the offial responsible of the facility.<\/li>\n<\/ul>\n","protected":false},"excerpt":{"rendered":"Rental price list (0% VAT, 10% VAT is added to the prices): Camping house (accommodation) Business and Private: 250\u20ac Communities and associations in Kustavi: 50 \u20ac \/ day Other communities and associations: 150 \u20ac \/ day Camping house (day \/ evening activities) Business and Private: 250\u20ac Communities and associations in Kustavi: free. Other communities and associations: 150 \u20ac \/ day Failure of final cleaning: 200 \u20ac Terms and conditions of camping house Klipunkari fireplace facilities (no overnight stays) and sauna Business and Private: 50 \u20ac Communities and associations in Kustavi: free. Other facilities and areas According to agreement. Contact the offial responsible of the facility.","protected":false},"author":2,"featured_media":0,"parent":58656,"menu_order":1,"comment_status":"closed","ping_status":"closed","template":"","meta":{"_acf_changed":false,"protect_children":false,"footnotes":""},"tags":[],"class_list":["post-58657","page","type-page","status-publish","hentry"],"acf":[],"yoast_head":"<!-- This site is optimized with the Yoast SEO plugin v27.3 - https:\/\/yoast.com\/product\/yoast-seo-wordpress\/ -->\n<title>Price list and conditions | Premises for rent - Municipality of Kustavi<\/title>\n<meta name=\"description\" content=\"See on this page the rental price lists and conditions for the Klipunkari camping house, fireplace facilities and other facilities.\" \/>\n<meta name=\"robots\" content=\"index, follow, max-snippet:-1, max-image-preview:large, max-video-preview:-1\" \/>\n<link rel=\"canonical\" href=\"https:\/\/kustavi.fi\/en\/culture-and-leisure\/premises-for-rent\/price-list-and-conditions\/\" \/>\n<meta property=\"og:locale\" content=\"en_US\" \/>\n<meta property=\"og:type\" content=\"article\" \/>\n<meta property=\"og:title\" content=\"Price list and conditions | Premises for rent - Municipality of Kustavi\" \/>\n<meta property=\"og:description\" content=\"See on this page the rental price lists and conditions for the Klipunkari camping house, fireplace facilities and other facilities.\" \/>\n<meta property=\"og:url\" content=\"https:\/\/kustavi.fi\/en\/culture-and-leisure\/premises-for-rent\/price-list-and-conditions\/\" \/>\n<meta property=\"og:site_name\" content=\"Kustavin kunta\" \/>\n<meta property=\"article:publisher\" content=\"https:\/\/www.facebook.com\/kustavi\/\" \/>\n<meta property=\"og:image\" content=\"https:\/\/kustavi.fi\/wp-content\/uploads\/2024\/01\/facebook-linkki.jpg\" \/>\n\t<meta property=\"og:image:width\" content=\"1200\" \/>\n\t<meta property=\"og:image:height\" content=\"630\" \/>\n\t<meta property=\"og:image:type\" content=\"image\/jpeg\" \/>\n<meta name=\"twitter:card\" content=\"summary_large_image\" \/>\n<script type=\"application\/ld+json\" class=\"yoast-schema-graph\">{\"@context\":\"https:\\\/\\\/schema.org\",\"@graph\":[{\"@type\":\"WebPage\",\"@id\":\"https:\\\/\\\/kustavi.fi\\\/en\\\/culture-and-leisure\\\/premises-for-rent\\\/price-list-and-conditions\\\/\",\"url\":\"https:\\\/\\\/kustavi.fi\\\/en\\\/culture-and-leisure\\\/premises-for-rent\\\/price-list-and-conditions\\\/\",\"name\":\"Price list and conditions | Premises for rent - Municipality of Kustavi\",\"isPartOf\":{\"@id\":\"https:\\\/\\\/kustavi.fi\\\/en\\\/#website\"},\"datePublished\":\"2020-06-04T13:48:10+00:00\",\"description\":\"See on this page the rental price lists and conditions for the Klipunkari camping house, fireplace facilities and other facilities.\",\"breadcrumb\":{\"@id\":\"https:\\\/\\\/kustavi.fi\\\/en\\\/culture-and-leisure\\\/premises-for-rent\\\/price-list-and-conditions\\\/#breadcrumb\"},\"inLanguage\":\"en-US\",\"potentialAction\":[{\"@type\":\"ReadAction\",\"target\":[\"https:\\\/\\\/kustavi.fi\\\/en\\\/culture-and-leisure\\\/premises-for-rent\\\/price-list-and-conditions\\\/\"]}]},{\"@type\":\"BreadcrumbList\",\"@id\":\"https:\\\/\\\/kustavi.fi\\\/en\\\/culture-and-leisure\\\/premises-for-rent\\\/price-list-and-conditions\\\/#breadcrumb\",\"itemListElement\":[{\"@type\":\"ListItem\",\"position\":1,\"name\":\"Home\",\"item\":\"https:\\\/\\\/kustavi.fi\\\/en\\\/\"},{\"@type\":\"ListItem\",\"position\":2,\"name\":\"Culture and leisure\",\"item\":\"https:\\\/\\\/kustavi.fi\\\/en\\\/culture-and-leisure\\\/\"},{\"@type\":\"ListItem\",\"position\":3,\"name\":\"Premises for rent\",\"item\":\"https:\\\/\\\/kustavi.fi\\\/en\\\/culture-and-leisure\\\/premises-for-rent\\\/\"},{\"@type\":\"ListItem\",\"position\":4,\"name\":\"Price list and conditions\"}]},{\"@type\":\"WebSite\",\"@id\":\"https:\\\/\\\/kustavi.fi\\\/en\\\/#website\",\"url\":\"https:\\\/\\\/kustavi.fi\\\/en\\\/\",\"name\":\"Kustavin kunta\",\"description\":\"Saariston kuningaskunta\",\"publisher\":{\"@id\":\"https:\\\/\\\/kustavi.fi\\\/en\\\/#organization\"},\"potentialAction\":[{\"@type\":\"SearchAction\",\"target\":{\"@type\":\"EntryPoint\",\"urlTemplate\":\"https:\\\/\\\/kustavi.fi\\\/en\\\/?s={search_term_string}\"},\"query-input\":{\"@type\":\"PropertyValueSpecification\",\"valueRequired\":true,\"valueName\":\"search_term_string\"}}],\"inLanguage\":\"en-US\"},{\"@type\":\"Organization\",\"@id\":\"https:\\\/\\\/kustavi.fi\\\/en\\\/#organization\",\"name\":\"Kustavin kunta\",\"url\":\"https:\\\/\\\/kustavi.fi\\\/en\\\/\",\"logo\":{\"@type\":\"ImageObject\",\"inLanguage\":\"en-US\",\"@id\":\"https:\\\/\\\/kustavi.fi\\\/en\\\/#\\\/schema\\\/logo\\\/image\\\/\",\"url\":\"https:\\\/\\\/kustavi.fi\\\/wp-content\\\/uploads\\\/2020\\\/06\\\/logo.png\",\"contentUrl\":\"https:\\\/\\\/kustavi.fi\\\/wp-content\\\/uploads\\\/2020\\\/06\\\/logo.png\",\"width\":400,\"height\":194,\"caption\":\"Kustavin kunta\"},\"image\":{\"@id\":\"https:\\\/\\\/kustavi.fi\\\/en\\\/#\\\/schema\\\/logo\\\/image\\\/\"},\"sameAs\":[\"https:\\\/\\\/www.facebook.com\\\/kustavi\\\/\",\"https:\\\/\\\/www.instagram.com\\\/kustavinkunta\\\/\",\"https:\\\/\\\/www.youtube.com\\\/channel\\\/UCt3g5LfuUo-6lJjqyZWSFKw\"]}]}<\/script>\n<!-- \/ Yoast SEO plugin. -->","yoast_head_json":{"title":"Price list and conditions | Premises for rent - Municipality of Kustavi","description":"See on this page the rental price lists and conditions for the Klipunkari camping house, fireplace facilities and other facilities.","robots":{"index":"index","follow":"follow","max-snippet":"max-snippet:-1","max-image-preview":"max-image-preview:large","max-video-preview":"max-video-preview:-1"},"canonical":"https:\/\/kustavi.fi\/en\/culture-and-leisure\/premises-for-rent\/price-list-and-conditions\/","og_locale":"en_US","og_type":"article","og_title":"Price list and conditions | Premises for rent - Municipality of Kustavi","og_description":"See on this page the rental price lists and conditions for the Klipunkari camping house, fireplace facilities and other facilities.","og_url":"https:\/\/kustavi.fi\/en\/culture-and-leisure\/premises-for-rent\/price-list-and-conditions\/","og_site_name":"Kustavin kunta","article_publisher":"https:\/\/www.facebook.com\/kustavi\/","og_image":[{"width":1200,"height":630,"url":"https:\/\/kustavi.fi\/wp-content\/uploads\/2024\/01\/facebook-linkki.jpg","type":"image\/jpeg"}],"twitter_card":"summary_large_image","schema":{"@context":"https:\/\/schema.org","@graph":[{"@type":"WebPage","@id":"https:\/\/kustavi.fi\/en\/culture-and-leisure\/premises-for-rent\/price-list-and-conditions\/","url":"https:\/\/kustavi.fi\/en\/culture-and-leisure\/premises-for-rent\/price-list-and-conditions\/","name":"Price list and conditions | Premises for rent - Municipality of Kustavi","isPartOf":{"@id":"https:\/\/kustavi.fi\/en\/#website"},"datePublished":"2020-06-04T13:48:10+00:00","description":"See on this page the rental price lists and conditions for the Klipunkari camping house, fireplace facilities and other facilities.","breadcrumb":{"@id":"https:\/\/kustavi.fi\/en\/culture-and-leisure\/premises-for-rent\/price-list-and-conditions\/#breadcrumb"},"inLanguage":"en-US","potentialAction":[{"@type":"ReadAction","target":["https:\/\/kustavi.fi\/en\/culture-and-leisure\/premises-for-rent\/price-list-and-conditions\/"]}]},{"@type":"BreadcrumbList","@id":"https:\/\/kustavi.fi\/en\/culture-and-leisure\/premises-for-rent\/price-list-and-conditions\/#breadcrumb","itemListElement":[{"@type":"ListItem","position":1,"name":"Home","item":"https:\/\/kustavi.fi\/en\/"},{"@type":"ListItem","position":2,"name":"Culture and leisure","item":"https:\/\/kustavi.fi\/en\/culture-and-leisure\/"},{"@type":"ListItem","position":3,"name":"Premises for rent","item":"https:\/\/kustavi.fi\/en\/culture-and-leisure\/premises-for-rent\/"},{"@type":"ListItem","position":4,"name":"Price list and conditions"}]},{"@type":"WebSite","@id":"https:\/\/kustavi.fi\/en\/#website","url":"https:\/\/kustavi.fi\/en\/","name":"Kustavin kunta","description":"Saariston kuningaskunta","publisher":{"@id":"https:\/\/kustavi.fi\/en\/#organization"},"potentialAction":[{"@type":"SearchAction","target":{"@type":"EntryPoint","urlTemplate":"https:\/\/kustavi.fi\/en\/?s={search_term_string}"},"query-input":{"@type":"PropertyValueSpecification","valueRequired":true,"valueName":"search_term_string"}}],"inLanguage":"en-US"},{"@type":"Organization","@id":"https:\/\/kustavi.fi\/en\/#organization","name":"Kustavin kunta","url":"https:\/\/kustavi.fi\/en\/","logo":{"@type":"ImageObject","inLanguage":"en-US","@id":"https:\/\/kustavi.fi\/en\/#\/schema\/logo\/image\/","url":"https:\/\/kustavi.fi\/wp-content\/uploads\/2020\/06\/logo.png","contentUrl":"https:\/\/kustavi.fi\/wp-content\/uploads\/2020\/06\/logo.png","width":400,"height":194,"caption":"Kustavin kunta"},"image":{"@id":"https:\/\/kustavi.fi\/en\/#\/schema\/logo\/image\/"},"sameAs":["https:\/\/www.facebook.com\/kustavi\/","https:\/\/www.instagram.com\/kustavinkunta\/","https:\/\/www.youtube.com\/channel\/UCt3g5LfuUo-6lJjqyZWSFKw"]}]}},"_links":{"self":[{"href":"https:\/\/kustavi.fi\/en\/wp-json\/wp\/v2\/pages\/58657","targetHints":{"allow":["GET"]}}],"collection":[{"href":"https:\/\/kustavi.fi\/en\/wp-json\/wp\/v2\/pages"}],"about":[{"href":"https:\/\/kustavi.fi\/en\/wp-json\/wp\/v2\/types\/page"}],"author":[{"embeddable":true,"href":"https:\/\/kustavi.fi\/en\/wp-json\/wp\/v2\/users\/2"}],"replies":[{"embeddable":true,"href":"https:\/\/kustavi.fi\/en\/wp-json\/wp\/v2\/comments?post=58657"}],"version-history":[{"count":0,"href":"https:\/\/kustavi.fi\/en\/wp-json\/wp\/v2\/pages\/58657\/revisions"}],"up":[{"embeddable":true,"href":"https:\/\/kustavi.fi\/en\/wp-json\/wp\/v2\/pages\/58656"}],"wp:attachment":[{"href":"https:\/\/kustavi.fi\/en\/wp-json\/wp\/v2\/media?parent=58657"}],"wp:term":[{"taxonomy":"post_tag","embeddable":true,"href":"https:\/\/kustavi.fi\/en\/wp-json\/wp\/v2\/tags?post=58657"}],"curies":[{"name":"wp","href":"https:\/\/api.w.org\/{rel}","templated":true}]}}