{"id":58570,"date":"2020-11-09T13:25:37","date_gmt":"2020-11-09T11:25:37","guid":{"rendered":"https:\/\/kustavi.fi\/living-and-environment\/living\/roads-and-street-areas\/"},"modified":"2022-01-02T23:21:51","modified_gmt":"2022-01-02T21:21:51","slug":"roads-and-street-areas","status":"publish","type":"page","link":"https:\/\/kustavi.fi\/en\/living-and-environment\/living\/roads-and-street-areas\/","title":{"rendered":"Roads and street areas"},"content":{"rendered":"<h2> Roads <\/h2>\n<p>The ELY Center for Southwest Finland is responsible for the maintenance of Kustavi&#8217;s roads.<\/p>\n<p>Urgent contacts (endangering road safety) by telephone to the road user&#8217;s line (Tel. +358 200 2100, 24\/7 on-call service).<\/p>\n<p>Non-urgent contacts <a href=\"https:\/\/liikenne.palautevayla.fi\/feedback\" target=\"_blank\" rel=\"noopener\">from this link<\/a>. Contacts related to road maintenance, winter maintenance or road area development, among other things<\/p>\n<p>The following road sections are roads in Kustavi:<\/p>\n<ul>\n<li style=\"list-style-type: none;\">\n<ul>\n<li>Road 192 Kustavintie\/ Kivimaantie\/ Vuosnaistentie<\/li>\n<li>Road 1922 Ini\u00f6ntie<\/li>\n<li>Road 12235 Laupustentie<\/li>\n<li>Road 12231 Viherlahdentie<\/li>\n<li>Road 12236\/12237 Rahintie\/ Rahinrannantie<\/li>\n<li>Road 12239 Riihimaantie<\/li>\n<li>Road 1924 Pleikil\u00e4ntie<\/li>\n<li>Road 12351 Kiparluodontie<\/li>\n<li>Road 12229 Anavaistentie<\/li>\n<li>Road 12228 Vartsalantie<\/li>\n<\/ul>\n<\/li>\n<\/ul>\n<h2><a href=\"https:\/\/www.ely-keskus.fi\/\" target=\"_blank\" rel=\"noopener\"><img loading=\"lazy\" decoding=\"async\" class=\"alignnone wp-image-5634\" src=\"\/wp-content\/uploads\/2021\/02\/ely_logo-1-300x105.jpg\" alt=\"\" width=\"232\" height=\"87\" \/><\/a><\/h2>\n<h2>Streets in the town plan area<\/h2>\n<p>The municipality of Kustavi is responsible for the maintenance of the street areas in the city center.<\/p>\n<p>Contacts for road maintenance:<\/p>\n\n\t<table id=\"framill-contacts-ad4e62\" class=\"framill-contacts-table grouping-\">\n\t<thead>\n\t\t<tr>\n\t\t\t<th>Nimi<\/th>\n\t\t\t<th>Nimike<\/th>\n\t\t\t<th>Puh<\/th>\n\t\t\t<th>S\u00e4hk\u00f6posti<\/th>\n\t\t\t<th>Soittoajat<\/th>\n\t\t\t<th data-toggle-target=\"description\">Kuvaus<\/th>\n\t\t\t\t\t\t\n\t\t<\/tr>\n\t<\/thead>\n\n\t<tbody>\n\t\t\t<tr class=\"framill-contacts-item\" data-unique=\"ad4e623538353230\">\r\n\t<td class=\"framill-contacts-name\" data-sort=\"Jari Nerjanto\"><i class=\"fa fa-user icon-scaledown\" aria-hidden=\"true\"><\/i> Jari Nerjanto<\/td>\r\n\t<td class=\"framill-contacts-pos\"data-sort=\"Director of municipal construction\">Director of municipal construction<\/td>\r\n\t<td class=\"framill-contacts-tel\"data-sort=\"+358447423360\">\r\n\t\t\t\t<!-- span data-toggle-target=\"table-tels\" class=\"datatable-icon\" role=\"button\" aria-label=\"N\u00e4yt\u00e4\/piilota puhelinnumero(t)\"><i class=\"fa fa-phone\" aria-hidden=\"true\"><\/i><\/span-->\r\n\t\t\t\t\t\t\t<a class=\"framill-contacts-tel\" data-toggle=\"table-tels\" href=\"tel:+358447423360\" aria-label=\"0 4 4. 7 4 2. 3 3 6. 0\">\r\n\t\t\t\t044 7423 360\t\t\t<\/a>\r\n\t\t\t\t\t<\/td>\r\n\t<td class=\"framill-contacts-email\" data-sort=\"ville.niemi@kustavi.fi\">\r\n\t\t\t<span data-toggle-target=\"table-email\" class=\"datatable-icon\" role=\"button\" aria-label=\"N\u00e4yt\u00e4\/piilota s\u00e4hk\u00f6postiosoite\"><i class=\"fa fa-envelope\" aria-hidden=\"true\"><\/i><\/span>\r\n\t\t<span data-toggle=\"table-email\" class=\"datatable-text\"><a class=\"framill-contacts-email\" href=\"mailto:ville.niemi@kustavi.fi\">ville.niemi@kustavi.fi<\/a><\/span>\r\n\t\t\r\n\t\t<\/td>\r\n\t\r\n\r\n\t<td class=\"framill-contacts-calltimes\"><\/td>\r\n\t\r\n\t<td class=\"framill-contacts-desc\" data-sort=\"ZZZ\"><\/td>\r\n\r\n\t\r\n\t\t\r\n\t\t\r\n\t<\/tr>\t\r\n\t<tr class=\"framill-contacts-item\" data-unique=\"ad4e623538353531\">\r\n\t<td class=\"framill-contacts-name\" data-sort=\"Technical industry on-call service\"><i class=\"fa fa-user icon-scaledown\" aria-hidden=\"true\"><\/i> Technical industry on-call service<\/td>\r\n\t<td class=\"framill-contacts-pos\"data-sort=\"On-call property manager\">On-call property manager<\/td>\r\n\t<td class=\"framill-contacts-tel\"data-sort=\"+358443838822\">\r\n\t\t\t\t<!-- span data-toggle-target=\"table-tels\" class=\"datatable-icon\" role=\"button\" aria-label=\"N\u00e4yt\u00e4\/piilota puhelinnumero(t)\"><i class=\"fa fa-phone\" aria-hidden=\"true\"><\/i><\/span-->\r\n\t\t\t\t\t\t\t<a class=\"framill-contacts-tel\" data-toggle=\"table-tels\" href=\"tel:+358443838822\" aria-label=\"0 4 4. 3 8 3. 8 8 2. 2\">\r\n\t\t\t\t044 3838 822\t\t\t<\/a>\r\n\t\t\t\t\t<\/td>\r\n\t<td class=\"framill-contacts-email\" data-sort=\"ZZZ\">\r\n\t\t<\/td>\r\n\t\r\n\r\n\t<td class=\"framill-contacts-calltimes\"><\/td>\r\n\t\r\n\t<td class=\"framill-contacts-desc\" data-sort=\"Urgent notifications\"><div data-toggle=\"tableDesc\" style=\"display: none;\"><p>Urgent notifications<\/p><\/div><\/td>\r\n\r\n\t\r\n\t\t\r\n\t\t\r\n\t<\/tr>\t\r\n\t<\/tbody>\n\t<\/table>\n\n<script>\n\n(function( $ ) {\n\t'use strict';\n\t\n\t$(document).ajaxComplete( function() {\n\t\t$('[class*=\"dtrg-level-\"]').on('click keypress', function() {\n\t\t\t\t\n\t\t\tvar activegroup = $(this).attr('activegroup');\n\n\t\t\t$('[data-unique]').removeClass('unique-active');\n\t\t\tvar classes = $(this).attr('class').split(' ');\n\t\t\tvar getlevel = classes.filter(function(item){ \n\t\t\t\treturn item.indexOf(\"dtrg-level-\") === 0;\n\t\t\t});\n\t\t\t\n\t\t\tvar level = getlevel[0].replace('dtrg-level-','');\n\t\t\tvar levelup = level - 1;\n\t\t\tvar levelup2 = level - 2;\n\t\t\tvar levelup3 = level - 3;\n\t\t\t\n\t\t\tif (activegroup !== undefined) {\n\t\t\t\t$(this).siblings('tr').removeClass('group-active');\n\t\t\t\t$(this).siblings('tr').removeAttr('activegroup');\n\t\t\t\t$(this).removeClass('group-active');\n\t\t\t\t$(this).removeAttr('activegroup');\n\t\t\t} else {\n\t\t\t\t$(this).siblings('tr').removeClass('group-active');\n\t\t\t\t$(this).siblings('tr').removeAttr('activegroup');\n\t\t\t\t$(this).nextUntil('.dtrg-level-'+level+', .dtrg-level-'+levelup+', .dtrg-level-'+levelup2+', .dtrg-level-'+levelup3+'').addClass('group-active');\n\t\t\t\t$(this).addClass('group-active').attr('activegroup','');\n\t\t\t\t\n\t\t\t}\n\n\t\t});\n\t});\n\t\t\n\t$(function() {\n\t\t\n\t\t\t\t\n\t\n\t\t\n\t\t\n\t\t\n\t\t$('.framill-contacts-item').on('click keypress', function() {\n\t\t\tvar unique = $(this).data('unique');\n\t\t\t$(this).siblings('tr').removeClass('group-active');\n\t\t\t$(this).siblings('tr').removeAttr('activegroup');\n\t\t\tif ($(this).hasClass('unique-active') == true) {\n\t\t\t\t$('[data-unique]').removeClass('unique-active');\n\t\t\t} else {\n\t\t\t\t$('[data-unique]').removeClass('unique-active');\n\t\t\t\t$('[data-unique=\"'+unique+'\"]').addClass('unique-active');\n\t\t\t}\n\n\t\t\t\n\t\t});\n\t\t\n\t\t\n\t\t$(\"#framill-contacts-ad4e62\").on( 'click keypress', '[class*=\"dtrg-level-\"]', function () {\n\t\t\tvar activegroup = $(this).attr('activegroup');\n\n\t\t\t$('[data-unique]').removeClass('unique-active');\n\t\t\tvar classes = $(this).attr('class').split(' ');\n\t\t\tvar getlevel = classes.filter(function(item){ \n\t\t\t\treturn item.indexOf(\"dtrg-level-\") === 0;\n\t\t\t});\n\t\t\t\n\t\t\tvar level = getlevel[0].replace('dtrg-level-','');\n\t\t\tvar levelup = level - 1;\n\t\t\tvar levelup2 = level - 2;\n\t\t\tvar levelup3 = level - 3;\n\t\t\t\n\t\t\tif (activegroup !== undefined) {\n\t\t\t\t$(this).siblings('tr').removeClass('group-active');\n\t\t\t\t$(this).siblings('tr').removeAttr('activegroup');\n\t\t\t\t$(this).removeClass('group-active');\n\t\t\t\t$(this).removeAttr('activegroup');\n\t\t\t} else {\n\t\t\t\t$(this).siblings('tr').removeClass('group-active');\n\t\t\t\t$(this).siblings('tr').removeAttr('activegroup');\n\t\t\t\t$(this).nextUntil('.dtrg-level-'+level+', .dtrg-level-'+levelup+', .dtrg-level-'+levelup2+', .dtrg-level-'+levelup3+'').addClass('group-active');\n\t\t\t\t$(this).addClass('group-active').attr('activegroup','');\n\t\t\t\t\n\t\t\t}\n\t\t} );\n\n\t\t\t\t\n\t\t$(\"#framill-contacts-ad4e62\").DataTable(\n\t\t\t{\n\t\t\t\t\n\t\t\t\tlanguage: {\n\t\t\t\t\t\"processing\":     \"Ladataan\",\n\t\t\t\t\t\"search\": \"Etsi:\",\n\t\t\t\t\t\"lengthMenu\": \"N\u00e4yt\u00e4 _MENU_ tulosta sivua kohti\",\n\t\t\t\t\t\"zeroRecords\": \"Ei tuloksia\",\n\t\t\t\t\t\"emptyTable\": \"Ei tuloksia\",\n\t\t\t\t\t\"info\": \"Sivu _PAGE_ \/ _PAGES_\",\n\t\t\t\t\t\"infoEmpty\": \"Ei tuloksia\",\n\t\t\t\t\t\"infoFiltered\": \"(suodatettu _MAX_ tuloksesta)\",\n\t\t\t\t\t\n\t\t\t\t\tpaginate: {\n\t\t\t\t\t\tfirst:      \"Ensimm\u00e4inen\",\n\t\t\t\t\t\tprevious:   \"Edellinen\",\n\t\t\t\t\t\tnext:       \"Seuraava\",\n\t\t\t\t\t\tlast:       \"Viimeinen\t\"\n\t\t\t\t\t},\n\t\t\t\t\t aria: {\n\t\t\t\t\t\tsortAscending:  \": aseta nousevaan j\u00e4rjestykseen\",\n\t\t\t\t\t\tsortDescending: \": aseta laskevaan j\u00e4rjestykseen\"\n\t\t\t\t\t}\n\t\t\t\t},\n\t\t\t\t\t\t\t\tpaging: false,\n\t\t\t\t\t\t\t\t\t\t\t\t\n\t\t\t}\t\t\n\t\t);\n\t\t\n\t\t\n\t\t\n\t\t\n\t\t\t\t\n\t\t\t\t\/*\n\t\t$(\".framill-contacts-image-popup\").magnificPopup( {\n\t\t\ttype: 'image',\n\t\t} );\n\t\t*\/\n\t\t\n\t\t$(\".framill-contacts-item\").each(function() { \/\/ the containers for all your galleries\n\t\t\t$(this).magnificPopup({\n\t\t\t\tdelegate: '.framill-contacts-image-popup', \/\/ the selector for gallery item\n\t\t\t\ttype: 'image',\n\t\t\t\ttClose: 'Sulje (ESC)',\n\t\t\t\ttLoading: 'Ladataan...',\n\t\t\t\t\n\t\t\t\tgallery: {\n\t\t\t\t\tenabled:true,\n\t\t\t\t\ttPrev: 'Edellinen',\n\t\t\t\t\ttNext: 'Seuraava',\n\t\t\t\t\ttCounter: '%curr% \/ %total%'\n\t\t\t\t},\n\t\t\t\timage: {\n\t\t\t\t\ttError: '<a href=\"%url%\">Kuvan<\/a> lataus ep\u00e4onnistui',\n\t\t\t\t}\n\t\t\t});\n\t\t});\n\t\t\n\t});\n\t\n\n\n\n})( jQuery );\n\n<\/script>\r\n<!--pre>\r\n\r\n\r\n<\/pre-->\r\n\r\n<style>\r\n\/* card defaults *\/\r\n\r\n\r\n\r\n\r\n\r\n\r\n.framill-contacts-card-item.imagealign-top {\r\n\twidth: px;\r\n\tpadding: px;\r\n}\r\n\r\n\r\n\r\n\r\n.framill-contacts-image-wrapper  {\r\n\t\r\n\tmargin: -0px auto;\r\n\tmax-width: %;\r\n\tborder-radius: %;\r\n\toverflow: hidden;\r\n\tborder-radius: %;\r\n\tborder-width: px;\r\n\tborder-style: ;\r\n\tborder-color: ;\r\n\t\t-webkit-box-shadow:  0 0 0 0 ;\r\n\tbox-shadow:  0 0 0 0 ;\r\n}\r\n\r\n.framill-contacts-data {\r\n\t\r\n}\r\n\r\n.framill-contacts-card-image-sizer {\r\n\twidth: px;\r\n\tmax-width: 100%;\r\n\tmargin: auto;\r\n}\r\n\r\n\/* background *\/\r\n\r\n[class^=\"framill-contacts-card-image-background--\"] {\r\n\t\/\/border-radius: %;\r\n}\r\n\r\n\r\n.framill-contacts-card-image-sizer  .framill-contacts-card-image-overlay{\r\n\tpadding-bottom: 100%;\r\n}\r\n\r\n.framill-contacts-card-image-sizer.framill-contacts-gallery  .framill-contacts-card-image-overlay {\r\n\t\/\/ padding-bottom: calc(100% - (px * 2));\r\n}\r\n\r\n\r\n\r\n\/* overlay *\/\r\n\r\n\r\n<\/style>\n<h4><strong>Non-urgent grievance reports via the link:<\/strong><\/h4>\n<p><a href=\"https:\/\/webropol.com\/ep\/ilmoita\" target=\"_blank\" rel=\"noopener\">Link to grievance report<\/a><\/p>\n<ul>\n<li>Local plan streets\n<ul>\n<li>It\u00e4rannantie<\/li>\n<li>Heikkolantie<\/li>\n<li>Konemestarintie<\/li>\n<li>Venekuja<\/li>\n<li>Keskustie<\/li>\n<li>Koulutie<\/li>\n<li>K\u00e4rtyntie<\/li>\n<li>Troolikuja<\/li>\n<li>Korrakuja<\/li>\n<li>Kuunaritie<\/li>\n<li>Suotorpantie<\/li>\n<li>Sammalkuja<\/li>\n<li>J\u00e4k\u00e4l\u00e4kuja<\/li>\n<li>Kanervakuja<\/li>\n<li>Parkkitie<\/li>\n<li>Prikitie<\/li>\n<li>Jaalakuja<\/li>\n<li>Kaljaasikuja<\/li>\n<li>Tiirantie<\/li>\n<li>Loukkenkuja<\/li>\n<li>Koskelotie<\/li>\n<li>Haahkakuja<\/li>\n<li>Kivilinnantien loppuosa<\/li>\n<li>Klipunkarintie<\/li>\n<li>Klipunkarinkuja<\/li>\n<li>Kirkonm\u00e4entie<\/li>\n<li>Tapulitie<\/li>\n<li>Riskel\u00e4iskuja<\/li>\n<li>V\u00e4h\u00e4maankuja<\/li>\n<li>Wihurintie<\/li>\n<li>Kauppilantie<\/li>\n<li>Tavikuja<\/li>\n<li>Tuulentuvantie<\/li>\n<li>Asetie<\/li>\n<li>Kalliotie<\/li>\n<\/ul>\n<\/li>\n<\/ul>\n<h2> Private roads <\/h2>\n<p>Roads not mentioned above are private roads, the maintenance of which is the responsibility of the owner of each private road or the road administration. The authority responsible for private information matters is <a href=\"https:\/\/www.maanmittauslaitos.fi\/en\" target=\"_blank\" rel=\"noopener\">National Land Survey of Finland<\/a>.<\/p>\n<p><a href=\"https:\/\/www.maanmittauslaitos.fi\/en\" target=\"_blank\" rel=\"noopener\"><img loading=\"lazy\" decoding=\"async\" class=\"alignnone wp-image-5630\" src=\"\/wp-content\/uploads\/2021\/02\/MML_fi_rgb_m-300x166.png\" alt=\"\" width=\"152\" height=\"87\" \/><\/a><\/p>\n","protected":false},"excerpt":{"rendered":"Roads The ELY Center for Southwest Finland is responsible for the maintenance of Kustavi&#8217;s roads. Urgent contacts (endangering road safety) by telephone to the road user&#8217;s line (Tel. +358 200 2100, 24\/7 on-call service). Non-urgent contacts from this link. Contacts related to road maintenance, winter maintenance or road area development, among other things The following road sections are roads in Kustavi: Road 192 Kustavintie\/ Kivimaantie\/ Vuosnaistentie Road 1922 Ini\u00f6ntie Road 12235 Laupustentie Road 12231 Viherlahdentie Road 12236\/12237 Rahintie\/ Rahinrannantie Road 12239 Riihimaantie Road 1924 Pleikil\u00e4ntie Road 12351 Kiparluodontie Road 12229 Anavaistentie Road 12228 Vartsalantie Streets in the town plan area The municipality of Kustavi is responsible for the maintenance of the street areas in the city center. Contacts for road maintenance: Non-urgent grievance reports via the link: Link to grievance report Local plan streets It\u00e4rannantie Heikkolantie Konemestarintie Venekuja Keskustie Koulutie K\u00e4rtyntie Troolikuja Korrakuja Kuunaritie Suotorpantie Sammalkuja J\u00e4k\u00e4l\u00e4kuja Kanervakuja Parkkitie Prikitie Jaalakuja Kaljaasikuja Tiirantie Loukkenkuja Koskelotie Haahkakuja Kivilinnantien loppuosa Klipunkarintie Klipunkarinkuja Kirkonm\u00e4entie Tapulitie Riskel\u00e4iskuja V\u00e4h\u00e4maankuja Wihurintie Kauppilantie Tavikuja Tuulentuvantie Asetie Kalliotie Private roads Roads not mentioned above are private roads, the maintenance of which is the responsibility of the owner of each private road or the road administration. The authority responsible for private information matters is National Land Survey of Finland.","protected":false},"author":6,"featured_media":0,"parent":58560,"menu_order":4,"comment_status":"closed","ping_status":"closed","template":"","meta":{"_acf_changed":false,"protect_children":false,"footnotes":""},"tags":[509,512,508,510,511,507],"class_list":["post-58570","page","type-page","status-publish","hentry","tag-maintenance","tag-private-road-assistance","tag-roads","tag-salting","tag-slipperiness","tag-streets"],"acf":[],"yoast_head":"<!-- This site is optimized with the Yoast SEO plugin v27.4 - https:\/\/yoast.com\/product\/yoast-seo-wordpress\/ -->\n<title>Roads and street areas - Municipality of Kustavi<\/title>\n<meta name=\"description\" content=\"The ELY Center for Southwest Finland is responsible for the maintenance of Kustavi&#039;s roads. Urgent contacts by phone +358 200 2100, 24\/7 on call.\" \/>\n<meta name=\"robots\" content=\"index, follow, max-snippet:-1, max-image-preview:large, max-video-preview:-1\" \/>\n<link rel=\"canonical\" href=\"https:\/\/kustavi.fi\/en\/living-and-environment\/living\/roads-and-street-areas\/\" \/>\n<meta property=\"og:locale\" content=\"en_US\" \/>\n<meta property=\"og:type\" content=\"article\" \/>\n<meta property=\"og:title\" content=\"Roads and street areas - Municipality of Kustavi\" \/>\n<meta property=\"og:description\" content=\"The ELY Center for Southwest Finland is responsible for the maintenance of Kustavi&#039;s roads. Urgent contacts by phone +358 200 2100, 24\/7 on call.\" \/>\n<meta property=\"og:url\" content=\"https:\/\/kustavi.fi\/en\/living-and-environment\/living\/roads-and-street-areas\/\" \/>\n<meta property=\"og:site_name\" content=\"Kustavin kunta\" \/>\n<meta property=\"article:publisher\" content=\"https:\/\/www.facebook.com\/kustavi\/\" \/>\n<meta property=\"article:modified_time\" content=\"2022-01-02T21:21:51+00:00\" \/>\n<meta property=\"og:image\" content=\"https:\/\/kustavi.fi\/wp-content\/uploads\/2021\/02\/ely_logo-1-300x105.jpg\" \/>\n<meta name=\"twitter:card\" content=\"summary_large_image\" \/>\n<meta name=\"twitter:label1\" content=\"Est. reading time\" \/>\n\t<meta name=\"twitter:data1\" content=\"1 minute\" \/>\n<script type=\"application\/ld+json\" class=\"yoast-schema-graph\">{\"@context\":\"https:\\\/\\\/schema.org\",\"@graph\":[{\"@type\":\"WebPage\",\"@id\":\"https:\\\/\\\/kustavi.fi\\\/en\\\/living-and-environment\\\/living\\\/roads-and-street-areas\\\/\",\"url\":\"https:\\\/\\\/kustavi.fi\\\/en\\\/living-and-environment\\\/living\\\/roads-and-street-areas\\\/\",\"name\":\"Roads and street areas - Municipality of Kustavi\",\"isPartOf\":{\"@id\":\"https:\\\/\\\/kustavi.fi\\\/en\\\/#website\"},\"datePublished\":\"2020-11-09T11:25:37+00:00\",\"dateModified\":\"2022-01-02T21:21:51+00:00\",\"description\":\"The ELY Center for Southwest Finland is responsible for the maintenance of Kustavi's roads. Urgent contacts by phone +358 200 2100, 24\\\/7 on call.\",\"breadcrumb\":{\"@id\":\"https:\\\/\\\/kustavi.fi\\\/en\\\/living-and-environment\\\/living\\\/roads-and-street-areas\\\/#breadcrumb\"},\"inLanguage\":\"en-US\",\"potentialAction\":[{\"@type\":\"ReadAction\",\"target\":[\"https:\\\/\\\/kustavi.fi\\\/en\\\/living-and-environment\\\/living\\\/roads-and-street-areas\\\/\"]}]},{\"@type\":\"BreadcrumbList\",\"@id\":\"https:\\\/\\\/kustavi.fi\\\/en\\\/living-and-environment\\\/living\\\/roads-and-street-areas\\\/#breadcrumb\",\"itemListElement\":[{\"@type\":\"ListItem\",\"position\":1,\"name\":\"Home\",\"item\":\"https:\\\/\\\/kustavi.fi\\\/en\\\/\"},{\"@type\":\"ListItem\",\"position\":2,\"name\":\"Living and environment\",\"item\":\"https:\\\/\\\/kustavi.fi\\\/en\\\/living-and-environment\\\/\"},{\"@type\":\"ListItem\",\"position\":3,\"name\":\"Living\",\"item\":\"https:\\\/\\\/kustavi.fi\\\/en\\\/asuminen-ja-ymparisto\\\/asuminen\\\/\"},{\"@type\":\"ListItem\",\"position\":4,\"name\":\"Roads and street areas\"}]},{\"@type\":\"WebSite\",\"@id\":\"https:\\\/\\\/kustavi.fi\\\/en\\\/#website\",\"url\":\"https:\\\/\\\/kustavi.fi\\\/en\\\/\",\"name\":\"Kustavin kunta\",\"description\":\"Saariston kuningaskunta\",\"publisher\":{\"@id\":\"https:\\\/\\\/kustavi.fi\\\/en\\\/#organization\"},\"potentialAction\":[{\"@type\":\"SearchAction\",\"target\":{\"@type\":\"EntryPoint\",\"urlTemplate\":\"https:\\\/\\\/kustavi.fi\\\/en\\\/?s={search_term_string}\"},\"query-input\":{\"@type\":\"PropertyValueSpecification\",\"valueRequired\":true,\"valueName\":\"search_term_string\"}}],\"inLanguage\":\"en-US\"},{\"@type\":\"Organization\",\"@id\":\"https:\\\/\\\/kustavi.fi\\\/en\\\/#organization\",\"name\":\"Kustavin kunta\",\"url\":\"https:\\\/\\\/kustavi.fi\\\/en\\\/\",\"logo\":{\"@type\":\"ImageObject\",\"inLanguage\":\"en-US\",\"@id\":\"https:\\\/\\\/kustavi.fi\\\/en\\\/#\\\/schema\\\/logo\\\/image\\\/\",\"url\":\"https:\\\/\\\/kustavi.fi\\\/wp-content\\\/uploads\\\/2020\\\/06\\\/logo.png\",\"contentUrl\":\"https:\\\/\\\/kustavi.fi\\\/wp-content\\\/uploads\\\/2020\\\/06\\\/logo.png\",\"width\":400,\"height\":194,\"caption\":\"Kustavin kunta\"},\"image\":{\"@id\":\"https:\\\/\\\/kustavi.fi\\\/en\\\/#\\\/schema\\\/logo\\\/image\\\/\"},\"sameAs\":[\"https:\\\/\\\/www.facebook.com\\\/kustavi\\\/\",\"https:\\\/\\\/www.instagram.com\\\/kustavinkunta\\\/\",\"https:\\\/\\\/www.youtube.com\\\/channel\\\/UCt3g5LfuUo-6lJjqyZWSFKw\"]}]}<\/script>\n<!-- \/ Yoast SEO plugin. -->","yoast_head_json":{"title":"Roads and street areas - Municipality of Kustavi","description":"The ELY Center for Southwest Finland is responsible for the maintenance of Kustavi's roads. Urgent contacts by phone +358 200 2100, 24\/7 on call.","robots":{"index":"index","follow":"follow","max-snippet":"max-snippet:-1","max-image-preview":"max-image-preview:large","max-video-preview":"max-video-preview:-1"},"canonical":"https:\/\/kustavi.fi\/en\/living-and-environment\/living\/roads-and-street-areas\/","og_locale":"en_US","og_type":"article","og_title":"Roads and street areas - Municipality of Kustavi","og_description":"The ELY Center for Southwest Finland is responsible for the maintenance of Kustavi's roads. Urgent contacts by phone +358 200 2100, 24\/7 on call.","og_url":"https:\/\/kustavi.fi\/en\/living-and-environment\/living\/roads-and-street-areas\/","og_site_name":"Kustavin kunta","article_publisher":"https:\/\/www.facebook.com\/kustavi\/","article_modified_time":"2022-01-02T21:21:51+00:00","og_image":[{"url":"https:\/\/kustavi.fi\/wp-content\/uploads\/2021\/02\/ely_logo-1-300x105.jpg","type":"","width":"","height":""}],"twitter_card":"summary_large_image","twitter_misc":{"Est. reading time":"1 minute"},"schema":{"@context":"https:\/\/schema.org","@graph":[{"@type":"WebPage","@id":"https:\/\/kustavi.fi\/en\/living-and-environment\/living\/roads-and-street-areas\/","url":"https:\/\/kustavi.fi\/en\/living-and-environment\/living\/roads-and-street-areas\/","name":"Roads and street areas - Municipality of Kustavi","isPartOf":{"@id":"https:\/\/kustavi.fi\/en\/#website"},"datePublished":"2020-11-09T11:25:37+00:00","dateModified":"2022-01-02T21:21:51+00:00","description":"The ELY Center for Southwest Finland is responsible for the maintenance of Kustavi's roads. Urgent contacts by phone +358 200 2100, 24\/7 on call.","breadcrumb":{"@id":"https:\/\/kustavi.fi\/en\/living-and-environment\/living\/roads-and-street-areas\/#breadcrumb"},"inLanguage":"en-US","potentialAction":[{"@type":"ReadAction","target":["https:\/\/kustavi.fi\/en\/living-and-environment\/living\/roads-and-street-areas\/"]}]},{"@type":"BreadcrumbList","@id":"https:\/\/kustavi.fi\/en\/living-and-environment\/living\/roads-and-street-areas\/#breadcrumb","itemListElement":[{"@type":"ListItem","position":1,"name":"Home","item":"https:\/\/kustavi.fi\/en\/"},{"@type":"ListItem","position":2,"name":"Living and environment","item":"https:\/\/kustavi.fi\/en\/living-and-environment\/"},{"@type":"ListItem","position":3,"name":"Living","item":"https:\/\/kustavi.fi\/en\/asuminen-ja-ymparisto\/asuminen\/"},{"@type":"ListItem","position":4,"name":"Roads and street areas"}]},{"@type":"WebSite","@id":"https:\/\/kustavi.fi\/en\/#website","url":"https:\/\/kustavi.fi\/en\/","name":"Kustavin kunta","description":"Saariston kuningaskunta","publisher":{"@id":"https:\/\/kustavi.fi\/en\/#organization"},"potentialAction":[{"@type":"SearchAction","target":{"@type":"EntryPoint","urlTemplate":"https:\/\/kustavi.fi\/en\/?s={search_term_string}"},"query-input":{"@type":"PropertyValueSpecification","valueRequired":true,"valueName":"search_term_string"}}],"inLanguage":"en-US"},{"@type":"Organization","@id":"https:\/\/kustavi.fi\/en\/#organization","name":"Kustavin kunta","url":"https:\/\/kustavi.fi\/en\/","logo":{"@type":"ImageObject","inLanguage":"en-US","@id":"https:\/\/kustavi.fi\/en\/#\/schema\/logo\/image\/","url":"https:\/\/kustavi.fi\/wp-content\/uploads\/2020\/06\/logo.png","contentUrl":"https:\/\/kustavi.fi\/wp-content\/uploads\/2020\/06\/logo.png","width":400,"height":194,"caption":"Kustavin kunta"},"image":{"@id":"https:\/\/kustavi.fi\/en\/#\/schema\/logo\/image\/"},"sameAs":["https:\/\/www.facebook.com\/kustavi\/","https:\/\/www.instagram.com\/kustavinkunta\/","https:\/\/www.youtube.com\/channel\/UCt3g5LfuUo-6lJjqyZWSFKw"]}]}},"_links":{"self":[{"href":"https:\/\/kustavi.fi\/en\/wp-json\/wp\/v2\/pages\/58570","targetHints":{"allow":["GET"]}}],"collection":[{"href":"https:\/\/kustavi.fi\/en\/wp-json\/wp\/v2\/pages"}],"about":[{"href":"https:\/\/kustavi.fi\/en\/wp-json\/wp\/v2\/types\/page"}],"author":[{"embeddable":true,"href":"https:\/\/kustavi.fi\/en\/wp-json\/wp\/v2\/users\/6"}],"replies":[{"embeddable":true,"href":"https:\/\/kustavi.fi\/en\/wp-json\/wp\/v2\/comments?post=58570"}],"version-history":[{"count":1,"href":"https:\/\/kustavi.fi\/en\/wp-json\/wp\/v2\/pages\/58570\/revisions"}],"predecessor-version":[{"id":58571,"href":"https:\/\/kustavi.fi\/en\/wp-json\/wp\/v2\/pages\/58570\/revisions\/58571"}],"up":[{"embeddable":true,"href":"https:\/\/kustavi.fi\/en\/wp-json\/wp\/v2\/pages\/58560"}],"wp:attachment":[{"href":"https:\/\/kustavi.fi\/en\/wp-json\/wp\/v2\/media?parent=58570"}],"wp:term":[{"taxonomy":"post_tag","embeddable":true,"href":"https:\/\/kustavi.fi\/en\/wp-json\/wp\/v2\/tags?post=58570"}],"curies":[{"name":"wp","href":"https:\/\/api.w.org\/{rel}","templated":true}]}}